{"id":4875,"date":"2021-11-29T10:45:09","date_gmt":"2021-12-03T14:05:04","guid":{"rendered":"https:\/\/sr.oxyen.xyz\/shop\/non class\u00e9\/arabon-elimination-dodeurs-5-l\/"},"modified":"2021-12-03T14:05:04","modified_gmt":"2021-12-03T14:05:04","slug":"arabon-elimination-dodeurs-5-l","status":"publish","type":"product","link":"https:\/\/sr.oxyen.xyz\/fr\/shop\/arabon-fr\/arabon-elimination-dodeurs-5-l\/","title":{"rendered":"AraBon \u00e9limination d&rsquo;odeurs, 5 l"},"content":{"rendered":"<p>AraBon contient des substances actives v\u00e9g\u00e9tales, qui peuvent neutralis\u00e9es imm\u00e9diatement et de fa\u00e7on permanente des odeurs \u00ab\u00a0d\u00e9sagr\u00e9ables\u00a0\u00bb. La combinaison d&rsquo;ingr\u00e9dients actifs garantit que les objets trait\u00e9s (chaussures, v\u00eatements, d\u00e9chets, etc.) sont propres et inoffensifs.<\/p>\n<p>tous les composants sont facilement biod\u00e9gradables (selon l&rsquo;OCDE 302B<br \/>\nle produit a un effet de neutralisation des odeur<br \/>\nle produit ne contient aucune substance critique<br \/>\nle produit n&rsquo;est pas soumis \u00e0 l&rsquo;\u00e9tiquetage<br \/>\nes produit est distribu\u00e9 exclusivement par l&rsquo;interm\u00e9diaire de distributeurs<\/p>\n<p>Tailles disponibles : bo\u00eetes de 20 litres, autres tailles possibles \u00e0 partir d&rsquo;une commande minimale de 100 litres.<\/p>\n<p><a href=\"https:\/\/sr.oxyen.xyz\/wp-content\/uploads\/2021\/11\/AraBon_Sicherheitsdatenblatt_DEUTSCH.pdf\"><span style=\"color: #ff0000;\">Information de s\u00e9curit\u00e9<\/span><\/a><\/p>\n","protected":false},"excerpt":{"rendered":"<p>Produit \u00e0 base de plantes, d\u00e9sinfectant et biod\u00e9gradable<\/p>\n","protected":false},"featured_media":3719,"template":"","meta":{"_et_pb_use_builder":"","_et_pb_old_content":"","_et_gb_content_width":"","_links_to":"","_links_to_target":""},"product_cat":[263],"product_tag":[],"acf":[],"yoast_head":"<!-- This site is optimized with the Yoast SEO plugin v17.7.1 - https:\/\/yoast.com\/wordpress\/plugins\/seo\/ -->\n<title>AraBon \u00e9limination d&#039;odeurs, 5 l - SR GmbH<\/title>\n<meta name=\"robots\" content=\"index, follow, max-snippet:-1, max-image-preview:large, max-video-preview:-1\" \/>\n<link rel=\"canonical\" href=\"https:\/\/sr.oxyen.xyz\/fr\/shop\/arabon-fr\/arabon-elimination-dodeurs-5-l\/\" \/>\n<meta property=\"og:locale\" content=\"fr_FR\" \/>\n<meta property=\"og:type\" content=\"article\" \/>\n<meta property=\"og:title\" content=\"AraBon \u00e9limination d&#039;odeurs, 5 l - SR GmbH\" \/>\n<meta property=\"og:description\" content=\"Produit \u00e0 base de plantes, d\u00e9sinfectant et biod\u00e9gradable\" \/>\n<meta property=\"og:url\" content=\"https:\/\/sr.oxyen.xyz\/fr\/shop\/arabon-fr\/arabon-elimination-dodeurs-5-l\/\" \/>\n<meta property=\"og:site_name\" content=\"SR GmbH\" \/>\n<meta property=\"og:image\" content=\"https:\/\/sr.oxyen.xyz\/wp-content\/uploads\/2021\/11\/csm_105015_AraBon_Konzentrat_96712c62cd.jpg\" \/>\n\t<meta property=\"og:image:width\" content=\"672\" \/>\n\t<meta property=\"og:image:height\" content=\"504\" \/>\n<meta name=\"twitter:card\" content=\"summary_large_image\" \/>\n<meta name=\"twitter:label1\" content=\"Dur\u00e9e de lecture estim\u00e9e\" \/>\n\t<meta name=\"twitter:data1\" content=\"1 minute\" \/>\n<script type=\"application\/ld+json\" class=\"yoast-schema-graph\">{\"@context\":\"https:\/\/schema.org\",\"@graph\":[{\"@type\":\"WebSite\",\"@id\":\"https:\/\/sr.oxyen.xyz\/#website\",\"url\":\"https:\/\/sr.oxyen.xyz\/\",\"name\":\"SR GmbH\",\"description\":\"Just another WordPress site\",\"potentialAction\":[{\"@type\":\"SearchAction\",\"target\":{\"@type\":\"EntryPoint\",\"urlTemplate\":\"https:\/\/sr.oxyen.xyz\/?s={search_term_string}\"},\"query-input\":\"required name=search_term_string\"}],\"inLanguage\":\"fr-FR\"},{\"@type\":\"ImageObject\",\"@id\":\"https:\/\/sr.oxyen.xyz\/fr\/shop\/arabon-fr\/arabon-elimination-dodeurs-5-l\/#primaryimage\",\"inLanguage\":\"fr-FR\",\"url\":\"https:\/\/sr.oxyen.xyz\/wp-content\/uploads\/2021\/11\/csm_105015_AraBon_Konzentrat_96712c62cd.jpg\",\"contentUrl\":\"https:\/\/sr.oxyen.xyz\/wp-content\/uploads\/2021\/11\/csm_105015_AraBon_Konzentrat_96712c62cd.jpg\",\"width\":672,\"height\":504},{\"@type\":\"WebPage\",\"@id\":\"https:\/\/sr.oxyen.xyz\/fr\/shop\/arabon-fr\/arabon-elimination-dodeurs-5-l\/#webpage\",\"url\":\"https:\/\/sr.oxyen.xyz\/fr\/shop\/arabon-fr\/arabon-elimination-dodeurs-5-l\/\",\"name\":\"AraBon \\u00e9limination d'odeurs, 5 l - SR GmbH\",\"isPartOf\":{\"@id\":\"https:\/\/sr.oxyen.xyz\/#website\"},\"primaryImageOfPage\":{\"@id\":\"https:\/\/sr.oxyen.xyz\/fr\/shop\/arabon-fr\/arabon-elimination-dodeurs-5-l\/#primaryimage\"},\"datePublished\":\"2021-12-03T14:05:04+00:00\",\"dateModified\":\"2021-12-03T14:05:04+00:00\",\"breadcrumb\":{\"@id\":\"https:\/\/sr.oxyen.xyz\/fr\/shop\/arabon-fr\/arabon-elimination-dodeurs-5-l\/#breadcrumb\"},\"inLanguage\":\"fr-FR\",\"potentialAction\":[{\"@type\":\"ReadAction\",\"target\":[\"https:\/\/sr.oxyen.xyz\/fr\/shop\/arabon-fr\/arabon-elimination-dodeurs-5-l\/\"]}]},{\"@type\":\"BreadcrumbList\",\"@id\":\"https:\/\/sr.oxyen.xyz\/fr\/shop\/arabon-fr\/arabon-elimination-dodeurs-5-l\/#breadcrumb\",\"itemListElement\":[{\"@type\":\"ListItem\",\"position\":1,\"name\":\"Startseite\",\"item\":\"https:\/\/sr.oxyen.xyz\/fr\/\"},{\"@type\":\"ListItem\",\"position\":2,\"name\":\"Shop\",\"item\":\"https:\/\/sr.oxyen.xyz\/fr\/boutique\/\"},{\"@type\":\"ListItem\",\"position\":3,\"name\":\"AraBon \\u00e9limination d&rsquo;odeurs, 5 l\"}]}]}<\/script>\n<!-- \/ Yoast SEO plugin. -->","yoast_head_json":{"title":"AraBon \u00e9limination d'odeurs, 5 l - SR GmbH","robots":{"index":"index","follow":"follow","max-snippet":"max-snippet:-1","max-image-preview":"max-image-preview:large","max-video-preview":"max-video-preview:-1"},"canonical":"https:\/\/sr.oxyen.xyz\/fr\/shop\/arabon-fr\/arabon-elimination-dodeurs-5-l\/","og_locale":"fr_FR","og_type":"article","og_title":"AraBon \u00e9limination d'odeurs, 5 l - SR GmbH","og_description":"Produit \u00e0 base de plantes, d\u00e9sinfectant et biod\u00e9gradable","og_url":"https:\/\/sr.oxyen.xyz\/fr\/shop\/arabon-fr\/arabon-elimination-dodeurs-5-l\/","og_site_name":"SR GmbH","og_image":[{"width":672,"height":504,"url":"https:\/\/sr.oxyen.xyz\/wp-content\/uploads\/2021\/11\/csm_105015_AraBon_Konzentrat_96712c62cd.jpg","type":"image\/jpeg"}],"twitter_card":"summary_large_image","twitter_misc":{"Dur\u00e9e de lecture estim\u00e9e":"1 minute"},"schema":{"@context":"https:\/\/schema.org","@graph":[{"@type":"WebSite","@id":"https:\/\/sr.oxyen.xyz\/#website","url":"https:\/\/sr.oxyen.xyz\/","name":"SR GmbH","description":"Just another WordPress site","potentialAction":[{"@type":"SearchAction","target":{"@type":"EntryPoint","urlTemplate":"https:\/\/sr.oxyen.xyz\/?s={search_term_string}"},"query-input":"required name=search_term_string"}],"inLanguage":"fr-FR"},{"@type":"ImageObject","@id":"https:\/\/sr.oxyen.xyz\/fr\/shop\/arabon-fr\/arabon-elimination-dodeurs-5-l\/#primaryimage","inLanguage":"fr-FR","url":"https:\/\/sr.oxyen.xyz\/wp-content\/uploads\/2021\/11\/csm_105015_AraBon_Konzentrat_96712c62cd.jpg","contentUrl":"https:\/\/sr.oxyen.xyz\/wp-content\/uploads\/2021\/11\/csm_105015_AraBon_Konzentrat_96712c62cd.jpg","width":672,"height":504},{"@type":"WebPage","@id":"https:\/\/sr.oxyen.xyz\/fr\/shop\/arabon-fr\/arabon-elimination-dodeurs-5-l\/#webpage","url":"https:\/\/sr.oxyen.xyz\/fr\/shop\/arabon-fr\/arabon-elimination-dodeurs-5-l\/","name":"AraBon \u00e9limination d'odeurs, 5 l - SR GmbH","isPartOf":{"@id":"https:\/\/sr.oxyen.xyz\/#website"},"primaryImageOfPage":{"@id":"https:\/\/sr.oxyen.xyz\/fr\/shop\/arabon-fr\/arabon-elimination-dodeurs-5-l\/#primaryimage"},"datePublished":"2021-12-03T14:05:04+00:00","dateModified":"2021-12-03T14:05:04+00:00","breadcrumb":{"@id":"https:\/\/sr.oxyen.xyz\/fr\/shop\/arabon-fr\/arabon-elimination-dodeurs-5-l\/#breadcrumb"},"inLanguage":"fr-FR","potentialAction":[{"@type":"ReadAction","target":["https:\/\/sr.oxyen.xyz\/fr\/shop\/arabon-fr\/arabon-elimination-dodeurs-5-l\/"]}]},{"@type":"BreadcrumbList","@id":"https:\/\/sr.oxyen.xyz\/fr\/shop\/arabon-fr\/arabon-elimination-dodeurs-5-l\/#breadcrumb","itemListElement":[{"@type":"ListItem","position":1,"name":"Startseite","item":"https:\/\/sr.oxyen.xyz\/fr\/"},{"@type":"ListItem","position":2,"name":"Shop","item":"https:\/\/sr.oxyen.xyz\/fr\/boutique\/"},{"@type":"ListItem","position":3,"name":"AraBon \u00e9limination d&rsquo;odeurs, 5 l"}]}]}},"_links":{"self":[{"href":"https:\/\/sr.oxyen.xyz\/fr\/wp-json\/wp\/v2\/product\/4875"}],"collection":[{"href":"https:\/\/sr.oxyen.xyz\/fr\/wp-json\/wp\/v2\/product"}],"about":[{"href":"https:\/\/sr.oxyen.xyz\/fr\/wp-json\/wp\/v2\/types\/product"}],"wp:featuredmedia":[{"embeddable":true,"href":"https:\/\/sr.oxyen.xyz\/fr\/wp-json\/wp\/v2\/media\/3719"}],"wp:attachment":[{"href":"https:\/\/sr.oxyen.xyz\/fr\/wp-json\/wp\/v2\/media?parent=4875"}],"wp:term":[{"taxonomy":"product_cat","embeddable":true,"href":"https:\/\/sr.oxyen.xyz\/fr\/wp-json\/wp\/v2\/product_cat?post=4875"},{"taxonomy":"product_tag","embeddable":true,"href":"https:\/\/sr.oxyen.xyz\/fr\/wp-json\/wp\/v2\/product_tag?post=4875"}],"curies":[{"name":"wp","href":"https:\/\/api.w.org\/{rel}","templated":true}]}}