{"id":3713,"date":"2021-11-29T10:43:38","date_gmt":"2021-11-29T10:43:38","guid":{"rendered":"https:\/\/sr.oxyen.xyz\/?post_type=product&#038;p=3713"},"modified":"2021-11-29T16:24:14","modified_gmt":"2021-11-29T16:24:14","slug":"arabon-kanister-a-20-liter","status":"publish","type":"product","link":"https:\/\/sr.oxyen.xyz\/fr\/shop\/arabon-fr\/arabon-kanister-a-20-liter\/","title":{"rendered":"Arabon Kanister \u00e0 20 Liter"},"content":{"rendered":"<p>AraBon enth\u00e4lt nebst anderem pflanzlichen Wirkstoffe die in der Lage sind \u00ab\u00a0unangenehme\u00a0\u00bb Ger\u00fcche sofort und anhaltend zu neutralisieren. Die Wirkstoffkombination sorgt f\u00fcr eine unsch\u00e4dliche Sauberkeit der behandelten Gegenst\u00e4nde (Schuhe, Kleider, Kehricht, etc.).<\/p>\n<ul>\n<li>alle Komponenten sind leicht biologisch abbaubar (gem\u00e4ss OECD 302B)<\/li>\n<li>wirkt geruchsneutralisierend<\/li>\n<li>enth\u00e4lt keine kritischen Stoffe<\/li>\n<li>ist nicht kennzeichnungspflichtig<\/li>\n<li>wird exklusiv \u00fcber Distributoren vertrieben<\/li>\n<\/ul>\n<p>Erh\u00e4ltliche Gr\u00f6ssen: \u00a020 Liter Kanister, andere Gr\u00f6sseneinheiten m\u00f6glich ab einer Abnahme von 100 Liter<\/p>\n<p><a href=\"https:\/\/sr.oxyen.xyz\/wp-content\/uploads\/2021\/11\/AraBon_Sicherheitsdatenblatt_DEUTSCH.pdf\" rel=\"noopener noreferrer\"><span style=\"color: #ff0000;\">Sicherheits-Datenblatt<\/span><\/a><\/p>\n","protected":false},"excerpt":{"rendered":"<p>Die Geruchseliminierung bei der Anwendung von AraBon\u00ae zeigt sofortige Wirkung<\/p>\n","protected":false},"featured_media":3717,"template":"","meta":{"_et_pb_use_builder":"","_et_pb_old_content":"","_et_gb_content_width":"","_links_to":"","_links_to_target":""},"product_cat":[263],"product_tag":[],"acf":[],"yoast_head":"<!-- This site is optimized with the Yoast SEO plugin v17.7.1 - https:\/\/yoast.com\/wordpress\/plugins\/seo\/ -->\n<title>Arabon Kanister \u00e0 20 Liter - SR GmbH<\/title>\n<meta name=\"robots\" content=\"index, follow, max-snippet:-1, max-image-preview:large, max-video-preview:-1\" \/>\n<link rel=\"canonical\" href=\"https:\/\/sr.oxyen.xyz\/fr\/shop\/arabon-fr\/arabon-kanister-a-20-liter\/\" \/>\n<meta property=\"og:locale\" content=\"fr_FR\" \/>\n<meta property=\"og:type\" content=\"article\" \/>\n<meta property=\"og:title\" content=\"Arabon Kanister \u00e0 20 Liter - SR GmbH\" \/>\n<meta property=\"og:description\" content=\"Die Geruchseliminierung bei der Anwendung von AraBon\u00ae zeigt sofortige Wirkung\" \/>\n<meta property=\"og:url\" content=\"https:\/\/sr.oxyen.xyz\/fr\/shop\/arabon-fr\/arabon-kanister-a-20-liter\/\" \/>\n<meta property=\"og:site_name\" content=\"SR GmbH\" \/>\n<meta property=\"article:modified_time\" content=\"2021-11-29T16:24:14+00:00\" \/>\n<meta property=\"og:image\" content=\"https:\/\/sr.oxyen.xyz\/wp-content\/uploads\/2021\/11\/csm_105015_AraBon_Konzentrat_96712c62cd.jpg\" \/>\n\t<meta property=\"og:image:width\" content=\"672\" \/>\n\t<meta property=\"og:image:height\" content=\"504\" \/>\n<meta name=\"twitter:card\" content=\"summary_large_image\" \/>\n<script type=\"application\/ld+json\" class=\"yoast-schema-graph\">{\"@context\":\"https:\/\/schema.org\",\"@graph\":[{\"@type\":\"WebSite\",\"@id\":\"https:\/\/sr.oxyen.xyz\/#website\",\"url\":\"https:\/\/sr.oxyen.xyz\/\",\"name\":\"SR GmbH\",\"description\":\"Just another WordPress site\",\"potentialAction\":[{\"@type\":\"SearchAction\",\"target\":{\"@type\":\"EntryPoint\",\"urlTemplate\":\"https:\/\/sr.oxyen.xyz\/?s={search_term_string}\"},\"query-input\":\"required name=search_term_string\"}],\"inLanguage\":\"fr-FR\"},{\"@type\":\"ImageObject\",\"@id\":\"https:\/\/sr.oxyen.xyz\/fr\/shop\/arabon-fr\/arabon-kanister-a-20-liter\/#primaryimage\",\"inLanguage\":\"fr-FR\",\"url\":\"https:\/\/sr.oxyen.xyz\/wp-content\/uploads\/2021\/11\/csm_105015_AraBon_Konzentrat_96712c62cd.jpg\",\"contentUrl\":\"https:\/\/sr.oxyen.xyz\/wp-content\/uploads\/2021\/11\/csm_105015_AraBon_Konzentrat_96712c62cd.jpg\",\"width\":672,\"height\":504},{\"@type\":\"WebPage\",\"@id\":\"https:\/\/sr.oxyen.xyz\/fr\/shop\/arabon-fr\/arabon-kanister-a-20-liter\/#webpage\",\"url\":\"https:\/\/sr.oxyen.xyz\/fr\/shop\/arabon-fr\/arabon-kanister-a-20-liter\/\",\"name\":\"Arabon Kanister \\u00e0 20 Liter - SR GmbH\",\"isPartOf\":{\"@id\":\"https:\/\/sr.oxyen.xyz\/#website\"},\"primaryImageOfPage\":{\"@id\":\"https:\/\/sr.oxyen.xyz\/fr\/shop\/arabon-fr\/arabon-kanister-a-20-liter\/#primaryimage\"},\"datePublished\":\"2021-11-29T10:43:38+00:00\",\"dateModified\":\"2021-11-29T16:24:14+00:00\",\"breadcrumb\":{\"@id\":\"https:\/\/sr.oxyen.xyz\/fr\/shop\/arabon-fr\/arabon-kanister-a-20-liter\/#breadcrumb\"},\"inLanguage\":\"fr-FR\",\"potentialAction\":[{\"@type\":\"ReadAction\",\"target\":[\"https:\/\/sr.oxyen.xyz\/fr\/shop\/arabon-fr\/arabon-kanister-a-20-liter\/\"]}]},{\"@type\":\"BreadcrumbList\",\"@id\":\"https:\/\/sr.oxyen.xyz\/fr\/shop\/arabon-fr\/arabon-kanister-a-20-liter\/#breadcrumb\",\"itemListElement\":[{\"@type\":\"ListItem\",\"position\":1,\"name\":\"Startseite\",\"item\":\"https:\/\/sr.oxyen.xyz\/fr\/\"},{\"@type\":\"ListItem\",\"position\":2,\"name\":\"Shop\",\"item\":\"https:\/\/sr.oxyen.xyz\/fr\/boutique\/\"},{\"@type\":\"ListItem\",\"position\":3,\"name\":\"Arabon Kanister \\u00e0 20 Liter\"}]}]}<\/script>\n<!-- \/ Yoast SEO plugin. -->","yoast_head_json":{"title":"Arabon Kanister \u00e0 20 Liter - SR GmbH","robots":{"index":"index","follow":"follow","max-snippet":"max-snippet:-1","max-image-preview":"max-image-preview:large","max-video-preview":"max-video-preview:-1"},"canonical":"https:\/\/sr.oxyen.xyz\/fr\/shop\/arabon-fr\/arabon-kanister-a-20-liter\/","og_locale":"fr_FR","og_type":"article","og_title":"Arabon Kanister \u00e0 20 Liter - SR GmbH","og_description":"Die Geruchseliminierung bei der Anwendung von AraBon\u00ae zeigt sofortige Wirkung","og_url":"https:\/\/sr.oxyen.xyz\/fr\/shop\/arabon-fr\/arabon-kanister-a-20-liter\/","og_site_name":"SR GmbH","article_modified_time":"2021-11-29T16:24:14+00:00","og_image":[{"width":672,"height":504,"url":"https:\/\/sr.oxyen.xyz\/wp-content\/uploads\/2021\/11\/csm_105015_AraBon_Konzentrat_96712c62cd.jpg","type":"image\/jpeg"}],"twitter_card":"summary_large_image","schema":{"@context":"https:\/\/schema.org","@graph":[{"@type":"WebSite","@id":"https:\/\/sr.oxyen.xyz\/#website","url":"https:\/\/sr.oxyen.xyz\/","name":"SR GmbH","description":"Just another WordPress site","potentialAction":[{"@type":"SearchAction","target":{"@type":"EntryPoint","urlTemplate":"https:\/\/sr.oxyen.xyz\/?s={search_term_string}"},"query-input":"required name=search_term_string"}],"inLanguage":"fr-FR"},{"@type":"ImageObject","@id":"https:\/\/sr.oxyen.xyz\/fr\/shop\/arabon-fr\/arabon-kanister-a-20-liter\/#primaryimage","inLanguage":"fr-FR","url":"https:\/\/sr.oxyen.xyz\/wp-content\/uploads\/2021\/11\/csm_105015_AraBon_Konzentrat_96712c62cd.jpg","contentUrl":"https:\/\/sr.oxyen.xyz\/wp-content\/uploads\/2021\/11\/csm_105015_AraBon_Konzentrat_96712c62cd.jpg","width":672,"height":504},{"@type":"WebPage","@id":"https:\/\/sr.oxyen.xyz\/fr\/shop\/arabon-fr\/arabon-kanister-a-20-liter\/#webpage","url":"https:\/\/sr.oxyen.xyz\/fr\/shop\/arabon-fr\/arabon-kanister-a-20-liter\/","name":"Arabon Kanister \u00e0 20 Liter - SR GmbH","isPartOf":{"@id":"https:\/\/sr.oxyen.xyz\/#website"},"primaryImageOfPage":{"@id":"https:\/\/sr.oxyen.xyz\/fr\/shop\/arabon-fr\/arabon-kanister-a-20-liter\/#primaryimage"},"datePublished":"2021-11-29T10:43:38+00:00","dateModified":"2021-11-29T16:24:14+00:00","breadcrumb":{"@id":"https:\/\/sr.oxyen.xyz\/fr\/shop\/arabon-fr\/arabon-kanister-a-20-liter\/#breadcrumb"},"inLanguage":"fr-FR","potentialAction":[{"@type":"ReadAction","target":["https:\/\/sr.oxyen.xyz\/fr\/shop\/arabon-fr\/arabon-kanister-a-20-liter\/"]}]},{"@type":"BreadcrumbList","@id":"https:\/\/sr.oxyen.xyz\/fr\/shop\/arabon-fr\/arabon-kanister-a-20-liter\/#breadcrumb","itemListElement":[{"@type":"ListItem","position":1,"name":"Startseite","item":"https:\/\/sr.oxyen.xyz\/fr\/"},{"@type":"ListItem","position":2,"name":"Shop","item":"https:\/\/sr.oxyen.xyz\/fr\/boutique\/"},{"@type":"ListItem","position":3,"name":"Arabon Kanister \u00e0 20 Liter"}]}]}},"_links":{"self":[{"href":"https:\/\/sr.oxyen.xyz\/fr\/wp-json\/wp\/v2\/product\/3713"}],"collection":[{"href":"https:\/\/sr.oxyen.xyz\/fr\/wp-json\/wp\/v2\/product"}],"about":[{"href":"https:\/\/sr.oxyen.xyz\/fr\/wp-json\/wp\/v2\/types\/product"}],"wp:featuredmedia":[{"embeddable":true,"href":"https:\/\/sr.oxyen.xyz\/fr\/wp-json\/wp\/v2\/media\/3717"}],"wp:attachment":[{"href":"https:\/\/sr.oxyen.xyz\/fr\/wp-json\/wp\/v2\/media?parent=3713"}],"wp:term":[{"taxonomy":"product_cat","embeddable":true,"href":"https:\/\/sr.oxyen.xyz\/fr\/wp-json\/wp\/v2\/product_cat?post=3713"},{"taxonomy":"product_tag","embeddable":true,"href":"https:\/\/sr.oxyen.xyz\/fr\/wp-json\/wp\/v2\/product_tag?post=3713"}],"curies":[{"name":"wp","href":"https:\/\/api.w.org\/{rel}","templated":true}]}}