{"id":3654,"date":"2021-11-29T10:26:11","date_gmt":"2021-11-29T10:26:11","guid":{"rendered":"https:\/\/sr.oxyen.xyz\/?post_type=product&#038;p=3654"},"modified":"2021-12-09T16:13:59","modified_gmt":"2021-12-09T16:13:59","slug":"samsung-monitor-24","status":"publish","type":"product","link":"https:\/\/sr.oxyen.xyz\/fr\/shop\/peripherie\/monitore-und-kundenanzeigen\/samsung-monitor-24\/","title":{"rendered":"Samsung Monitor 24"},"content":{"rendered":"<p>Displaygr\u00f6\u00dfe: 61 cm (24&Prime;) | Farbe: Schwarz | Signaleingang: HDMI (digital), VGA |<\/p>\n<p>Physikalische Aufl\u00f6sung: 1.920 x 1.080 | Seitenverh\u00e4ltnis: 16:9<\/p>\n","protected":false},"excerpt":{"rendered":"<p>Definieren Sie Ihren Wohnraum mit einem schicken, neuen Design, das durch schmale Blenden und weiches, blaues Licht unterstrichen wird.<br \/>\nBrillante Bildqualit\u00e4t f\u00fcr optimalen Sehgenuss.<br \/>\nAngenehm f\u00fcr die Augen f\u00fcr ein komfortableres Seherlebnis.<\/p>\n","protected":false},"featured_media":4960,"template":"","meta":{"_et_pb_use_builder":"","_et_pb_old_content":"","_et_gb_content_width":"","_links_to":"","_links_to_target":""},"product_cat":[198],"product_tag":[],"acf":[],"yoast_head":"<!-- This site is optimized with the Yoast SEO plugin v17.7.1 - https:\/\/yoast.com\/wordpress\/plugins\/seo\/ -->\n<title>Samsung Monitor 24 - SR GmbH<\/title>\n<meta name=\"robots\" content=\"index, follow, max-snippet:-1, max-image-preview:large, max-video-preview:-1\" \/>\n<link rel=\"canonical\" href=\"https:\/\/sr.oxyen.xyz\/fr\/shop\/peripherie\/monitore-und-kundenanzeigen\/samsung-monitor-24\/\" \/>\n<meta property=\"og:locale\" content=\"fr_FR\" \/>\n<meta property=\"og:type\" content=\"article\" \/>\n<meta property=\"og:title\" content=\"Samsung Monitor 24 - SR GmbH\" \/>\n<meta property=\"og:description\" content=\"Definieren Sie Ihren Wohnraum mit einem schicken, neuen Design, das durch schmale Blenden und weiches, blaues Licht unterstrichen wird. Brillante Bildqualit\u00e4t f\u00fcr optimalen Sehgenuss. Angenehm f\u00fcr die Augen f\u00fcr ein komfortableres Seherlebnis.\" \/>\n<meta property=\"og:url\" content=\"https:\/\/sr.oxyen.xyz\/fr\/shop\/peripherie\/monitore-und-kundenanzeigen\/samsung-monitor-24\/\" \/>\n<meta property=\"og:site_name\" content=\"SR GmbH\" \/>\n<meta property=\"article:modified_time\" content=\"2021-12-09T16:13:59+00:00\" \/>\n<meta property=\"og:image\" content=\"https:\/\/sr.oxyen.xyz\/wp-content\/uploads\/2021\/11\/IMG_20211206_141247-scaled.jpg\" \/>\n\t<meta property=\"og:image:width\" content=\"2560\" \/>\n\t<meta property=\"og:image:height\" content=\"2560\" \/>\n<meta name=\"twitter:card\" content=\"summary_large_image\" \/>\n<script type=\"application\/ld+json\" class=\"yoast-schema-graph\">{\"@context\":\"https:\/\/schema.org\",\"@graph\":[{\"@type\":\"WebSite\",\"@id\":\"https:\/\/sr.oxyen.xyz\/#website\",\"url\":\"https:\/\/sr.oxyen.xyz\/\",\"name\":\"SR GmbH\",\"description\":\"Just another WordPress site\",\"potentialAction\":[{\"@type\":\"SearchAction\",\"target\":{\"@type\":\"EntryPoint\",\"urlTemplate\":\"https:\/\/sr.oxyen.xyz\/?s={search_term_string}\"},\"query-input\":\"required name=search_term_string\"}],\"inLanguage\":\"fr-FR\"},{\"@type\":\"ImageObject\",\"@id\":\"https:\/\/sr.oxyen.xyz\/fr\/shop\/peripherie\/monitore-und-kundenanzeigen\/samsung-monitor-24\/#primaryimage\",\"inLanguage\":\"fr-FR\",\"url\":\"https:\/\/sr.oxyen.xyz\/wp-content\/uploads\/2021\/11\/IMG_20211206_141247-scaled.jpg\",\"contentUrl\":\"https:\/\/sr.oxyen.xyz\/wp-content\/uploads\/2021\/11\/IMG_20211206_141247-scaled.jpg\",\"width\":2560,\"height\":2560},{\"@type\":\"WebPage\",\"@id\":\"https:\/\/sr.oxyen.xyz\/fr\/shop\/peripherie\/monitore-und-kundenanzeigen\/samsung-monitor-24\/#webpage\",\"url\":\"https:\/\/sr.oxyen.xyz\/fr\/shop\/peripherie\/monitore-und-kundenanzeigen\/samsung-monitor-24\/\",\"name\":\"Samsung Monitor 24 - SR GmbH\",\"isPartOf\":{\"@id\":\"https:\/\/sr.oxyen.xyz\/#website\"},\"primaryImageOfPage\":{\"@id\":\"https:\/\/sr.oxyen.xyz\/fr\/shop\/peripherie\/monitore-und-kundenanzeigen\/samsung-monitor-24\/#primaryimage\"},\"datePublished\":\"2021-11-29T10:26:11+00:00\",\"dateModified\":\"2021-12-09T16:13:59+00:00\",\"breadcrumb\":{\"@id\":\"https:\/\/sr.oxyen.xyz\/fr\/shop\/peripherie\/monitore-und-kundenanzeigen\/samsung-monitor-24\/#breadcrumb\"},\"inLanguage\":\"fr-FR\",\"potentialAction\":[{\"@type\":\"ReadAction\",\"target\":[\"https:\/\/sr.oxyen.xyz\/fr\/shop\/peripherie\/monitore-und-kundenanzeigen\/samsung-monitor-24\/\"]}]},{\"@type\":\"BreadcrumbList\",\"@id\":\"https:\/\/sr.oxyen.xyz\/fr\/shop\/peripherie\/monitore-und-kundenanzeigen\/samsung-monitor-24\/#breadcrumb\",\"itemListElement\":[{\"@type\":\"ListItem\",\"position\":1,\"name\":\"Startseite\",\"item\":\"https:\/\/sr.oxyen.xyz\/fr\/\"},{\"@type\":\"ListItem\",\"position\":2,\"name\":\"Shop\",\"item\":\"https:\/\/sr.oxyen.xyz\/fr\/boutique\/\"},{\"@type\":\"ListItem\",\"position\":3,\"name\":\"Samsung Monitor 24\"}]}]}<\/script>\n<!-- \/ Yoast SEO plugin. -->","yoast_head_json":{"title":"Samsung Monitor 24 - SR GmbH","robots":{"index":"index","follow":"follow","max-snippet":"max-snippet:-1","max-image-preview":"max-image-preview:large","max-video-preview":"max-video-preview:-1"},"canonical":"https:\/\/sr.oxyen.xyz\/fr\/shop\/peripherie\/monitore-und-kundenanzeigen\/samsung-monitor-24\/","og_locale":"fr_FR","og_type":"article","og_title":"Samsung Monitor 24 - SR GmbH","og_description":"Definieren Sie Ihren Wohnraum mit einem schicken, neuen Design, das durch schmale Blenden und weiches, blaues Licht unterstrichen wird. Brillante Bildqualit\u00e4t f\u00fcr optimalen Sehgenuss. Angenehm f\u00fcr die Augen f\u00fcr ein komfortableres Seherlebnis.","og_url":"https:\/\/sr.oxyen.xyz\/fr\/shop\/peripherie\/monitore-und-kundenanzeigen\/samsung-monitor-24\/","og_site_name":"SR GmbH","article_modified_time":"2021-12-09T16:13:59+00:00","og_image":[{"width":2560,"height":2560,"url":"https:\/\/sr.oxyen.xyz\/wp-content\/uploads\/2021\/11\/IMG_20211206_141247-scaled.jpg","type":"image\/jpeg"}],"twitter_card":"summary_large_image","schema":{"@context":"https:\/\/schema.org","@graph":[{"@type":"WebSite","@id":"https:\/\/sr.oxyen.xyz\/#website","url":"https:\/\/sr.oxyen.xyz\/","name":"SR GmbH","description":"Just another WordPress site","potentialAction":[{"@type":"SearchAction","target":{"@type":"EntryPoint","urlTemplate":"https:\/\/sr.oxyen.xyz\/?s={search_term_string}"},"query-input":"required name=search_term_string"}],"inLanguage":"fr-FR"},{"@type":"ImageObject","@id":"https:\/\/sr.oxyen.xyz\/fr\/shop\/peripherie\/monitore-und-kundenanzeigen\/samsung-monitor-24\/#primaryimage","inLanguage":"fr-FR","url":"https:\/\/sr.oxyen.xyz\/wp-content\/uploads\/2021\/11\/IMG_20211206_141247-scaled.jpg","contentUrl":"https:\/\/sr.oxyen.xyz\/wp-content\/uploads\/2021\/11\/IMG_20211206_141247-scaled.jpg","width":2560,"height":2560},{"@type":"WebPage","@id":"https:\/\/sr.oxyen.xyz\/fr\/shop\/peripherie\/monitore-und-kundenanzeigen\/samsung-monitor-24\/#webpage","url":"https:\/\/sr.oxyen.xyz\/fr\/shop\/peripherie\/monitore-und-kundenanzeigen\/samsung-monitor-24\/","name":"Samsung Monitor 24 - SR GmbH","isPartOf":{"@id":"https:\/\/sr.oxyen.xyz\/#website"},"primaryImageOfPage":{"@id":"https:\/\/sr.oxyen.xyz\/fr\/shop\/peripherie\/monitore-und-kundenanzeigen\/samsung-monitor-24\/#primaryimage"},"datePublished":"2021-11-29T10:26:11+00:00","dateModified":"2021-12-09T16:13:59+00:00","breadcrumb":{"@id":"https:\/\/sr.oxyen.xyz\/fr\/shop\/peripherie\/monitore-und-kundenanzeigen\/samsung-monitor-24\/#breadcrumb"},"inLanguage":"fr-FR","potentialAction":[{"@type":"ReadAction","target":["https:\/\/sr.oxyen.xyz\/fr\/shop\/peripherie\/monitore-und-kundenanzeigen\/samsung-monitor-24\/"]}]},{"@type":"BreadcrumbList","@id":"https:\/\/sr.oxyen.xyz\/fr\/shop\/peripherie\/monitore-und-kundenanzeigen\/samsung-monitor-24\/#breadcrumb","itemListElement":[{"@type":"ListItem","position":1,"name":"Startseite","item":"https:\/\/sr.oxyen.xyz\/fr\/"},{"@type":"ListItem","position":2,"name":"Shop","item":"https:\/\/sr.oxyen.xyz\/fr\/boutique\/"},{"@type":"ListItem","position":3,"name":"Samsung Monitor 24"}]}]}},"_links":{"self":[{"href":"https:\/\/sr.oxyen.xyz\/fr\/wp-json\/wp\/v2\/product\/3654"}],"collection":[{"href":"https:\/\/sr.oxyen.xyz\/fr\/wp-json\/wp\/v2\/product"}],"about":[{"href":"https:\/\/sr.oxyen.xyz\/fr\/wp-json\/wp\/v2\/types\/product"}],"wp:featuredmedia":[{"embeddable":true,"href":"https:\/\/sr.oxyen.xyz\/fr\/wp-json\/wp\/v2\/media\/4960"}],"wp:attachment":[{"href":"https:\/\/sr.oxyen.xyz\/fr\/wp-json\/wp\/v2\/media?parent=3654"}],"wp:term":[{"taxonomy":"product_cat","embeddable":true,"href":"https:\/\/sr.oxyen.xyz\/fr\/wp-json\/wp\/v2\/product_cat?post=3654"},{"taxonomy":"product_tag","embeddable":true,"href":"https:\/\/sr.oxyen.xyz\/fr\/wp-json\/wp\/v2\/product_tag?post=3654"}],"curies":[{"name":"wp","href":"https:\/\/api.w.org\/{rel}","templated":true}]}}