{"id":2781,"date":"2021-11-23T15:12:32","date_gmt":"2021-11-23T15:12:32","guid":{"rendered":"https:\/\/sr.oxyen.xyz\/?post_type=product&#038;p=2781"},"modified":"2021-11-26T07:42:46","modified_gmt":"2021-11-26T07:42:46","slug":"pro-glove-kit","status":"publish","type":"product","link":"https:\/\/sr.oxyen.xyz\/fr\/shop\/peripherie\/barcode-scanner\/pro-glove-kit\/","title":{"rendered":"Pro Glove Kit"},"content":{"rendered":"<p>Mark 2 Standard Range Scanner<br \/>\n&#8211; 1D und 2D Barcode Scanner (10-80 cm)<br \/>\n&#8211; \u00dcbertragungsfeedback (akustisch, optisch, haptisch)<br \/>\n&#8211; Kabellose \u00dcbertragung (868 MHz, Bluetooth Low Energy)<br \/>\n&#8211; Akkulaufzeit f\u00fcr bis zu 6&rsquo;000 Scans<br \/>\n&#8211; 40 Gramm<br \/>\n&#8211; Bidirektionale Kommunikation<br \/>\n&#8211; Wireless Firmware Update<\/p>\n<p>Manschette f\u00fcr Index-Trigger<br \/>\n&#8211; Pack mit 3 St\u00fcck, Pack mit 10 St\u00fcck auf Anfrage<br \/>\n&#8211; Fixierclip<br \/>\n&#8211; rechts- oder linksh\u00e4ndig erh\u00e4ltlich<br \/>\n&#8211; Gr\u00f6ssen S, M und L verf\u00fcgbar<br \/>\n&#8211; Gr\u00f6ssenanpassung mit Klettverschluss m\u00f6glich<br \/>\n&#8211; kann mit und ohne Handschuh verwendet werden<\/p>\n<p>Access Point Bundle USB<br \/>\n&#8211; f\u00fcr 868 MHz Datentransfer mit USB Kabel<\/p>\n<p>Charging Station<br \/>\n&#8211; Ladestation f\u00fcr Mark 2 Standard Range (l\u00e4dt 2 St\u00fcck)<br \/>\n&#8211; USB-C Kabel<\/p>\n","protected":false},"excerpt":{"rendered":"<p>Komplett-Set f\u00fcr den fertigen Einsatz des ProGlove<\/p>\n","protected":false},"featured_media":2782,"template":"","meta":{"_et_pb_use_builder":"","_et_pb_old_content":"","_et_gb_content_width":"","_links_to":"","_links_to_target":""},"product_cat":[186],"product_tag":[],"acf":[],"yoast_head":"<!-- This site is optimized with the Yoast SEO plugin v17.7.1 - https:\/\/yoast.com\/wordpress\/plugins\/seo\/ -->\n<title>Pro Glove Kit - SR GmbH<\/title>\n<meta name=\"robots\" content=\"index, follow, max-snippet:-1, max-image-preview:large, max-video-preview:-1\" \/>\n<link rel=\"canonical\" href=\"https:\/\/sr.oxyen.xyz\/fr\/shop\/peripherie\/barcode-scanner\/pro-glove-kit\/\" \/>\n<meta property=\"og:locale\" content=\"fr_FR\" \/>\n<meta property=\"og:type\" content=\"article\" \/>\n<meta property=\"og:title\" content=\"Pro Glove Kit - SR GmbH\" \/>\n<meta property=\"og:description\" content=\"Komplett-Set f\u00fcr den fertigen Einsatz des ProGlove\" \/>\n<meta property=\"og:url\" content=\"https:\/\/sr.oxyen.xyz\/fr\/shop\/peripherie\/barcode-scanner\/pro-glove-kit\/\" \/>\n<meta property=\"og:site_name\" content=\"SR GmbH\" \/>\n<meta property=\"article:modified_time\" content=\"2021-11-26T07:42:46+00:00\" \/>\n<meta property=\"og:image\" content=\"https:\/\/sr.oxyen.xyz\/wp-content\/uploads\/2021\/11\/ProGlove_Hand1.jpeg\" \/>\n\t<meta property=\"og:image:width\" content=\"320\" \/>\n\t<meta property=\"og:image:height\" content=\"254\" \/>\n<meta name=\"twitter:card\" content=\"summary_large_image\" \/>\n<meta name=\"twitter:label1\" content=\"Dur\u00e9e de lecture estim\u00e9e\" \/>\n\t<meta name=\"twitter:data1\" content=\"1 minute\" \/>\n<script type=\"application\/ld+json\" class=\"yoast-schema-graph\">{\"@context\":\"https:\/\/schema.org\",\"@graph\":[{\"@type\":\"WebSite\",\"@id\":\"https:\/\/sr.oxyen.xyz\/#website\",\"url\":\"https:\/\/sr.oxyen.xyz\/\",\"name\":\"SR GmbH\",\"description\":\"Just another WordPress site\",\"potentialAction\":[{\"@type\":\"SearchAction\",\"target\":{\"@type\":\"EntryPoint\",\"urlTemplate\":\"https:\/\/sr.oxyen.xyz\/?s={search_term_string}\"},\"query-input\":\"required name=search_term_string\"}],\"inLanguage\":\"fr-FR\"},{\"@type\":\"ImageObject\",\"@id\":\"https:\/\/sr.oxyen.xyz\/fr\/shop\/peripherie\/barcode-scanner\/pro-glove-kit\/#primaryimage\",\"inLanguage\":\"fr-FR\",\"url\":\"https:\/\/sr.oxyen.xyz\/wp-content\/uploads\/2021\/11\/ProGlove_Hand1.jpeg\",\"contentUrl\":\"https:\/\/sr.oxyen.xyz\/wp-content\/uploads\/2021\/11\/ProGlove_Hand1.jpeg\",\"width\":320,\"height\":254},{\"@type\":\"WebPage\",\"@id\":\"https:\/\/sr.oxyen.xyz\/fr\/shop\/peripherie\/barcode-scanner\/pro-glove-kit\/#webpage\",\"url\":\"https:\/\/sr.oxyen.xyz\/fr\/shop\/peripherie\/barcode-scanner\/pro-glove-kit\/\",\"name\":\"Pro Glove Kit - SR GmbH\",\"isPartOf\":{\"@id\":\"https:\/\/sr.oxyen.xyz\/#website\"},\"primaryImageOfPage\":{\"@id\":\"https:\/\/sr.oxyen.xyz\/fr\/shop\/peripherie\/barcode-scanner\/pro-glove-kit\/#primaryimage\"},\"datePublished\":\"2021-11-23T15:12:32+00:00\",\"dateModified\":\"2021-11-26T07:42:46+00:00\",\"breadcrumb\":{\"@id\":\"https:\/\/sr.oxyen.xyz\/fr\/shop\/peripherie\/barcode-scanner\/pro-glove-kit\/#breadcrumb\"},\"inLanguage\":\"fr-FR\",\"potentialAction\":[{\"@type\":\"ReadAction\",\"target\":[\"https:\/\/sr.oxyen.xyz\/fr\/shop\/peripherie\/barcode-scanner\/pro-glove-kit\/\"]}]},{\"@type\":\"BreadcrumbList\",\"@id\":\"https:\/\/sr.oxyen.xyz\/fr\/shop\/peripherie\/barcode-scanner\/pro-glove-kit\/#breadcrumb\",\"itemListElement\":[{\"@type\":\"ListItem\",\"position\":1,\"name\":\"Startseite\",\"item\":\"https:\/\/sr.oxyen.xyz\/fr\/\"},{\"@type\":\"ListItem\",\"position\":2,\"name\":\"Shop\",\"item\":\"https:\/\/sr.oxyen.xyz\/fr\/boutique\/\"},{\"@type\":\"ListItem\",\"position\":3,\"name\":\"Pro Glove Kit\"}]}]}<\/script>\n<!-- \/ Yoast SEO plugin. -->","yoast_head_json":{"title":"Pro Glove Kit - SR GmbH","robots":{"index":"index","follow":"follow","max-snippet":"max-snippet:-1","max-image-preview":"max-image-preview:large","max-video-preview":"max-video-preview:-1"},"canonical":"https:\/\/sr.oxyen.xyz\/fr\/shop\/peripherie\/barcode-scanner\/pro-glove-kit\/","og_locale":"fr_FR","og_type":"article","og_title":"Pro Glove Kit - SR GmbH","og_description":"Komplett-Set f\u00fcr den fertigen Einsatz des ProGlove","og_url":"https:\/\/sr.oxyen.xyz\/fr\/shop\/peripherie\/barcode-scanner\/pro-glove-kit\/","og_site_name":"SR GmbH","article_modified_time":"2021-11-26T07:42:46+00:00","og_image":[{"width":320,"height":254,"url":"https:\/\/sr.oxyen.xyz\/wp-content\/uploads\/2021\/11\/ProGlove_Hand1.jpeg","type":"image\/jpeg"}],"twitter_card":"summary_large_image","twitter_misc":{"Dur\u00e9e de lecture estim\u00e9e":"1 minute"},"schema":{"@context":"https:\/\/schema.org","@graph":[{"@type":"WebSite","@id":"https:\/\/sr.oxyen.xyz\/#website","url":"https:\/\/sr.oxyen.xyz\/","name":"SR GmbH","description":"Just another WordPress site","potentialAction":[{"@type":"SearchAction","target":{"@type":"EntryPoint","urlTemplate":"https:\/\/sr.oxyen.xyz\/?s={search_term_string}"},"query-input":"required name=search_term_string"}],"inLanguage":"fr-FR"},{"@type":"ImageObject","@id":"https:\/\/sr.oxyen.xyz\/fr\/shop\/peripherie\/barcode-scanner\/pro-glove-kit\/#primaryimage","inLanguage":"fr-FR","url":"https:\/\/sr.oxyen.xyz\/wp-content\/uploads\/2021\/11\/ProGlove_Hand1.jpeg","contentUrl":"https:\/\/sr.oxyen.xyz\/wp-content\/uploads\/2021\/11\/ProGlove_Hand1.jpeg","width":320,"height":254},{"@type":"WebPage","@id":"https:\/\/sr.oxyen.xyz\/fr\/shop\/peripherie\/barcode-scanner\/pro-glove-kit\/#webpage","url":"https:\/\/sr.oxyen.xyz\/fr\/shop\/peripherie\/barcode-scanner\/pro-glove-kit\/","name":"Pro Glove Kit - SR GmbH","isPartOf":{"@id":"https:\/\/sr.oxyen.xyz\/#website"},"primaryImageOfPage":{"@id":"https:\/\/sr.oxyen.xyz\/fr\/shop\/peripherie\/barcode-scanner\/pro-glove-kit\/#primaryimage"},"datePublished":"2021-11-23T15:12:32+00:00","dateModified":"2021-11-26T07:42:46+00:00","breadcrumb":{"@id":"https:\/\/sr.oxyen.xyz\/fr\/shop\/peripherie\/barcode-scanner\/pro-glove-kit\/#breadcrumb"},"inLanguage":"fr-FR","potentialAction":[{"@type":"ReadAction","target":["https:\/\/sr.oxyen.xyz\/fr\/shop\/peripherie\/barcode-scanner\/pro-glove-kit\/"]}]},{"@type":"BreadcrumbList","@id":"https:\/\/sr.oxyen.xyz\/fr\/shop\/peripherie\/barcode-scanner\/pro-glove-kit\/#breadcrumb","itemListElement":[{"@type":"ListItem","position":1,"name":"Startseite","item":"https:\/\/sr.oxyen.xyz\/fr\/"},{"@type":"ListItem","position":2,"name":"Shop","item":"https:\/\/sr.oxyen.xyz\/fr\/boutique\/"},{"@type":"ListItem","position":3,"name":"Pro Glove Kit"}]}]}},"_links":{"self":[{"href":"https:\/\/sr.oxyen.xyz\/fr\/wp-json\/wp\/v2\/product\/2781"}],"collection":[{"href":"https:\/\/sr.oxyen.xyz\/fr\/wp-json\/wp\/v2\/product"}],"about":[{"href":"https:\/\/sr.oxyen.xyz\/fr\/wp-json\/wp\/v2\/types\/product"}],"wp:featuredmedia":[{"embeddable":true,"href":"https:\/\/sr.oxyen.xyz\/fr\/wp-json\/wp\/v2\/media\/2782"}],"wp:attachment":[{"href":"https:\/\/sr.oxyen.xyz\/fr\/wp-json\/wp\/v2\/media?parent=2781"}],"wp:term":[{"taxonomy":"product_cat","embeddable":true,"href":"https:\/\/sr.oxyen.xyz\/fr\/wp-json\/wp\/v2\/product_cat?post=2781"},{"taxonomy":"product_tag","embeddable":true,"href":"https:\/\/sr.oxyen.xyz\/fr\/wp-json\/wp\/v2\/product_tag?post=2781"}],"curies":[{"name":"wp","href":"https:\/\/api.w.org\/{rel}","templated":true}]}}