{"id":2732,"date":"2021-11-23T14:54:46","date_gmt":"2021-11-23T14:54:46","guid":{"rendered":"https:\/\/sr.oxyen.xyz\/?post_type=product&#038;p=2732"},"modified":"2021-11-29T09:50:00","modified_gmt":"2021-11-29T09:50:00","slug":"sr-pokini-docking-solutions-a8-a10","status":"publish","type":"product","link":"https:\/\/sr.oxyen.xyz\/fr\/shop\/appareils-mobiles\/tablets-fr\/sr-pokini-docking-solutions-a8-a10\/","title":{"rendered":"S|R Pokini Docking Solutions A8\/A10"},"content":{"rendered":"<p>Dockingstation f\u00fcr Tab A8 und Tab A10.<\/p>\n<p>Schnellladefunktion \u00fcber Dockingpins (3A).<\/p>\n<p>Stahlf\u00fchrungsstifte f\u00fcr Ger\u00e4teausrichtung.<\/p>\n<p>Ohne Kensington Lock.<\/p>\n<p>Nur Ladefunktion.<\/p>\n<p>Nicht Rugged-Frame-kompatibel.<\/p>\n<p>inkl. 60 Watt Netzteil (Input: 100-240V AC \/ 50-60Hz, Output: 12V DC \/ 5A).<\/p>\n<p>Betriebstemperatur: 0\u00b0C bis 50\u00b0C.<\/p>\n<p>Luftfeuchtigkeit: 10 bis 90 %, nicht kondensierend.<\/p>\n","protected":false},"excerpt":{"rendered":"<p>Dockingstation (nur Ladefunktion) f\u00fcr die Pokini Tab A-Serie<\/p>\n","protected":false},"featured_media":2737,"template":"","meta":{"_et_pb_use_builder":"","_et_pb_old_content":"","_et_gb_content_width":"","_links_to":"","_links_to_target":""},"product_cat":[238],"product_tag":[],"acf":[],"yoast_head":"<!-- This site is optimized with the Yoast SEO plugin v17.7.1 - https:\/\/yoast.com\/wordpress\/plugins\/seo\/ -->\n<title>S|R Pokini Docking Solutions A8\/A10 - SR GmbH<\/title>\n<meta name=\"robots\" content=\"index, follow, max-snippet:-1, max-image-preview:large, max-video-preview:-1\" \/>\n<link rel=\"canonical\" href=\"https:\/\/sr.oxyen.xyz\/fr\/shop\/appareils-mobiles\/tablets-fr\/sr-pokini-docking-solutions-a8-a10\/\" \/>\n<meta property=\"og:locale\" content=\"fr_FR\" \/>\n<meta property=\"og:type\" content=\"article\" \/>\n<meta property=\"og:title\" content=\"S|R Pokini Docking Solutions A8\/A10 - SR GmbH\" \/>\n<meta property=\"og:description\" content=\"Dockingstation (nur Ladefunktion) f\u00fcr die Pokini Tab A-Serie\" \/>\n<meta property=\"og:url\" content=\"https:\/\/sr.oxyen.xyz\/fr\/shop\/appareils-mobiles\/tablets-fr\/sr-pokini-docking-solutions-a8-a10\/\" \/>\n<meta property=\"og:site_name\" content=\"SR GmbH\" \/>\n<meta property=\"article:modified_time\" content=\"2021-11-29T09:50:00+00:00\" \/>\n<meta property=\"og:image\" content=\"https:\/\/sr.oxyen.xyz\/wp-content\/uploads\/2021\/11\/Pokini_Tab_dockingstation13.png\" \/>\n\t<meta property=\"og:image:width\" content=\"600\" \/>\n\t<meta property=\"og:image:height\" content=\"600\" \/>\n<meta name=\"twitter:card\" content=\"summary_large_image\" \/>\n<script type=\"application\/ld+json\" class=\"yoast-schema-graph\">{\"@context\":\"https:\/\/schema.org\",\"@graph\":[{\"@type\":\"WebSite\",\"@id\":\"https:\/\/sr.oxyen.xyz\/#website\",\"url\":\"https:\/\/sr.oxyen.xyz\/\",\"name\":\"SR GmbH\",\"description\":\"Just another WordPress site\",\"potentialAction\":[{\"@type\":\"SearchAction\",\"target\":{\"@type\":\"EntryPoint\",\"urlTemplate\":\"https:\/\/sr.oxyen.xyz\/?s={search_term_string}\"},\"query-input\":\"required name=search_term_string\"}],\"inLanguage\":\"fr-FR\"},{\"@type\":\"ImageObject\",\"@id\":\"https:\/\/sr.oxyen.xyz\/fr\/shop\/appareils-mobiles\/tablets-fr\/sr-pokini-docking-solutions-a8-a10\/#primaryimage\",\"inLanguage\":\"fr-FR\",\"url\":\"https:\/\/sr.oxyen.xyz\/wp-content\/uploads\/2021\/11\/Pokini_Tab_dockingstation13.png\",\"contentUrl\":\"https:\/\/sr.oxyen.xyz\/wp-content\/uploads\/2021\/11\/Pokini_Tab_dockingstation13.png\",\"width\":600,\"height\":600},{\"@type\":\"WebPage\",\"@id\":\"https:\/\/sr.oxyen.xyz\/fr\/shop\/appareils-mobiles\/tablets-fr\/sr-pokini-docking-solutions-a8-a10\/#webpage\",\"url\":\"https:\/\/sr.oxyen.xyz\/fr\/shop\/appareils-mobiles\/tablets-fr\/sr-pokini-docking-solutions-a8-a10\/\",\"name\":\"S|R Pokini Docking Solutions A8\/A10 - SR GmbH\",\"isPartOf\":{\"@id\":\"https:\/\/sr.oxyen.xyz\/#website\"},\"primaryImageOfPage\":{\"@id\":\"https:\/\/sr.oxyen.xyz\/fr\/shop\/appareils-mobiles\/tablets-fr\/sr-pokini-docking-solutions-a8-a10\/#primaryimage\"},\"datePublished\":\"2021-11-23T14:54:46+00:00\",\"dateModified\":\"2021-11-29T09:50:00+00:00\",\"breadcrumb\":{\"@id\":\"https:\/\/sr.oxyen.xyz\/fr\/shop\/appareils-mobiles\/tablets-fr\/sr-pokini-docking-solutions-a8-a10\/#breadcrumb\"},\"inLanguage\":\"fr-FR\",\"potentialAction\":[{\"@type\":\"ReadAction\",\"target\":[\"https:\/\/sr.oxyen.xyz\/fr\/shop\/appareils-mobiles\/tablets-fr\/sr-pokini-docking-solutions-a8-a10\/\"]}]},{\"@type\":\"BreadcrumbList\",\"@id\":\"https:\/\/sr.oxyen.xyz\/fr\/shop\/appareils-mobiles\/tablets-fr\/sr-pokini-docking-solutions-a8-a10\/#breadcrumb\",\"itemListElement\":[{\"@type\":\"ListItem\",\"position\":1,\"name\":\"Startseite\",\"item\":\"https:\/\/sr.oxyen.xyz\/fr\/\"},{\"@type\":\"ListItem\",\"position\":2,\"name\":\"Shop\",\"item\":\"https:\/\/sr.oxyen.xyz\/fr\/boutique\/\"},{\"@type\":\"ListItem\",\"position\":3,\"name\":\"S|R Pokini Docking Solutions A8\/A10\"}]}]}<\/script>\n<!-- \/ Yoast SEO plugin. -->","yoast_head_json":{"title":"S|R Pokini Docking Solutions A8\/A10 - SR GmbH","robots":{"index":"index","follow":"follow","max-snippet":"max-snippet:-1","max-image-preview":"max-image-preview:large","max-video-preview":"max-video-preview:-1"},"canonical":"https:\/\/sr.oxyen.xyz\/fr\/shop\/appareils-mobiles\/tablets-fr\/sr-pokini-docking-solutions-a8-a10\/","og_locale":"fr_FR","og_type":"article","og_title":"S|R Pokini Docking Solutions A8\/A10 - SR GmbH","og_description":"Dockingstation (nur Ladefunktion) f\u00fcr die Pokini Tab A-Serie","og_url":"https:\/\/sr.oxyen.xyz\/fr\/shop\/appareils-mobiles\/tablets-fr\/sr-pokini-docking-solutions-a8-a10\/","og_site_name":"SR GmbH","article_modified_time":"2021-11-29T09:50:00+00:00","og_image":[{"width":600,"height":600,"url":"https:\/\/sr.oxyen.xyz\/wp-content\/uploads\/2021\/11\/Pokini_Tab_dockingstation13.png","type":"image\/png"}],"twitter_card":"summary_large_image","schema":{"@context":"https:\/\/schema.org","@graph":[{"@type":"WebSite","@id":"https:\/\/sr.oxyen.xyz\/#website","url":"https:\/\/sr.oxyen.xyz\/","name":"SR GmbH","description":"Just another WordPress site","potentialAction":[{"@type":"SearchAction","target":{"@type":"EntryPoint","urlTemplate":"https:\/\/sr.oxyen.xyz\/?s={search_term_string}"},"query-input":"required name=search_term_string"}],"inLanguage":"fr-FR"},{"@type":"ImageObject","@id":"https:\/\/sr.oxyen.xyz\/fr\/shop\/appareils-mobiles\/tablets-fr\/sr-pokini-docking-solutions-a8-a10\/#primaryimage","inLanguage":"fr-FR","url":"https:\/\/sr.oxyen.xyz\/wp-content\/uploads\/2021\/11\/Pokini_Tab_dockingstation13.png","contentUrl":"https:\/\/sr.oxyen.xyz\/wp-content\/uploads\/2021\/11\/Pokini_Tab_dockingstation13.png","width":600,"height":600},{"@type":"WebPage","@id":"https:\/\/sr.oxyen.xyz\/fr\/shop\/appareils-mobiles\/tablets-fr\/sr-pokini-docking-solutions-a8-a10\/#webpage","url":"https:\/\/sr.oxyen.xyz\/fr\/shop\/appareils-mobiles\/tablets-fr\/sr-pokini-docking-solutions-a8-a10\/","name":"S|R Pokini Docking Solutions A8\/A10 - SR GmbH","isPartOf":{"@id":"https:\/\/sr.oxyen.xyz\/#website"},"primaryImageOfPage":{"@id":"https:\/\/sr.oxyen.xyz\/fr\/shop\/appareils-mobiles\/tablets-fr\/sr-pokini-docking-solutions-a8-a10\/#primaryimage"},"datePublished":"2021-11-23T14:54:46+00:00","dateModified":"2021-11-29T09:50:00+00:00","breadcrumb":{"@id":"https:\/\/sr.oxyen.xyz\/fr\/shop\/appareils-mobiles\/tablets-fr\/sr-pokini-docking-solutions-a8-a10\/#breadcrumb"},"inLanguage":"fr-FR","potentialAction":[{"@type":"ReadAction","target":["https:\/\/sr.oxyen.xyz\/fr\/shop\/appareils-mobiles\/tablets-fr\/sr-pokini-docking-solutions-a8-a10\/"]}]},{"@type":"BreadcrumbList","@id":"https:\/\/sr.oxyen.xyz\/fr\/shop\/appareils-mobiles\/tablets-fr\/sr-pokini-docking-solutions-a8-a10\/#breadcrumb","itemListElement":[{"@type":"ListItem","position":1,"name":"Startseite","item":"https:\/\/sr.oxyen.xyz\/fr\/"},{"@type":"ListItem","position":2,"name":"Shop","item":"https:\/\/sr.oxyen.xyz\/fr\/boutique\/"},{"@type":"ListItem","position":3,"name":"S|R Pokini Docking Solutions A8\/A10"}]}]}},"_links":{"self":[{"href":"https:\/\/sr.oxyen.xyz\/fr\/wp-json\/wp\/v2\/product\/2732"}],"collection":[{"href":"https:\/\/sr.oxyen.xyz\/fr\/wp-json\/wp\/v2\/product"}],"about":[{"href":"https:\/\/sr.oxyen.xyz\/fr\/wp-json\/wp\/v2\/types\/product"}],"wp:featuredmedia":[{"embeddable":true,"href":"https:\/\/sr.oxyen.xyz\/fr\/wp-json\/wp\/v2\/media\/2737"}],"wp:attachment":[{"href":"https:\/\/sr.oxyen.xyz\/fr\/wp-json\/wp\/v2\/media?parent=2732"}],"wp:term":[{"taxonomy":"product_cat","embeddable":true,"href":"https:\/\/sr.oxyen.xyz\/fr\/wp-json\/wp\/v2\/product_cat?post=2732"},{"taxonomy":"product_tag","embeddable":true,"href":"https:\/\/sr.oxyen.xyz\/fr\/wp-json\/wp\/v2\/product_tag?post=2732"}],"curies":[{"name":"wp","href":"https:\/\/api.w.org\/{rel}","templated":true}]}}