{"id":4498,"date":"2021-12-03T12:05:55","date_gmt":"2021-12-03T12:05:55","guid":{"rendered":"https:\/\/sr.oxyen.xyz\/a-propos-de-nous\/anciens-apprentis\/"},"modified":"2021-12-03T12:06:06","modified_gmt":"2021-12-03T12:06:06","slug":"anciens-apprentis","status":"publish","type":"page","link":"https:\/\/sr.oxyen.xyz\/fr\/a-propos-de-nous\/anciens-apprentis\/","title":{"rendered":"Anciens apprentis"},"content":{"rendered":"<p>[et_pb_section fb_built=\u00a0\u00bb1&Prime; fullwidth=\u00a0\u00bbon\u00a0\u00bb _builder_version=\u00a0\u00bb4.13.1&Prime; _module_preset=\u00a0\u00bbdefault\u00a0\u00bb global_colors_info=\u00a0\u00bb{}\u00a0\u00bb][et_pb_fullwidth_header title=\u00a0\u00bbLes apprentis poss\u00e8dent d\u00e9sormais le dipl\u00f4me %22d&#8217;employ\u00e9(e) de commerce avec CFC%22.\u00a0\u00bb button_one_text_last_edited=\u00a0\u00bboff|desktop\u00a0\u00bb _builder_version=\u00a0\u00bb4.13.1&Prime; _module_preset=\u00a0\u00bbdefault\u00a0\u00bb title_font=\u00a0\u00bb|600|||||||\u00a0\u00bb title_text_align=\u00a0\u00bbcenter\u00a0\u00bb title_font_size=\u00a0\u00bb35px\u00a0\u00bb content_font=\u00a0\u00bb|600|||||||\u00a0\u00bb content_text_align=\u00a0\u00bbcenter\u00a0\u00bb content_text_color=\u00a0\u00bb#d3d3d3&Prime; content_font_size=\u00a0\u00bb18px\u00a0\u00bb background_enable_color=\u00a0\u00bboff\u00a0\u00bb use_background_color_gradient=\u00a0\u00bbon\u00a0\u00bb background_color_gradient_start=\u00a0\u00bb#1d202d\u00a0\u00bb background_color_gradient_end=\u00a0\u00bb#6c7989&Prime; background_color_gradient_direction=\u00a0\u00bb28deg\u00a0\u00bb background_enable_image=\u00a0\u00bboff\u00a0\u00bb custom_padding=\u00a0\u00bb230px||230px|||\u00a0\u00bb global_colors_info=\u00a0\u00bb{}\u00a0\u00bb]<\/p>\n<p><span>Nous sommes tr\u00e8s fiers de leur performance. L&rsquo;\u00e9quipe SR les f\u00e9licite chaleureusement.<\/span><\/p>\n<p>[\/et_pb_fullwidth_header][\/et_pb_section][et_pb_section fb_built=\u00a0\u00bb1&Prime; _builder_version=\u00a0\u00bb4.13.1&Prime; _module_preset=\u00a0\u00bbdefault\u00a0\u00bb global_colors_info=\u00a0\u00bb{}\u00a0\u00bb][et_pb_row _builder_version=\u00a0\u00bb4.13.1&Prime; _module_preset=\u00a0\u00bbdefault\u00a0\u00bb global_colors_info=\u00a0\u00bb{}\u00a0\u00bb][et_pb_column type=\u00a0\u00bb4_4&Prime; _builder_version=\u00a0\u00bb4.13.1&Prime; _module_preset=\u00a0\u00bbdefault\u00a0\u00bb global_colors_info=\u00a0\u00bb{}\u00a0\u00bb][dipl_team_slider posts_number=\u00a0\u00bb3&Prime; post_order=\u00a0\u00bbASC\u00a0\u00bb include_categories=\u00a0\u00bb173&Prime; show_skills=\u00a0\u00bboff\u00a0\u00bb autoplay=\u00a0\u00bboff\u00a0\u00bb show_arrow=\u00a0\u00bboff\u00a0\u00bb show_control_dot=\u00a0\u00bboff\u00a0\u00bb social_icon_separator_size=\u00a0\u00bb0px\u00a0\u00bb social_icon_size=\u00a0\u00bb26px\u00a0\u00bb social_icon_color=\u00a0\u00bb#E02B20&Prime; post_per_slide_tablet=\u00a0\u00bb3&Prime; post_per_slide_phone=\u00a0\u00bb1&Prime; _builder_version=\u00a0\u00bb4.13.1&Prime; _module_preset=\u00a0\u00bbdefault\u00a0\u00bb name_text_color=\u00a0\u00bb#E02B20&Prime; name_font_size=\u00a0\u00bb16px\u00a0\u00bb designation_level=\u00a0\u00bbh6&Prime; designation_font_size=\u00a0\u00bb13px\u00a0\u00bb body_font_size=\u00a0\u00bb14px\u00a0\u00bb body_line_height=\u00a0\u00bb1em\u00a0\u00bb text_orientation=\u00a0\u00bbcenter\u00a0\u00bb hover_enabled=\u00a0\u00bb0&Prime; border_radii_team_member_image_border=\u00a0\u00bbon|10px|10px|10px|10px\u00a0\u00bb saved_tabs=\u00a0\u00bball\u00a0\u00bb global_colors_info=\u00a0\u00bb{}\u00a0\u00bb sticky_enabled=\u00a0\u00bb0&Prime; animation_style=\u00a0\u00bbfade\u00a0\u00bb][\/dipl_team_slider][\/et_pb_column][\/et_pb_row][\/et_pb_section]<\/p>\n","protected":false},"excerpt":{"rendered":"<p>Nous sommes tr\u00e8s fiers de leur performance. L&rsquo;\u00e9quipe SR les f\u00e9licite chaleureusement.<div class=\"et_pb_module dipl_team_slider dipl_team_slider_0 et_animated\">\n\t\t\t\t\n\t\t\t\t\n\t\t\t\t\n\t\t\t\t\n\t\t\t\t<div class=\"et_pb_module_inner\">\n\t\t\t\t\t<div class=\"dipl_swiper_wrapper\"><div class=\"dipl_team_slider_container dipl_swiper_inner_wrap layout1\"><div class=\"swiper-container\"><div class=\"swiper-wrapper\"><div class=\"dipl_team_member_slide swiper-slide\"><div id=\"dipl_team_member_665\" class=\"dipl_team_member_card\">\n\t\t<div class=\"dipl_team_image_wrapper\"><div class=\"dipl_team_member_image\"><img width=\"300\" height=\"350\" src=\"https:\/\/sr.oxyen.xyz\/wp-content\/uploads\/2021\/11\/SrMA.jpg\" class=\"attachment-large size-large wp-post-image\" alt=\"\" loading=\"lazy\" srcset=\"https:\/\/sr.oxyen.xyz\/wp-content\/uploads\/2021\/11\/SrMA.jpg 300w, https:\/\/sr.oxyen.xyz\/wp-content\/uploads\/2021\/11\/SrMA-257x300.jpg 257w\" sizes=\"(max-width: 300px) 100vw, 300px\" \/><\/div><\/div>\n\t\t<div class=\"dipl_team_content_wrapper\"><div class=\"dipl_team_member_name\">\n\t\t\t\t\t\t\t<h2>Micha Reinhard<\/h2>\n\t\t\t\t\t\t<\/div><div class=\"dipl_team_member_designation\">\n\t\t\t\t\t\t\t<h6>Lehrling KV<\/h6>\n\t\t\t\t\t\t<\/div><div class=\"dipl_team_member_short_desc\">2015-2018<\/div><\/div>\n\t\t\n\t<\/div><\/div><div class=\"dipl_team_member_slide swiper-slide\"><div id=\"dipl_team_member_667\" class=\"dipl_team_member_card\">\n\t\t<div class=\"dipl_team_image_wrapper\"><div class=\"dipl_team_member_image\"><img width=\"300\" height=\"350\" src=\"https:\/\/sr.oxyen.xyz\/wp-content\/uploads\/2021\/11\/srMA-0.png\" class=\"attachment-large size-large wp-post-image\" alt=\"\" loading=\"lazy\" srcset=\"https:\/\/sr.oxyen.xyz\/wp-content\/uploads\/2021\/11\/srMA-0.png 300w, https:\/\/sr.oxyen.xyz\/wp-content\/uploads\/2021\/11\/srMA-0-257x300.png 257w\" sizes=\"(max-width: 300px) 100vw, 300px\" \/><\/div><\/div>\n\t\t<div class=\"dipl_team_content_wrapper\"><div class=\"dipl_team_member_name\">\n\t\t\t\t\t\t\t<h2>Mauro Marinoni<\/h2>\n\t\t\t\t\t\t<\/div><div class=\"dipl_team_member_designation\">\n\t\t\t\t\t\t\t<h6>Lehrling KV<\/h6>\n\t\t\t\t\t\t<\/div><div class=\"dipl_team_member_short_desc\">2016-2019<\/div><\/div>\n\t\t\n\t<\/div><\/div><div class=\"dipl_team_member_slide swiper-slide\"><div id=\"dipl_team_member_669\" class=\"dipl_team_member_card\">\n\t\t<div class=\"dipl_team_image_wrapper\"><div class=\"dipl_team_member_image\"><img width=\"1024\" height=\"1024\" src=\"https:\/\/sr.oxyen.xyz\/wp-content\/uploads\/2021\/11\/SWY1_Quadrat-1024x1024.jpg\" class=\"attachment-large size-large wp-post-image\" alt=\"\" loading=\"lazy\" srcset=\"https:\/\/sr.oxyen.xyz\/wp-content\/uploads\/2021\/11\/SWY1_Quadrat-1024x1024.jpg 1024w, https:\/\/sr.oxyen.xyz\/wp-content\/uploads\/2021\/11\/SWY1_Quadrat-300x300.jpg 300w, https:\/\/sr.oxyen.xyz\/wp-content\/uploads\/2021\/11\/SWY1_Quadrat-150x150.jpg 150w, https:\/\/sr.oxyen.xyz\/wp-content\/uploads\/2021\/11\/SWY1_Quadrat-768x768.jpg 768w, https:\/\/sr.oxyen.xyz\/wp-content\/uploads\/2021\/11\/SWY1_Quadrat-1536x1536.jpg 1536w, https:\/\/sr.oxyen.xyz\/wp-content\/uploads\/2021\/11\/SWY1_Quadrat-610x610.jpg 610w, https:\/\/sr.oxyen.xyz\/wp-content\/uploads\/2021\/11\/SWY1_Quadrat-1080x1079.jpg 1080w, https:\/\/sr.oxyen.xyz\/wp-content\/uploads\/2021\/11\/SWY1_Quadrat-440x440.jpg 440w, https:\/\/sr.oxyen.xyz\/wp-content\/uploads\/2021\/11\/SWY1_Quadrat-600x600.jpg 600w, https:\/\/sr.oxyen.xyz\/wp-content\/uploads\/2021\/11\/SWY1_Quadrat-100x100.jpg 100w, https:\/\/sr.oxyen.xyz\/wp-content\/uploads\/2021\/11\/SWY1_Quadrat.jpg 1721w\" sizes=\"(max-width: 1024px) 100vw, 1024px\" \/><\/div><\/div>\n\t\t<div class=\"dipl_team_content_wrapper\"><div class=\"dipl_team_member_name\">\n\t\t\t\t\t\t\t<h2>Simon Wyss<\/h2>\n\t\t\t\t\t\t<\/div><div class=\"dipl_team_member_designation\">\n\t\t\t\t\t\t\t<h6>Lehrling ICT<\/h6>\n\t\t\t\t\t\t<\/div><div class=\"dipl_team_member_short_desc\">2018-2021<\/div><\/div>\n\t\t\n\t<\/div><\/div><\/div> <!-- swiper-wrapper --><\/div> <!-- swiper-container --><\/div> <!-- dipl_team_slider_container --><\/div> <!--- dipl_swiper_wrapper --><script type=\"text\/javascript\">jQuery(function($) {var dipl_team_slider_0_swiper = new Swiper('.dipl_team_slider_0 .swiper-container', {\n                            slidesPerView: 3,\n                            autoplay: 0,\n                            spaceBetween: 20,\n                            slidesPerGroup: 1,\n                            slidesPerGroupSkip: 2,\n                            effect: \"slide\",\n                            cubeEffect: false,\n                            coverflowEffect: false,\n                            speed: 1000,\n                            loop: false,\n                            pagination: false,\n                            navigation: false,\n                            grabCursor: 'true',\n                            breakpoints: {\n                            \t981: {\n\t\t                          \tslidesPerView: 3,\n\t\t                          \tspaceBetween: 20,\n                            \t\tslidesPerGroup: 1,\n                            \t\tslidesPerGroupSkip: 2,\n\t\t                        },\n\t\t                        768: {\n\t\t                          \tslidesPerView: 3,\n\t\t                          \tspaceBetween: 20,\n\t\t                          \tslidesPerGroup: 1,\n                            \t\tslidesPerGroupSkip: 2,\n\t\t                        },\n\t\t                        0: {\n\t\t                          \tslidesPerView: 1,\n\t\t                          \tspaceBetween: 20,\n\t\t                          \tslidesPerGroup: 1,\n                            \t\tslidesPerGroupSkip: 0,\n\t\t                        }\n\t\t                    },\n                    });dipl_team_slider_0_swiper.on('reachEnd', function(){\n                            dipl_team_slider_0_swiper.autoplay = false;\n                        });});<\/script>\n\t\t\t\t<\/div>\n\t\t\t<\/div><\/p>\n","protected":false},"author":7,"featured_media":0,"parent":4128,"menu_order":0,"comment_status":"closed","ping_status":"closed","template":"page-template-fullwidth.php","meta":{"_et_pb_use_builder":"on","_et_pb_old_content":"","_et_gb_content_width":"","_links_to":"","_links_to_target":""},"acf":[],"yoast_head":"<!-- This site is optimized with the Yoast SEO plugin v17.7.1 - https:\/\/yoast.com\/wordpress\/plugins\/seo\/ -->\n<title>Anciens apprentis - SR GmbH<\/title>\n<meta name=\"robots\" content=\"index, follow, max-snippet:-1, max-image-preview:large, max-video-preview:-1\" \/>\n<link rel=\"canonical\" href=\"https:\/\/sr.oxyen.xyz\/fr\/a-propos-de-nous\/anciens-apprentis\/\" \/>\n<meta property=\"og:locale\" content=\"fr_FR\" \/>\n<meta property=\"og:type\" content=\"article\" \/>\n<meta property=\"og:title\" content=\"Anciens apprentis - SR GmbH\" \/>\n<meta property=\"og:description\" content=\"Nous sommes tr\u00e8s fiers de leur performance. L&#039;\u00e9quipe SR les f\u00e9licite chaleureusement.\" \/>\n<meta property=\"og:url\" content=\"https:\/\/sr.oxyen.xyz\/fr\/a-propos-de-nous\/anciens-apprentis\/\" \/>\n<meta property=\"og:site_name\" content=\"SR GmbH\" \/>\n<meta property=\"article:modified_time\" content=\"2021-12-03T12:06:06+00:00\" \/>\n<meta name=\"twitter:card\" content=\"summary_large_image\" \/>\n<meta name=\"twitter:label1\" content=\"Dur\u00e9e de lecture estim\u00e9e\" \/>\n\t<meta name=\"twitter:data1\" content=\"1 minute\" \/>\n<script type=\"application\/ld+json\" class=\"yoast-schema-graph\">{\"@context\":\"https:\/\/schema.org\",\"@graph\":[{\"@type\":\"WebSite\",\"@id\":\"https:\/\/sr.oxyen.xyz\/#website\",\"url\":\"https:\/\/sr.oxyen.xyz\/\",\"name\":\"SR GmbH\",\"description\":\"Just another WordPress site\",\"potentialAction\":[{\"@type\":\"SearchAction\",\"target\":{\"@type\":\"EntryPoint\",\"urlTemplate\":\"https:\/\/sr.oxyen.xyz\/?s={search_term_string}\"},\"query-input\":\"required name=search_term_string\"}],\"inLanguage\":\"fr-FR\"},{\"@type\":\"WebPage\",\"@id\":\"https:\/\/sr.oxyen.xyz\/fr\/a-propos-de-nous\/anciens-apprentis\/#webpage\",\"url\":\"https:\/\/sr.oxyen.xyz\/fr\/a-propos-de-nous\/anciens-apprentis\/\",\"name\":\"Anciens apprentis - SR GmbH\",\"isPartOf\":{\"@id\":\"https:\/\/sr.oxyen.xyz\/#website\"},\"datePublished\":\"2021-12-03T12:05:55+00:00\",\"dateModified\":\"2021-12-03T12:06:06+00:00\",\"breadcrumb\":{\"@id\":\"https:\/\/sr.oxyen.xyz\/fr\/a-propos-de-nous\/anciens-apprentis\/#breadcrumb\"},\"inLanguage\":\"fr-FR\",\"potentialAction\":[{\"@type\":\"ReadAction\",\"target\":[\"https:\/\/sr.oxyen.xyz\/fr\/a-propos-de-nous\/anciens-apprentis\/\"]}]},{\"@type\":\"BreadcrumbList\",\"@id\":\"https:\/\/sr.oxyen.xyz\/fr\/a-propos-de-nous\/anciens-apprentis\/#breadcrumb\",\"itemListElement\":[{\"@type\":\"ListItem\",\"position\":1,\"name\":\"Startseite\",\"item\":\"https:\/\/sr.oxyen.xyz\/fr\/\"},{\"@type\":\"ListItem\",\"position\":2,\"name\":\"A propos de nous\",\"item\":\"https:\/\/sr.oxyen.xyz\/fr\/a-propos-de-nous\/\"},{\"@type\":\"ListItem\",\"position\":3,\"name\":\"Anciens apprentis\"}]}]}<\/script>\n<!-- \/ Yoast SEO plugin. -->","yoast_head_json":{"title":"Anciens apprentis - SR GmbH","robots":{"index":"index","follow":"follow","max-snippet":"max-snippet:-1","max-image-preview":"max-image-preview:large","max-video-preview":"max-video-preview:-1"},"canonical":"https:\/\/sr.oxyen.xyz\/fr\/a-propos-de-nous\/anciens-apprentis\/","og_locale":"fr_FR","og_type":"article","og_title":"Anciens apprentis - SR GmbH","og_description":"Nous sommes tr\u00e8s fiers de leur performance. L'\u00e9quipe SR les f\u00e9licite chaleureusement.","og_url":"https:\/\/sr.oxyen.xyz\/fr\/a-propos-de-nous\/anciens-apprentis\/","og_site_name":"SR GmbH","article_modified_time":"2021-12-03T12:06:06+00:00","twitter_card":"summary_large_image","twitter_misc":{"Dur\u00e9e de lecture estim\u00e9e":"1 minute"},"schema":{"@context":"https:\/\/schema.org","@graph":[{"@type":"WebSite","@id":"https:\/\/sr.oxyen.xyz\/#website","url":"https:\/\/sr.oxyen.xyz\/","name":"SR GmbH","description":"Just another WordPress site","potentialAction":[{"@type":"SearchAction","target":{"@type":"EntryPoint","urlTemplate":"https:\/\/sr.oxyen.xyz\/?s={search_term_string}"},"query-input":"required name=search_term_string"}],"inLanguage":"fr-FR"},{"@type":"WebPage","@id":"https:\/\/sr.oxyen.xyz\/fr\/a-propos-de-nous\/anciens-apprentis\/#webpage","url":"https:\/\/sr.oxyen.xyz\/fr\/a-propos-de-nous\/anciens-apprentis\/","name":"Anciens apprentis - SR GmbH","isPartOf":{"@id":"https:\/\/sr.oxyen.xyz\/#website"},"datePublished":"2021-12-03T12:05:55+00:00","dateModified":"2021-12-03T12:06:06+00:00","breadcrumb":{"@id":"https:\/\/sr.oxyen.xyz\/fr\/a-propos-de-nous\/anciens-apprentis\/#breadcrumb"},"inLanguage":"fr-FR","potentialAction":[{"@type":"ReadAction","target":["https:\/\/sr.oxyen.xyz\/fr\/a-propos-de-nous\/anciens-apprentis\/"]}]},{"@type":"BreadcrumbList","@id":"https:\/\/sr.oxyen.xyz\/fr\/a-propos-de-nous\/anciens-apprentis\/#breadcrumb","itemListElement":[{"@type":"ListItem","position":1,"name":"Startseite","item":"https:\/\/sr.oxyen.xyz\/fr\/"},{"@type":"ListItem","position":2,"name":"A propos de nous","item":"https:\/\/sr.oxyen.xyz\/fr\/a-propos-de-nous\/"},{"@type":"ListItem","position":3,"name":"Anciens apprentis"}]}]}},"_links":{"self":[{"href":"https:\/\/sr.oxyen.xyz\/fr\/wp-json\/wp\/v2\/pages\/4498"}],"collection":[{"href":"https:\/\/sr.oxyen.xyz\/fr\/wp-json\/wp\/v2\/pages"}],"about":[{"href":"https:\/\/sr.oxyen.xyz\/fr\/wp-json\/wp\/v2\/types\/page"}],"author":[{"embeddable":true,"href":"https:\/\/sr.oxyen.xyz\/fr\/wp-json\/wp\/v2\/users\/7"}],"replies":[{"embeddable":true,"href":"https:\/\/sr.oxyen.xyz\/fr\/wp-json\/wp\/v2\/comments?post=4498"}],"version-history":[{"count":8,"href":"https:\/\/sr.oxyen.xyz\/fr\/wp-json\/wp\/v2\/pages\/4498\/revisions"}],"predecessor-version":[{"id":4506,"href":"https:\/\/sr.oxyen.xyz\/fr\/wp-json\/wp\/v2\/pages\/4498\/revisions\/4506"}],"up":[{"embeddable":true,"href":"https:\/\/sr.oxyen.xyz\/fr\/wp-json\/wp\/v2\/pages\/4128"}],"wp:attachment":[{"href":"https:\/\/sr.oxyen.xyz\/fr\/wp-json\/wp\/v2\/media?parent=4498"}],"curies":[{"name":"wp","href":"https:\/\/api.w.org\/{rel}","templated":true}]}}