{"id":4461,"date":"2021-12-03T10:49:19","date_gmt":"2021-12-03T10:49:19","guid":{"rendered":"https:\/\/sr.oxyen.xyz\/clients\/"},"modified":"2021-12-03T10:49:36","modified_gmt":"2021-12-03T10:49:36","slug":"clients","status":"publish","type":"page","link":"https:\/\/sr.oxyen.xyz\/fr\/clients\/","title":{"rendered":"Clients"},"content":{"rendered":"<p>[et_pb_section fb_built=\u00a0\u00bb1&Prime; fullwidth=\u00a0\u00bbon\u00a0\u00bb _builder_version=\u00a0\u00bb4.13.1&Prime; _module_preset=\u00a0\u00bbdefault\u00a0\u00bb global_colors_info=\u00a0\u00bb{}\u00a0\u00bb][et_pb_fullwidth_header title=\u00a0\u00bbLa plus belle p\u00e2tisserie manque son but si les bons ingr\u00e9dients n\u2019ont pas \u00e9t\u00e9 utilis\u00e9s.\u00a0\u00bb subhead=\u00a0\u00bbNotre liste de r\u00e9f\u00e9rences montre que le m\u00e9lange nous convient.\u00a0\u00bb text_orientation=\u00a0\u00bbcenter\u00a0\u00bb _builder_version=\u00a0\u00bb4.13.1&Prime; _module_preset=\u00a0\u00bbdefault\u00a0\u00bb title_text_align=\u00a0\u00bbcenter\u00a0\u00bb title_text_color=\u00a0\u00bb#E02B20&Prime; title_font_size=\u00a0\u00bb34px\u00a0\u00bb content_text_color=\u00a0\u00bb#000000&Prime; subhead_font=\u00a0\u00bb||||||||\u00a0\u00bb subhead_text_color=\u00a0\u00bb#494949&Prime; subhead_font_size=\u00a0\u00bb23px\u00a0\u00bb subhead_line_height=\u00a0\u00bb2.3em\u00a0\u00bb background_enable_color=\u00a0\u00bboff\u00a0\u00bb width=\u00a0\u00bb100%\u00a0\u00bb max_width=\u00a0\u00bb100%\u00a0\u00bb global_module=\u00a0\u00bb709&Prime; saved_tabs=\u00a0\u00bball\u00a0\u00bb global_colors_info=\u00a0\u00bb{}\u00a0\u00bb custom_padding=\u00a0\u00bb||25px|||\u00a0\u00bb][\/et_pb_fullwidth_header][\/et_pb_section][et_pb_section fb_built=\u00a0\u00bb1&Prime; _builder_version=\u00a0\u00bb4.13.1&Prime; _module_preset=\u00a0\u00bbdefault\u00a0\u00bb global_colors_info=\u00a0\u00bb{}\u00a0\u00bb custom_padding=\u00a0\u00bb1px|||||\u00a0\u00bb][et_pb_row _builder_version=\u00a0\u00bb4.13.1&Prime; _module_preset=\u00a0\u00bbdefault\u00a0\u00bb width=\u00a0\u00bb100%\u00a0\u00bb max_width=\u00a0\u00bb1643px\u00a0\u00bb global_colors_info=\u00a0\u00bb{}\u00a0\u00bb][et_pb_column type=\u00a0\u00bb4_4&Prime; _builder_version=\u00a0\u00bb4.13.1&Prime; _module_preset=\u00a0\u00bbdefault\u00a0\u00bb global_colors_info=\u00a0\u00bb{}\u00a0\u00bb][et_pb_text _builder_version=\u00a0\u00bb4.13.1&Prime; _module_preset=\u00a0\u00bbdefault\u00a0\u00bb custom_padding=\u00a0\u00bb||4px|||\u00a0\u00bb global_colors_info=\u00a0\u00bb{}\u00a0\u00bb]<code><div id=\"az-tabs\">\n\t<div id=\"letters\">\n\t\t<div class=\"az-letters\">\n\t\t\t<ul class=\"az-links\"><li class=\"first odd no-posts\"><span>0-9<\/span><\/li><li class=\"even no-posts\"><span>A<\/span><\/li><li class=\"odd no-posts\"><span>B<\/span><\/li><li class=\"even no-posts\"><span>C<\/span><\/li><li class=\"odd no-posts\"><span>D<\/span><\/li><li class=\"even no-posts\"><span>E<\/span><\/li><li class=\"odd no-posts\"><span>F<\/span><\/li><li class=\"even no-posts\"><span>G<\/span><\/li><li class=\"odd no-posts\"><span>H<\/span><\/li><li class=\"even no-posts\"><span>I<\/span><\/li><li class=\"odd no-posts\"><span>J<\/span><\/li><li class=\"even no-posts\"><span>K<\/span><\/li><li class=\"odd no-posts\"><span>L<\/span><\/li><li class=\"even no-posts\"><span>M<\/span><\/li><li class=\"odd no-posts\"><span>N<\/span><\/li><li class=\"even no-posts\"><span>O<\/span><\/li><li class=\"odd no-posts\"><span>P<\/span><\/li><li class=\"even no-posts\"><span>Q<\/span><\/li><li class=\"odd no-posts\"><span>R<\/span><\/li><li class=\"even no-posts\"><span>S<\/span><\/li><li class=\"odd no-posts\"><span>T<\/span><\/li><li class=\"even no-posts\"><span>U<\/span><\/li><li class=\"odd no-posts\"><span>V<\/span><\/li><li class=\"even no-posts\"><span>W<\/span><\/li><li class=\"odd no-posts\"><span>X<\/span><\/li><li class=\"even no-posts\"><span>Y<\/span><\/li><li class=\"last odd no-posts\"><span>Z<\/span><\/li><\/ul>\t\t<\/div>\n\t<\/div>\n\t\t<div id=\"az-slider\">\n\t\t<div id=\"inner-slider\">\n\t\t\t\t\t\t\t\t\t\t\t\t\t\t\t\t\t\t\t\t\t\t\t\t\t\t\t\t\t\t\t\t\t\t\t\t\t\t\t\t\t\t\t\t\t\t\t\t\t\t\t\t\t\t\t\t\t\t\t\t\t\t\t\t\t\t\t\t\t\t\t\t\t\t\t\t\t\t\t\t\t\t\t\t\t\t\t\t\t\t\t\t\t\t\t\t\t\t\t\t\t\t\t\t\t\t\t\t\t\t\t\t\t<\/div>\n\t<\/div>\n<\/div>\n<\/code>[\/et_pb_text][\/et_pb_column][\/et_pb_row][\/et_pb_section]<\/p>\n","protected":false},"excerpt":{"rendered":"<div id=\"az-tabs\">\n\t<div id=\"letters\">\n\t\t<div class=\"az-letters\">\n\t\t\t<ul class=\"az-links\"><li class=\"first odd no-posts\"><span>0-9<\/span><\/li><li class=\"even no-posts\"><span>A<\/span><\/li><li class=\"odd no-posts\"><span>B<\/span><\/li><li class=\"even no-posts\"><span>C<\/span><\/li><li class=\"odd no-posts\"><span>D<\/span><\/li><li class=\"even no-posts\"><span>E<\/span><\/li><li class=\"odd no-posts\"><span>F<\/span><\/li><li class=\"even no-posts\"><span>G<\/span><\/li><li class=\"odd no-posts\"><span>H<\/span><\/li><li class=\"even no-posts\"><span>I<\/span><\/li><li class=\"odd no-posts\"><span>J<\/span><\/li><li class=\"even no-posts\"><span>K<\/span><\/li><li class=\"odd no-posts\"><span>L<\/span><\/li><li class=\"even no-posts\"><span>M<\/span><\/li><li class=\"odd no-posts\"><span>N<\/span><\/li><li class=\"even no-posts\"><span>O<\/span><\/li><li class=\"odd no-posts\"><span>P<\/span><\/li><li class=\"even no-posts\"><span>Q<\/span><\/li><li class=\"odd no-posts\"><span>R<\/span><\/li><li class=\"even no-posts\"><span>S<\/span><\/li><li class=\"odd no-posts\"><span>T<\/span><\/li><li class=\"even no-posts\"><span>U<\/span><\/li><li class=\"odd no-posts\"><span>V<\/span><\/li><li class=\"even no-posts\"><span>W<\/span><\/li><li class=\"odd no-posts\"><span>X<\/span><\/li><li class=\"even no-posts\"><span>Y<\/span><\/li><li class=\"last odd no-posts\"><span>Z<\/span><\/li><\/ul>\t\t<\/div>\n\t<\/div>\n\t\t<div id=\"az-slider\">\n\t\t<div id=\"inner-slider\">\n\t\t\t\t\t\t\t\t\t\t\t\t\t\t\t\t\t\t\t\t\t\t\t\t\t\t\t\t\t\t\t\t\t\t\t\t\t\t\t\t\t\t\t\t\t\t\t\t\t\t\t\t\t\t\t\t\t\t\t\t\t\t\t\t\t\t\t\t\t\t\t\t\t\t\t\t\t\t\t\t\t\t\t\t\t\t\t\t\t\t\t\t\t\t\t\t\t\t\t\t\t\t\t\t\t\t\t\t\t\t\t\t\t<\/div>\n\t<\/div>\n<\/div>\n\n","protected":false},"author":7,"featured_media":0,"parent":0,"menu_order":0,"comment_status":"closed","ping_status":"closed","template":"page-template-fullwidth.php","meta":{"_et_pb_use_builder":"on","_et_pb_old_content":"","_et_gb_content_width":"","_links_to":"","_links_to_target":""},"acf":[],"yoast_head":"<!-- This site is optimized with the Yoast SEO plugin v17.7.1 - https:\/\/yoast.com\/wordpress\/plugins\/seo\/ -->\n<title>Clients - SR GmbH<\/title>\n<meta name=\"robots\" content=\"index, follow, max-snippet:-1, max-image-preview:large, max-video-preview:-1\" \/>\n<link rel=\"canonical\" href=\"https:\/\/sr.oxyen.xyz\/fr\/clients\/\" \/>\n<meta property=\"og:locale\" content=\"fr_FR\" \/>\n<meta property=\"og:type\" content=\"article\" \/>\n<meta property=\"og:title\" content=\"Clients - SR GmbH\" \/>\n<meta property=\"og:url\" content=\"https:\/\/sr.oxyen.xyz\/fr\/clients\/\" \/>\n<meta property=\"og:site_name\" content=\"SR GmbH\" \/>\n<meta property=\"article:modified_time\" content=\"2021-12-03T10:49:36+00:00\" \/>\n<meta name=\"twitter:card\" content=\"summary_large_image\" \/>\n<meta name=\"twitter:description\" content=\"[a-z-listing post-type=&quot;post&quot; taxonomy=&quot;category&quot; terms=&quot;kunden&quot; numbers=&quot;before&quot; group-numbers=&quot;yes&quot;]\" \/>\n<meta name=\"twitter:label1\" content=\"Dur\u00e9e de lecture estim\u00e9e\" \/>\n\t<meta name=\"twitter:data1\" content=\"1 minute\" \/>\n<script type=\"application\/ld+json\" class=\"yoast-schema-graph\">{\"@context\":\"https:\/\/schema.org\",\"@graph\":[{\"@type\":\"WebSite\",\"@id\":\"https:\/\/sr.oxyen.xyz\/#website\",\"url\":\"https:\/\/sr.oxyen.xyz\/\",\"name\":\"SR GmbH\",\"description\":\"Just another WordPress site\",\"potentialAction\":[{\"@type\":\"SearchAction\",\"target\":{\"@type\":\"EntryPoint\",\"urlTemplate\":\"https:\/\/sr.oxyen.xyz\/?s={search_term_string}\"},\"query-input\":\"required name=search_term_string\"}],\"inLanguage\":\"fr-FR\"},{\"@type\":\"WebPage\",\"@id\":\"https:\/\/sr.oxyen.xyz\/fr\/clients\/#webpage\",\"url\":\"https:\/\/sr.oxyen.xyz\/fr\/clients\/\",\"name\":\"Clients - SR GmbH\",\"isPartOf\":{\"@id\":\"https:\/\/sr.oxyen.xyz\/#website\"},\"datePublished\":\"2021-12-03T10:49:19+00:00\",\"dateModified\":\"2021-12-03T10:49:36+00:00\",\"breadcrumb\":{\"@id\":\"https:\/\/sr.oxyen.xyz\/fr\/clients\/#breadcrumb\"},\"inLanguage\":\"fr-FR\",\"potentialAction\":[{\"@type\":\"ReadAction\",\"target\":[\"https:\/\/sr.oxyen.xyz\/fr\/clients\/\"]}]},{\"@type\":\"BreadcrumbList\",\"@id\":\"https:\/\/sr.oxyen.xyz\/fr\/clients\/#breadcrumb\",\"itemListElement\":[{\"@type\":\"ListItem\",\"position\":1,\"name\":\"Startseite\",\"item\":\"https:\/\/sr.oxyen.xyz\/fr\/\"},{\"@type\":\"ListItem\",\"position\":2,\"name\":\"Clients\"}]}]}<\/script>\n<!-- \/ Yoast SEO plugin. -->","yoast_head_json":{"title":"Clients - SR GmbH","robots":{"index":"index","follow":"follow","max-snippet":"max-snippet:-1","max-image-preview":"max-image-preview:large","max-video-preview":"max-video-preview:-1"},"canonical":"https:\/\/sr.oxyen.xyz\/fr\/clients\/","og_locale":"fr_FR","og_type":"article","og_title":"Clients - SR GmbH","og_url":"https:\/\/sr.oxyen.xyz\/fr\/clients\/","og_site_name":"SR GmbH","article_modified_time":"2021-12-03T10:49:36+00:00","twitter_card":"summary_large_image","twitter_description":"[a-z-listing post-type=\"post\" taxonomy=\"category\" terms=\"kunden\" numbers=\"before\" group-numbers=\"yes\"]","twitter_misc":{"Dur\u00e9e de lecture estim\u00e9e":"1 minute"},"schema":{"@context":"https:\/\/schema.org","@graph":[{"@type":"WebSite","@id":"https:\/\/sr.oxyen.xyz\/#website","url":"https:\/\/sr.oxyen.xyz\/","name":"SR GmbH","description":"Just another WordPress site","potentialAction":[{"@type":"SearchAction","target":{"@type":"EntryPoint","urlTemplate":"https:\/\/sr.oxyen.xyz\/?s={search_term_string}"},"query-input":"required name=search_term_string"}],"inLanguage":"fr-FR"},{"@type":"WebPage","@id":"https:\/\/sr.oxyen.xyz\/fr\/clients\/#webpage","url":"https:\/\/sr.oxyen.xyz\/fr\/clients\/","name":"Clients - SR GmbH","isPartOf":{"@id":"https:\/\/sr.oxyen.xyz\/#website"},"datePublished":"2021-12-03T10:49:19+00:00","dateModified":"2021-12-03T10:49:36+00:00","breadcrumb":{"@id":"https:\/\/sr.oxyen.xyz\/fr\/clients\/#breadcrumb"},"inLanguage":"fr-FR","potentialAction":[{"@type":"ReadAction","target":["https:\/\/sr.oxyen.xyz\/fr\/clients\/"]}]},{"@type":"BreadcrumbList","@id":"https:\/\/sr.oxyen.xyz\/fr\/clients\/#breadcrumb","itemListElement":[{"@type":"ListItem","position":1,"name":"Startseite","item":"https:\/\/sr.oxyen.xyz\/fr\/"},{"@type":"ListItem","position":2,"name":"Clients"}]}]}},"_links":{"self":[{"href":"https:\/\/sr.oxyen.xyz\/fr\/wp-json\/wp\/v2\/pages\/4461"}],"collection":[{"href":"https:\/\/sr.oxyen.xyz\/fr\/wp-json\/wp\/v2\/pages"}],"about":[{"href":"https:\/\/sr.oxyen.xyz\/fr\/wp-json\/wp\/v2\/types\/page"}],"author":[{"embeddable":true,"href":"https:\/\/sr.oxyen.xyz\/fr\/wp-json\/wp\/v2\/users\/7"}],"replies":[{"embeddable":true,"href":"https:\/\/sr.oxyen.xyz\/fr\/wp-json\/wp\/v2\/comments?post=4461"}],"version-history":[{"count":5,"href":"https:\/\/sr.oxyen.xyz\/fr\/wp-json\/wp\/v2\/pages\/4461\/revisions"}],"predecessor-version":[{"id":4466,"href":"https:\/\/sr.oxyen.xyz\/fr\/wp-json\/wp\/v2\/pages\/4461\/revisions\/4466"}],"wp:attachment":[{"href":"https:\/\/sr.oxyen.xyz\/fr\/wp-json\/wp\/v2\/media?parent=4461"}],"curies":[{"name":"wp","href":"https:\/\/api.w.org\/{rel}","templated":true}]}}