{"id":4384,"date":"2021-12-02T13:15:15","date_gmt":"2021-12-02T13:15:15","guid":{"rendered":"https:\/\/sr.oxyen.xyz\/demande-pour-stockage\/"},"modified":"2021-12-02T13:15:16","modified_gmt":"2021-12-02T13:15:16","slug":"demande-pour-stockage","status":"publish","type":"page","link":"https:\/\/sr.oxyen.xyz\/fr\/produits\/stockage\/demande-pour-stockage\/","title":{"rendered":"Demande pour stockage"},"content":{"rendered":"<p>[et_pb_section fb_built=\u00a0\u00bb1&Prime; fullwidth=\u00a0\u00bbon\u00a0\u00bb _builder_version=\u00a0\u00bb4.13.1&Prime; _module_preset=\u00a0\u00bbdefault\u00a0\u00bb global_colors_info=\u00a0\u00bb{}\u00a0\u00bb][et_pb_fullwidth_header title=\u00a0\u00bbStockage\u00a0\u00bb subhead=\u00a0\u00bbQu&rsquo;il s&rsquo;agisse d&rsquo;\u00e9quipement de sports de neige, de v\u00eatements de travail, de chaussures, de bicyclettes et plus, SR stocke presque tout:\u00a0\u00bb text_orientation=\u00a0\u00bbcenter\u00a0\u00bb button_one_url=\u00a0\u00bb\/shop\u00a0\u00bb _builder_version=\u00a0\u00bb4.14.1&Prime; _module_preset=\u00a0\u00bbdefault\u00a0\u00bb title_text_align=\u00a0\u00bbcenter\u00a0\u00bb title_text_color=\u00a0\u00bb#E02B20&Prime; title_font_size=\u00a0\u00bb38px\u00a0\u00bb content_text_align=\u00a0\u00bbcenter\u00a0\u00bb content_text_color=\u00a0\u00bb#494949&Prime; content_font_size=\u00a0\u00bb23px\u00a0\u00bb subhead_font=\u00a0\u00bb||||||||\u00a0\u00bb subhead_text_color=\u00a0\u00bb#494949&Prime; subhead_font_size=\u00a0\u00bb23px\u00a0\u00bb subhead_line_height=\u00a0\u00bb1.6em\u00a0\u00bb content_link_text_color=\u00a0\u00bb#E02B20&Prime; background_enable_color=\u00a0\u00bboff\u00a0\u00bb custom_button_one=\u00a0\u00bbon\u00a0\u00bb button_one_text_color=\u00a0\u00bb#E02B20&Prime; button_one_border_color=\u00a0\u00bb#E02B20&Prime; transform_translate_linked=\u00a0\u00bboff\u00a0\u00bb width=\u00a0\u00bb100%\u00a0\u00bb max_width=\u00a0\u00bb100%\u00a0\u00bb custom_padding=\u00a0\u00bb0px||0px||false|false\u00a0\u00bb title_font_size_tablet=\u00a0\u00bb38px\u00a0\u00bb title_font_size_phone=\u00a0\u00bb25px\u00a0\u00bb title_font_size_last_edited=\u00a0\u00bbon|tablet\u00a0\u00bb button_one_bg_color_last_edited=\u00a0\u00bboff|desktop\u00a0\u00bb global_module=\u00a0\u00bb709&Prime; saved_tabs=\u00a0\u00bball\u00a0\u00bb global_colors_info=\u00a0\u00bb{}\u00a0\u00bb button_one_bg_color__hover_enabled=\u00a0\u00bbon|hover\u00a0\u00bb button_one_bg_color__hover=\u00a0\u00bb#E02B20&Prime; button_one_bg_enable_color__hover=\u00a0\u00bbon\u00a0\u00bb button_one_text_color__hover_enabled=\u00a0\u00bbon|desktop\u00a0\u00bb button_one_text_color__hover=\u00a0\u00bb#FFFFFF\u00a0\u00bb][\/et_pb_fullwidth_header][\/et_pb_section][et_pb_section fb_built=\u00a0\u00bb1&Prime; _builder_version=\u00a0\u00bb4.13.1&Prime; _module_preset=\u00a0\u00bbdefault\u00a0\u00bb custom_padding=\u00a0\u00bb1px|||||\u00a0\u00bb global_colors_info=\u00a0\u00bb{}\u00a0\u00bb][et_pb_row _builder_version=\u00a0\u00bb4.13.1&Prime; _module_preset=\u00a0\u00bbdefault\u00a0\u00bb global_colors_info=\u00a0\u00bb{}\u00a0\u00bb][et_pb_column type=\u00a0\u00bb4_4&Prime; _builder_version=\u00a0\u00bb4.13.1&Prime; _module_preset=\u00a0\u00bbdefault\u00a0\u00bb global_colors_info=\u00a0\u00bb{}\u00a0\u00bb][et_pb_text _builder_version=\u00a0\u00bb4.14.1&Prime; _module_preset=\u00a0\u00bbdefault\u00a0\u00bb link_text_color=\u00a0\u00bb#E02B20&Prime; global_colors_info=\u00a0\u00bb{}\u00a0\u00bb link_text_color__hover_enabled=\u00a0\u00bbon|desktop\u00a0\u00bb link_text_color__hover=\u00a0\u00bb#a31515&Prime;]<\/p>\n<p><span>Qu&rsquo;il s&rsquo;agisse d&rsquo;\u00e9quipement de sports de neige, de v\u00eatements de travail, de chaussures, de bicyclettes et plus, SR stocke presque tout:<\/span><\/p>\n<p><span><a target=\"_blank\" href=\"https:\/\/sr.oxyen.xyz\/wp-content\/uploads\/2021\/11\/SkiUndSchuhraumeinrichtung_Informationsbroschuere_EXTERN_20_21_DE.pdf\" rel=\"noopener\">Assortiment stockage<\/a><\/span><\/p>\n<p>[\/et_pb_text][et_pb_contact_form success_message=\u00a0\u00bbVotre demande a \u00e9t\u00e9 envoy\u00e9e avec succ\u00e8s\u00a0\u00bb _builder_version=\u00a0\u00bb4.13.1&Prime; _module_preset=\u00a0\u00bbdefault\u00a0\u00bb _unique_id=\u00a0\u00bbce7c1b8c-bd47-4e49-826e-b02d1cc7098b\u00a0\u00bb global_colors_info=\u00a0\u00bb{}\u00a0\u00bb][et_pb_contact_field field_id=\u00a0\u00bbdescription\u00a0\u00bb field_title=\u00a0\u00bbQue voulez-vous stocker et en quelle quantit\u00e9 ? Ex: 10 Skis, 5 Snowboards, 3 V\u00e9los\u00a0\u00bb field_type=\u00a0\u00bbtext\u00a0\u00bb required_mark=\u00a0\u00bboff\u00a0\u00bb fullwidth_field=\u00a0\u00bbon\u00a0\u00bb _builder_version=\u00a0\u00bb4.13.1&Prime; _module_preset=\u00a0\u00bbdefault\u00a0\u00bb global_colors_info=\u00a0\u00bb{}\u00a0\u00bb][\/et_pb_contact_field][et_pb_contact_field field_id=\u00a0\u00bbclient-type\u00a0\u00bb field_title=\u00a0\u00bbLe syst\u00e8me de stockage est destin\u00e9 \u00e0*\u00a0\u00bb field_type=\u00a0\u00bbselect\u00a0\u00bb select_options=\u00a0\u00bb%91{%22value%22:%22Privatperson%22,%22checked%22:0,%22dragID%22:-1},{%22value%22:%22Hotel \/ Unterkunft%22,%22checked%22:0,%22dragID%22:0},{%22value%22:%22Sportesch\u00e4ft%22,%22checked%22:0,%22dragID%22:1},{%22value%22:%22Sonstige%22,%22checked%22:0,%22dragID%22:2}%93&Prime; _builder_version=\u00a0\u00bb4.13.1&Prime; _module_preset=\u00a0\u00bbdefault\u00a0\u00bb global_colors_info=\u00a0\u00bb{}\u00a0\u00bb][\/et_pb_contact_field][et_pb_contact_field field_id=\u00a0\u00bbcompany\u00a0\u00bb field_title=\u00a0\u00bbsoci\u00e9t\u00e9\u00a0\u00bb required_mark=\u00a0\u00bboff\u00a0\u00bb _builder_version=\u00a0\u00bb4.13.1&Prime; _module_preset=\u00a0\u00bbdefault\u00a0\u00bb global_colors_info=\u00a0\u00bb{}\u00a0\u00bb][\/et_pb_contact_field][et_pb_contact_field field_id=\u00a0\u00bbfirst-name\u00a0\u00bb field_title=\u00a0\u00bbPr\u00e9nom*\u00a0\u00bb allowed_symbols=\u00a0\u00bbletters\u00a0\u00bb _builder_version=\u00a0\u00bb4.13.1&Prime; _module_preset=\u00a0\u00bbdefault\u00a0\u00bb global_colors_info=\u00a0\u00bb{}\u00a0\u00bb][\/et_pb_contact_field][et_pb_contact_field field_id=\u00a0\u00bblast-name\u00a0\u00bb field_title=\u00a0\u00bbNom de famille*\u00a0\u00bb allowed_symbols=\u00a0\u00bbletters\u00a0\u00bb _builder_version=\u00a0\u00bb4.13.1&Prime; _module_preset=\u00a0\u00bbdefault\u00a0\u00bb global_colors_info=\u00a0\u00bb{}\u00a0\u00bb][\/et_pb_contact_field][et_pb_contact_field field_id=\u00a0\u00bbemail\u00a0\u00bb field_title=\u00a0\u00bbE-Mail*\u00a0\u00bb field_type=\u00a0\u00bbemail\u00a0\u00bb fullwidth_field=\u00a0\u00bbon\u00a0\u00bb _builder_version=\u00a0\u00bb4.13.1&Prime; _module_preset=\u00a0\u00bbdefault\u00a0\u00bb global_colors_info=\u00a0\u00bb{}\u00a0\u00bb][\/et_pb_contact_field][et_pb_contact_field field_id=\u00a0\u00bbphone-nr\u00a0\u00bb field_title=\u00a0\u00bbT\u00e9l\u00e9phone\u00a0\u00bb allowed_symbols=\u00a0\u00bbnumbers\u00a0\u00bb required_mark=\u00a0\u00bboff\u00a0\u00bb fullwidth_field=\u00a0\u00bbon\u00a0\u00bb _builder_version=\u00a0\u00bb4.13.1&Prime; _module_preset=\u00a0\u00bbdefault\u00a0\u00bb global_colors_info=\u00a0\u00bb{}\u00a0\u00bb][\/et_pb_contact_field][et_pb_contact_field field_id=\u00a0\u00bbstreet\u00a0\u00bb field_title=\u00a0\u00bbRue\u00a0\u00bb allowed_symbols=\u00a0\u00bbletters\u00a0\u00bb required_mark=\u00a0\u00bboff\u00a0\u00bb _builder_version=\u00a0\u00bb4.13.1&Prime; _module_preset=\u00a0\u00bbdefault\u00a0\u00bb custom_css_main_element=\u00a0\u00bbwidth: 83% !important;\u00a0\u00bb global_colors_info=\u00a0\u00bb{}\u00a0\u00bb][\/et_pb_contact_field][et_pb_contact_field field_id=\u00a0\u00bbhouse-nr\u00a0\u00bb field_title=\u00a0\u00bbNum\u00e9ro de rue\u00a0\u00bb required_mark=\u00a0\u00bboff\u00a0\u00bb _builder_version=\u00a0\u00bb4.13.1&Prime; _module_preset=\u00a0\u00bbdefault\u00a0\u00bb custom_css_main_element=\u00a0\u00bbwidth: 17% !important;\u00a0\u00bb global_colors_info=\u00a0\u00bb{}\u00a0\u00bb][\/et_pb_contact_field][et_pb_contact_field field_id=\u00a0\u00bbcity\u00a0\u00bb field_title=\u00a0\u00bbVille\u00a0\u00bb allowed_symbols=\u00a0\u00bbletters\u00a0\u00bb required_mark=\u00a0\u00bboff\u00a0\u00bb _builder_version=\u00a0\u00bb4.13.1&Prime; _module_preset=\u00a0\u00bbdefault\u00a0\u00bb custom_css_main_element=\u00a0\u00bbwidth: 83% !important;\u00a0\u00bb global_colors_info=\u00a0\u00bb{}\u00a0\u00bb][\/et_pb_contact_field][et_pb_contact_field field_id=\u00a0\u00bbpostal-code\u00a0\u00bb field_title=\u00a0\u00bbCode postal\u00a0\u00bb min_length=\u00a0\u00bb4&Prime; max_length=\u00a0\u00bb4&Prime; allowed_symbols=\u00a0\u00bbnumbers\u00a0\u00bb required_mark=\u00a0\u00bboff\u00a0\u00bb _builder_version=\u00a0\u00bb4.13.1&Prime; _module_preset=\u00a0\u00bbdefault\u00a0\u00bb custom_css_main_element=\u00a0\u00bbwidth: 17% !important;\u00a0\u00bb global_colors_info=\u00a0\u00bb{}\u00a0\u00bb][\/et_pb_contact_field][et_pb_contact_field field_id=\u00a0\u00bbmore-info\u00a0\u00bb field_title=\u00a0\u00bbRemarques\u00a0\u00bb field_type=\u00a0\u00bbtext\u00a0\u00bb required_mark=\u00a0\u00bboff\u00a0\u00bb fullwidth_field=\u00a0\u00bbon\u00a0\u00bb _builder_version=\u00a0\u00bb4.13.1&Prime; _module_preset=\u00a0\u00bbdefault\u00a0\u00bb global_colors_info=\u00a0\u00bb{}\u00a0\u00bb][\/et_pb_contact_field][\/et_pb_contact_form][\/et_pb_column][\/et_pb_row][\/et_pb_section]<\/p>\n","protected":false},"excerpt":{"rendered":"<p>Qu&rsquo;il s&rsquo;agisse d&rsquo;\u00e9quipement de sports de neige, de v\u00eatements de travail, de chaussures, de bicyclettes et plus, SR stocke presque tout: Assortiment stockage<\/p>\n","protected":false},"author":7,"featured_media":0,"parent":4390,"menu_order":0,"comment_status":"closed","ping_status":"closed","template":"page-template-fullwidth.php","meta":{"_et_pb_use_builder":"on","_et_pb_old_content":"","_et_gb_content_width":"","_links_to":"","_links_to_target":""},"acf":[],"yoast_head":"<!-- This site is optimized with the Yoast SEO plugin v17.7.1 - https:\/\/yoast.com\/wordpress\/plugins\/seo\/ -->\n<title>Demande pour stockage - SR GmbH<\/title>\n<meta name=\"robots\" content=\"index, follow, max-snippet:-1, max-image-preview:large, max-video-preview:-1\" \/>\n<link rel=\"canonical\" href=\"https:\/\/sr.oxyen.xyz\/fr\/produits\/stockage\/demande-pour-stockage\/\" \/>\n<meta property=\"og:locale\" content=\"fr_FR\" \/>\n<meta property=\"og:type\" content=\"article\" \/>\n<meta property=\"og:title\" content=\"Demande pour stockage - SR GmbH\" \/>\n<meta property=\"og:description\" content=\"Qu&#039;il s&#039;agisse d&#039;\u00e9quipement de sports de neige, de v\u00eatements de travail, de chaussures, de bicyclettes et plus, SR stocke presque tout: Assortiment stockage\" \/>\n<meta property=\"og:url\" content=\"https:\/\/sr.oxyen.xyz\/fr\/produits\/stockage\/demande-pour-stockage\/\" \/>\n<meta property=\"og:site_name\" content=\"SR GmbH\" \/>\n<meta property=\"article:modified_time\" content=\"2021-12-02T13:15:16+00:00\" \/>\n<meta name=\"twitter:card\" content=\"summary_large_image\" \/>\n<meta name=\"twitter:label1\" content=\"Dur\u00e9e de lecture estim\u00e9e\" \/>\n\t<meta name=\"twitter:data1\" content=\"4 minutes\" \/>\n<script type=\"application\/ld+json\" class=\"yoast-schema-graph\">{\"@context\":\"https:\/\/schema.org\",\"@graph\":[{\"@type\":\"WebSite\",\"@id\":\"https:\/\/sr.oxyen.xyz\/#website\",\"url\":\"https:\/\/sr.oxyen.xyz\/\",\"name\":\"SR GmbH\",\"description\":\"Just another WordPress site\",\"potentialAction\":[{\"@type\":\"SearchAction\",\"target\":{\"@type\":\"EntryPoint\",\"urlTemplate\":\"https:\/\/sr.oxyen.xyz\/?s={search_term_string}\"},\"query-input\":\"required name=search_term_string\"}],\"inLanguage\":\"fr-FR\"},{\"@type\":\"WebPage\",\"@id\":\"https:\/\/sr.oxyen.xyz\/fr\/produits\/stockage\/demande-pour-stockage\/#webpage\",\"url\":\"https:\/\/sr.oxyen.xyz\/fr\/produits\/stockage\/demande-pour-stockage\/\",\"name\":\"Demande pour stockage - SR GmbH\",\"isPartOf\":{\"@id\":\"https:\/\/sr.oxyen.xyz\/#website\"},\"datePublished\":\"2021-12-02T13:15:15+00:00\",\"dateModified\":\"2021-12-02T13:15:16+00:00\",\"breadcrumb\":{\"@id\":\"https:\/\/sr.oxyen.xyz\/fr\/produits\/stockage\/demande-pour-stockage\/#breadcrumb\"},\"inLanguage\":\"fr-FR\",\"potentialAction\":[{\"@type\":\"ReadAction\",\"target\":[\"https:\/\/sr.oxyen.xyz\/fr\/produits\/stockage\/demande-pour-stockage\/\"]}]},{\"@type\":\"BreadcrumbList\",\"@id\":\"https:\/\/sr.oxyen.xyz\/fr\/produits\/stockage\/demande-pour-stockage\/#breadcrumb\",\"itemListElement\":[{\"@type\":\"ListItem\",\"position\":1,\"name\":\"Startseite\",\"item\":\"https:\/\/sr.oxyen.xyz\/fr\/\"},{\"@type\":\"ListItem\",\"position\":2,\"name\":\"Produits\",\"item\":\"https:\/\/sr.oxyen.xyz\/fr\/produits\/\"},{\"@type\":\"ListItem\",\"position\":3,\"name\":\"Stockage\",\"item\":\"https:\/\/sr.oxyen.xyz\/fr\/produits\/stockage\/\"},{\"@type\":\"ListItem\",\"position\":4,\"name\":\"Demande pour stockage\"}]}]}<\/script>\n<!-- \/ Yoast SEO plugin. -->","yoast_head_json":{"title":"Demande pour stockage - SR GmbH","robots":{"index":"index","follow":"follow","max-snippet":"max-snippet:-1","max-image-preview":"max-image-preview:large","max-video-preview":"max-video-preview:-1"},"canonical":"https:\/\/sr.oxyen.xyz\/fr\/produits\/stockage\/demande-pour-stockage\/","og_locale":"fr_FR","og_type":"article","og_title":"Demande pour stockage - SR GmbH","og_description":"Qu'il s'agisse d'\u00e9quipement de sports de neige, de v\u00eatements de travail, de chaussures, de bicyclettes et plus, SR stocke presque tout: Assortiment stockage","og_url":"https:\/\/sr.oxyen.xyz\/fr\/produits\/stockage\/demande-pour-stockage\/","og_site_name":"SR GmbH","article_modified_time":"2021-12-02T13:15:16+00:00","twitter_card":"summary_large_image","twitter_misc":{"Dur\u00e9e de lecture estim\u00e9e":"4 minutes"},"schema":{"@context":"https:\/\/schema.org","@graph":[{"@type":"WebSite","@id":"https:\/\/sr.oxyen.xyz\/#website","url":"https:\/\/sr.oxyen.xyz\/","name":"SR GmbH","description":"Just another WordPress site","potentialAction":[{"@type":"SearchAction","target":{"@type":"EntryPoint","urlTemplate":"https:\/\/sr.oxyen.xyz\/?s={search_term_string}"},"query-input":"required name=search_term_string"}],"inLanguage":"fr-FR"},{"@type":"WebPage","@id":"https:\/\/sr.oxyen.xyz\/fr\/produits\/stockage\/demande-pour-stockage\/#webpage","url":"https:\/\/sr.oxyen.xyz\/fr\/produits\/stockage\/demande-pour-stockage\/","name":"Demande pour stockage - SR GmbH","isPartOf":{"@id":"https:\/\/sr.oxyen.xyz\/#website"},"datePublished":"2021-12-02T13:15:15+00:00","dateModified":"2021-12-02T13:15:16+00:00","breadcrumb":{"@id":"https:\/\/sr.oxyen.xyz\/fr\/produits\/stockage\/demande-pour-stockage\/#breadcrumb"},"inLanguage":"fr-FR","potentialAction":[{"@type":"ReadAction","target":["https:\/\/sr.oxyen.xyz\/fr\/produits\/stockage\/demande-pour-stockage\/"]}]},{"@type":"BreadcrumbList","@id":"https:\/\/sr.oxyen.xyz\/fr\/produits\/stockage\/demande-pour-stockage\/#breadcrumb","itemListElement":[{"@type":"ListItem","position":1,"name":"Startseite","item":"https:\/\/sr.oxyen.xyz\/fr\/"},{"@type":"ListItem","position":2,"name":"Produits","item":"https:\/\/sr.oxyen.xyz\/fr\/produits\/"},{"@type":"ListItem","position":3,"name":"Stockage","item":"https:\/\/sr.oxyen.xyz\/fr\/produits\/stockage\/"},{"@type":"ListItem","position":4,"name":"Demande pour stockage"}]}]}},"_links":{"self":[{"href":"https:\/\/sr.oxyen.xyz\/fr\/wp-json\/wp\/v2\/pages\/4384"}],"collection":[{"href":"https:\/\/sr.oxyen.xyz\/fr\/wp-json\/wp\/v2\/pages"}],"about":[{"href":"https:\/\/sr.oxyen.xyz\/fr\/wp-json\/wp\/v2\/types\/page"}],"author":[{"embeddable":true,"href":"https:\/\/sr.oxyen.xyz\/fr\/wp-json\/wp\/v2\/users\/7"}],"replies":[{"embeddable":true,"href":"https:\/\/sr.oxyen.xyz\/fr\/wp-json\/wp\/v2\/comments?post=4384"}],"version-history":[{"count":2,"href":"https:\/\/sr.oxyen.xyz\/fr\/wp-json\/wp\/v2\/pages\/4384\/revisions"}],"predecessor-version":[{"id":4386,"href":"https:\/\/sr.oxyen.xyz\/fr\/wp-json\/wp\/v2\/pages\/4384\/revisions\/4386"}],"up":[{"embeddable":true,"href":"https:\/\/sr.oxyen.xyz\/fr\/wp-json\/wp\/v2\/pages\/4390"}],"wp:attachment":[{"href":"https:\/\/sr.oxyen.xyz\/fr\/wp-json\/wp\/v2\/media?parent=4384"}],"curies":[{"name":"wp","href":"https:\/\/api.w.org\/{rel}","templated":true}]}}