{"id":4381,"date":"2021-12-02T13:12:01","date_gmt":"2021-12-02T13:12:01","guid":{"rendered":"https:\/\/sr.oxyen.xyz\/stockage-en-inox\/"},"modified":"2021-12-02T13:12:01","modified_gmt":"2021-12-02T13:12:01","slug":"stockage-en-inox","status":"publish","type":"page","link":"https:\/\/sr.oxyen.xyz\/fr\/produits\/stockage\/stockage-en-inox\/","title":{"rendered":"Stockage en inox"},"content":{"rendered":"<p>[et_pb_section fb_built=\u00a0\u00bb1&Prime; fullwidth=\u00a0\u00bbon\u00a0\u00bb _builder_version=\u00a0\u00bb4.13.1&Prime; _module_preset=\u00a0\u00bbdefault\u00a0\u00bb global_colors_info=\u00a0\u00bb{}\u00a0\u00bb][et_pb_fullwidth_header title=\u00a0\u00bbStockage en inox\u00a0\u00bb text_orientation=\u00a0\u00bbcenter\u00a0\u00bb button_one_url=\u00a0\u00bb\/shop\u00a0\u00bb _builder_version=\u00a0\u00bb4.14.1&Prime; _module_preset=\u00a0\u00bbdefault\u00a0\u00bb title_text_align=\u00a0\u00bbcenter\u00a0\u00bb title_text_color=\u00a0\u00bb#E02B20&Prime; title_font_size=\u00a0\u00bb38px\u00a0\u00bb content_text_align=\u00a0\u00bbcenter\u00a0\u00bb content_text_color=\u00a0\u00bb#494949&Prime; content_font_size=\u00a0\u00bb23px\u00a0\u00bb subhead_font=\u00a0\u00bb||||||||\u00a0\u00bb subhead_text_color=\u00a0\u00bb#494949&Prime; subhead_font_size=\u00a0\u00bb23px\u00a0\u00bb subhead_line_height=\u00a0\u00bb1.6em\u00a0\u00bb content_link_text_color=\u00a0\u00bb#E02B20&Prime; background_enable_color=\u00a0\u00bboff\u00a0\u00bb custom_button_one=\u00a0\u00bbon\u00a0\u00bb button_one_text_color=\u00a0\u00bb#E02B20&Prime; button_one_border_color=\u00a0\u00bb#E02B20&Prime; width=\u00a0\u00bb100%\u00a0\u00bb max_width=\u00a0\u00bb100%\u00a0\u00bb custom_padding=\u00a0\u00bb||25px|||\u00a0\u00bb hover_enabled=\u00a0\u00bb0&Prime; button_one_bg_color_last_edited=\u00a0\u00bboff|desktop\u00a0\u00bb global_module=\u00a0\u00bb709&Prime; saved_tabs=\u00a0\u00bball\u00a0\u00bb global_colors_info=\u00a0\u00bb{}\u00a0\u00bb button_one_bg_color__hover_enabled=\u00a0\u00bbon|hover\u00a0\u00bb button_one_bg_color__hover=\u00a0\u00bb#E02B20&Prime; button_one_bg_enable_color__hover=\u00a0\u00bbon\u00a0\u00bb button_one_text_color__hover_enabled=\u00a0\u00bbon|desktop\u00a0\u00bb button_one_text_color__hover=\u00a0\u00bb#FFFFFF\u00a0\u00bb content_link_text_color__hover_enabled=\u00a0\u00bbon|hover\u00a0\u00bb content_link_text_color__hover=\u00a0\u00bb#a31515&Prime; sticky_enabled=\u00a0\u00bb0&Prime;]<\/p>\n<p><span>Peu importe la saison, des chaussures s\u00e8ches et un local \u00e0 skis bien rang\u00e9 est primordial.<\/span><br \/><span>Tous les produits list\u00e9s ci-dessous sont fabriqu\u00e9s en acier inoxydable Nirosta de haute qualit\u00e9.<\/span><br \/><span>Nous serions heureux de vous conseiller personnellement: T\u00e9l . +41 (0)33 748 83 13<\/span><br \/><a target=\"_blank\" href=\"https:\/\/sr.oxyen.xyz\/wp-content\/uploads\/2021\/11\/bike-rack.pdf\" rel=\"noopener\"><i class=\"fa-li fa fa-file-pdf-o\"><\/i>Fiche technique Bike-Rack.pdf<\/a><\/p>\n<p>[\/et_pb_fullwidth_header][\/et_pb_section][et_pb_section fb_built=\u00a0\u00bb1&Prime; _builder_version=\u00a0\u00bb4.13.1&Prime; _module_preset=\u00a0\u00bbdefault\u00a0\u00bb custom_padding=\u00a0\u00bb1px|||||\u00a0\u00bb global_colors_info=\u00a0\u00bb{}\u00a0\u00bb][et_pb_row _builder_version=\u00a0\u00bb4.13.1&Prime; _module_preset=\u00a0\u00bbdefault\u00a0\u00bb global_colors_info=\u00a0\u00bb{}\u00a0\u00bb][et_pb_column type=\u00a0\u00bb4_4&Prime; _builder_version=\u00a0\u00bb4.13.1&Prime; _module_preset=\u00a0\u00bbdefault\u00a0\u00bb global_colors_info=\u00a0\u00bb{}\u00a0\u00bb][et_pb_gallery gallery_ids=\u00a0\u00bb2468,2471,2474,2477,2480,2483&Prime; posts_number=\u00a0\u00bb6&Prime; orientation=\u00a0\u00bbportrait\u00a0\u00bb show_title_and_caption=\u00a0\u00bboff\u00a0\u00bb show_pagination=\u00a0\u00bboff\u00a0\u00bb _builder_version=\u00a0\u00bb4.13.1&Prime; _module_preset=\u00a0\u00bbdefault\u00a0\u00bb module_alignment=\u00a0\u00bbcenter\u00a0\u00bb custom_css_gallery_item=\u00a0\u00bbwidth: 31% !important;||margin: 10px !important;||clear: none !important;\u00a0\u00bb global_colors_info=\u00a0\u00bb{}\u00a0\u00bb][\/et_pb_gallery][\/et_pb_column][\/et_pb_row][\/et_pb_section]<\/p>\n","protected":false},"excerpt":{"rendered":"<p>Peu importe la saison, des chaussures s\u00e8ches et un local \u00e0 skis bien rang\u00e9 est primordial.Tous les produits list\u00e9s ci-dessous sont fabriqu\u00e9s en acier inoxydable Nirosta de haute qualit\u00e9.Nous serions heureux de vous conseiller personnellement: T\u00e9l . +41 (0)33 748 83 13Fiche technique Bike-Rack.pdf<\/p>\n","protected":false},"author":7,"featured_media":0,"parent":4390,"menu_order":0,"comment_status":"closed","ping_status":"closed","template":"page-template-fullwidth.php","meta":{"_et_pb_use_builder":"on","_et_pb_old_content":"","_et_gb_content_width":"","_links_to":"","_links_to_target":""},"acf":[],"yoast_head":"<!-- This site is optimized with the Yoast SEO plugin v17.7.1 - https:\/\/yoast.com\/wordpress\/plugins\/seo\/ -->\n<title>Stockage en inox - SR GmbH<\/title>\n<meta name=\"robots\" content=\"index, follow, max-snippet:-1, max-image-preview:large, max-video-preview:-1\" \/>\n<link rel=\"canonical\" href=\"https:\/\/sr.oxyen.xyz\/fr\/produits\/stockage\/stockage-en-inox\/\" \/>\n<meta property=\"og:locale\" content=\"fr_FR\" \/>\n<meta property=\"og:type\" content=\"article\" \/>\n<meta property=\"og:title\" content=\"Stockage en inox - SR GmbH\" \/>\n<meta property=\"og:description\" content=\"Peu importe la saison, des chaussures s\u00e8ches et un local \u00e0 skis bien rang\u00e9 est primordial.Tous les produits list\u00e9s ci-dessous sont fabriqu\u00e9s en acier inoxydable Nirosta de haute qualit\u00e9.Nous serions heureux de vous conseiller personnellement: T\u00e9l . +41 (0)33 748 83 13Fiche technique Bike-Rack.pdf\" \/>\n<meta property=\"og:url\" content=\"https:\/\/sr.oxyen.xyz\/fr\/produits\/stockage\/stockage-en-inox\/\" \/>\n<meta property=\"og:site_name\" content=\"SR GmbH\" \/>\n<meta name=\"twitter:card\" content=\"summary_large_image\" \/>\n<meta name=\"twitter:label1\" content=\"Dur\u00e9e de lecture estim\u00e9e\" \/>\n\t<meta name=\"twitter:data1\" content=\"2 minutes\" \/>\n<script type=\"application\/ld+json\" class=\"yoast-schema-graph\">{\"@context\":\"https:\/\/schema.org\",\"@graph\":[{\"@type\":\"WebSite\",\"@id\":\"https:\/\/sr.oxyen.xyz\/#website\",\"url\":\"https:\/\/sr.oxyen.xyz\/\",\"name\":\"SR GmbH\",\"description\":\"Just another WordPress site\",\"potentialAction\":[{\"@type\":\"SearchAction\",\"target\":{\"@type\":\"EntryPoint\",\"urlTemplate\":\"https:\/\/sr.oxyen.xyz\/?s={search_term_string}\"},\"query-input\":\"required name=search_term_string\"}],\"inLanguage\":\"fr-FR\"},{\"@type\":\"WebPage\",\"@id\":\"https:\/\/sr.oxyen.xyz\/fr\/produits\/stockage\/stockage-en-inox\/#webpage\",\"url\":\"https:\/\/sr.oxyen.xyz\/fr\/produits\/stockage\/stockage-en-inox\/\",\"name\":\"Stockage en inox - SR GmbH\",\"isPartOf\":{\"@id\":\"https:\/\/sr.oxyen.xyz\/#website\"},\"datePublished\":\"2021-12-02T13:12:01+00:00\",\"dateModified\":\"2021-12-02T13:12:01+00:00\",\"breadcrumb\":{\"@id\":\"https:\/\/sr.oxyen.xyz\/fr\/produits\/stockage\/stockage-en-inox\/#breadcrumb\"},\"inLanguage\":\"fr-FR\",\"potentialAction\":[{\"@type\":\"ReadAction\",\"target\":[\"https:\/\/sr.oxyen.xyz\/fr\/produits\/stockage\/stockage-en-inox\/\"]}]},{\"@type\":\"BreadcrumbList\",\"@id\":\"https:\/\/sr.oxyen.xyz\/fr\/produits\/stockage\/stockage-en-inox\/#breadcrumb\",\"itemListElement\":[{\"@type\":\"ListItem\",\"position\":1,\"name\":\"Startseite\",\"item\":\"https:\/\/sr.oxyen.xyz\/fr\/\"},{\"@type\":\"ListItem\",\"position\":2,\"name\":\"Produits\",\"item\":\"https:\/\/sr.oxyen.xyz\/fr\/produits\/\"},{\"@type\":\"ListItem\",\"position\":3,\"name\":\"Stockage\",\"item\":\"https:\/\/sr.oxyen.xyz\/fr\/produits\/stockage\/\"},{\"@type\":\"ListItem\",\"position\":4,\"name\":\"Stockage en inox\"}]}]}<\/script>\n<!-- \/ Yoast SEO plugin. -->","yoast_head_json":{"title":"Stockage en inox - SR GmbH","robots":{"index":"index","follow":"follow","max-snippet":"max-snippet:-1","max-image-preview":"max-image-preview:large","max-video-preview":"max-video-preview:-1"},"canonical":"https:\/\/sr.oxyen.xyz\/fr\/produits\/stockage\/stockage-en-inox\/","og_locale":"fr_FR","og_type":"article","og_title":"Stockage en inox - SR GmbH","og_description":"Peu importe la saison, des chaussures s\u00e8ches et un local \u00e0 skis bien rang\u00e9 est primordial.Tous les produits list\u00e9s ci-dessous sont fabriqu\u00e9s en acier inoxydable Nirosta de haute qualit\u00e9.Nous serions heureux de vous conseiller personnellement: T\u00e9l . +41 (0)33 748 83 13Fiche technique Bike-Rack.pdf","og_url":"https:\/\/sr.oxyen.xyz\/fr\/produits\/stockage\/stockage-en-inox\/","og_site_name":"SR GmbH","twitter_card":"summary_large_image","twitter_misc":{"Dur\u00e9e de lecture estim\u00e9e":"2 minutes"},"schema":{"@context":"https:\/\/schema.org","@graph":[{"@type":"WebSite","@id":"https:\/\/sr.oxyen.xyz\/#website","url":"https:\/\/sr.oxyen.xyz\/","name":"SR GmbH","description":"Just another WordPress site","potentialAction":[{"@type":"SearchAction","target":{"@type":"EntryPoint","urlTemplate":"https:\/\/sr.oxyen.xyz\/?s={search_term_string}"},"query-input":"required name=search_term_string"}],"inLanguage":"fr-FR"},{"@type":"WebPage","@id":"https:\/\/sr.oxyen.xyz\/fr\/produits\/stockage\/stockage-en-inox\/#webpage","url":"https:\/\/sr.oxyen.xyz\/fr\/produits\/stockage\/stockage-en-inox\/","name":"Stockage en inox - SR GmbH","isPartOf":{"@id":"https:\/\/sr.oxyen.xyz\/#website"},"datePublished":"2021-12-02T13:12:01+00:00","dateModified":"2021-12-02T13:12:01+00:00","breadcrumb":{"@id":"https:\/\/sr.oxyen.xyz\/fr\/produits\/stockage\/stockage-en-inox\/#breadcrumb"},"inLanguage":"fr-FR","potentialAction":[{"@type":"ReadAction","target":["https:\/\/sr.oxyen.xyz\/fr\/produits\/stockage\/stockage-en-inox\/"]}]},{"@type":"BreadcrumbList","@id":"https:\/\/sr.oxyen.xyz\/fr\/produits\/stockage\/stockage-en-inox\/#breadcrumb","itemListElement":[{"@type":"ListItem","position":1,"name":"Startseite","item":"https:\/\/sr.oxyen.xyz\/fr\/"},{"@type":"ListItem","position":2,"name":"Produits","item":"https:\/\/sr.oxyen.xyz\/fr\/produits\/"},{"@type":"ListItem","position":3,"name":"Stockage","item":"https:\/\/sr.oxyen.xyz\/fr\/produits\/stockage\/"},{"@type":"ListItem","position":4,"name":"Stockage en inox"}]}]}},"_links":{"self":[{"href":"https:\/\/sr.oxyen.xyz\/fr\/wp-json\/wp\/v2\/pages\/4381"}],"collection":[{"href":"https:\/\/sr.oxyen.xyz\/fr\/wp-json\/wp\/v2\/pages"}],"about":[{"href":"https:\/\/sr.oxyen.xyz\/fr\/wp-json\/wp\/v2\/types\/page"}],"author":[{"embeddable":true,"href":"https:\/\/sr.oxyen.xyz\/fr\/wp-json\/wp\/v2\/users\/7"}],"replies":[{"embeddable":true,"href":"https:\/\/sr.oxyen.xyz\/fr\/wp-json\/wp\/v2\/comments?post=4381"}],"version-history":[{"count":2,"href":"https:\/\/sr.oxyen.xyz\/fr\/wp-json\/wp\/v2\/pages\/4381\/revisions"}],"predecessor-version":[{"id":4383,"href":"https:\/\/sr.oxyen.xyz\/fr\/wp-json\/wp\/v2\/pages\/4381\/revisions\/4383"}],"up":[{"embeddable":true,"href":"https:\/\/sr.oxyen.xyz\/fr\/wp-json\/wp\/v2\/pages\/4390"}],"wp:attachment":[{"href":"https:\/\/sr.oxyen.xyz\/fr\/wp-json\/wp\/v2\/media?parent=4381"}],"curies":[{"name":"wp","href":"https:\/\/api.w.org\/{rel}","templated":true}]}}