{"id":4354,"date":"2021-12-02T12:55:51","date_gmt":"2021-12-02T12:55:51","guid":{"rendered":"https:\/\/sr.oxyen.xyz\/sr-digital-signage\/"},"modified":"2021-12-02T12:55:53","modified_gmt":"2021-12-02T12:55:53","slug":"sr-digital-signage","status":"publish","type":"page","link":"https:\/\/sr.oxyen.xyz\/fr\/sr-digital-signage\/","title":{"rendered":"SR Digital Signage"},"content":{"rendered":"<p>[et_pb_section fb_built=\u00a0\u00bb1&Prime; _builder_version=\u00a0\u00bb4.13.1&Prime; _module_preset=\u00a0\u00bbdefault\u00a0\u00bb global_colors_info=\u00a0\u00bb{}\u00a0\u00bb][et_pb_row _builder_version=\u00a0\u00bb4.13.1&Prime; _module_preset=\u00a0\u00bbdefault\u00a0\u00bb global_colors_info=\u00a0\u00bb{}\u00a0\u00bb][et_pb_column type=\u00a0\u00bb4_4&Prime; _builder_version=\u00a0\u00bb4.13.1&Prime; _module_preset=\u00a0\u00bbdefault\u00a0\u00bb global_colors_info=\u00a0\u00bb{}\u00a0\u00bb][et_pb_image src=\u00a0\u00bbhttps:\/\/sr.oxyen.xyz\/wp-content\/uploads\/2021\/11\/Logo_e.active.network-120&#215;120-1.jpg\u00a0\u00bb title_text=\u00a0\u00bbLogo_e.active.network-120&#215;120&Prime; _builder_version=\u00a0\u00bb4.13.1&Prime; _module_preset=\u00a0\u00bbdefault\u00a0\u00bb global_colors_info=\u00a0\u00bb{}\u00a0\u00bb][\/et_pb_image][et_pb_text _builder_version=\u00a0\u00bb4.13.1&Prime; _module_preset=\u00a0\u00bbdefault\u00a0\u00bb global_colors_info=\u00a0\u00bb{}\u00a0\u00bb]<\/p>\n<div class=\"row ft-top\">\n<div class=\"col-sm-12\">\n<h1>SR Digital Signage<\/h1>\n<div class=\"lead\">\n<p>Un simple \u00e9cran plat et le SR e-active.networking suffisent \u00e0 fournir aux clients une cha\u00eene TV int\u00e9gr\u00e9e et \u00e9largie avec des informations int\u00e9ressantes sur les groupes cibl\u00e9s, tout en augmentant le potentiel de cr\u00e9ation de valeur gr\u00e2ce aux recettes publicitaires. <\/p>\n<p>En plus des informations d\u00e9j\u00e0 transmises sur l&rsquo;\u00e9cran concernant la file d&rsquo;attente SR Q, SR e-active.networking peut \u00eatre utilis\u00e9 pour cr\u00e9er rapidement et efficacement un contenu suppl\u00e9mentaire attrayant, tel que par ex. Les pr\u00e9visions m\u00e9t\u00e9o locales, les \u00e9v\u00e9nements quotidiens pour la soir\u00e9e ainsi que la transmission des images en direct des webcams sont int\u00e9gr\u00e9s. L&rsquo;information peut \u00eatre transmise dans diff\u00e9rents formats. Il est donc possible de transf\u00e9rer toutes les informations techniques en alternance avec les contributions suppl\u00e9mentaires.<\/p><\/div>\n<\/div>\n<\/div>\n<p>[\/et_pb_text][\/et_pb_column][\/et_pb_row][et_pb_row column_structure=\u00a0\u00bb1_2,1_2&Prime; _builder_version=\u00a0\u00bb4.13.1&Prime; _module_preset=\u00a0\u00bbdefault\u00a0\u00bb global_colors_info=\u00a0\u00bb{}\u00a0\u00bb][et_pb_column type=\u00a0\u00bb1_2&Prime; _builder_version=\u00a0\u00bb4.13.1&Prime; _module_preset=\u00a0\u00bbdefault\u00a0\u00bb global_colors_info=\u00a0\u00bb{}\u00a0\u00bb][et_pb_image src=\u00a0\u00bbhttps:\/\/sr.oxyen.xyz\/wp-content\/uploads\/2021\/11\/Digital-Signage2.jpg\u00a0\u00bb title_text=\u00a0\u00bbTourists walking toward Tower Bridge, electronic display with weather forecast.\u00a0\u00bb _builder_version=\u00a0\u00bb4.13.1&Prime; _module_preset=\u00a0\u00bbdefault\u00a0\u00bb global_colors_info=\u00a0\u00bb{}\u00a0\u00bb][\/et_pb_image][et_pb_text _builder_version=\u00a0\u00bb4.14.1&Prime; _module_preset=\u00a0\u00bbdefault\u00a0\u00bb hover_enabled=\u00a0\u00bb0&Prime; global_colors_info=\u00a0\u00bb{}\u00a0\u00bb sticky_enabled=\u00a0\u00bb0&Prime;]<\/p>\n<h4><a href=\"https:\/\/sr.oxyen.xyz\/wp-content\/uploads\/2021\/11\/DigitalSignage_FlyerA5ZumMailversand_EXTERN.pdf\" target=\"_blank\" rel=\"noopener\"><span style=\"color: #ff0000;\">Mehr Informationen zum ProfileTV<\/span><\/a><\/h4>\n<p>[\/et_pb_text][\/et_pb_column][et_pb_column type=\u00a0\u00bb1_2&Prime; _builder_version=\u00a0\u00bb4.13.1&Prime; _module_preset=\u00a0\u00bbdefault\u00a0\u00bb global_colors_info=\u00a0\u00bb{}\u00a0\u00bb][et_pb_image src=\u00a0\u00bbhttps:\/\/sr.oxyen.xyz\/wp-content\/uploads\/2021\/11\/Digital-Signage1.jpg\u00a0\u00bb title_text=\u00a0\u00bbTimes Square New York City\u00a0\u00bb _builder_version=\u00a0\u00bb4.13.1&Prime; _module_preset=\u00a0\u00bbdefault\u00a0\u00bb global_colors_info=\u00a0\u00bb{}\u00a0\u00bb][\/et_pb_image][\/et_pb_column][\/et_pb_row][\/et_pb_section]<\/p>\n","protected":false},"excerpt":{"rendered":"<p>SR Digital Signage Un simple \u00e9cran plat et le SR e-active.networking suffisent \u00e0 fournir aux clients une cha\u00eene TV int\u00e9gr\u00e9e et \u00e9largie avec des informations int\u00e9ressantes sur les groupes cibl\u00e9s, tout en augmentant le potentiel de cr\u00e9ation de valeur gr\u00e2ce aux recettes publicitaires. En plus des informations d\u00e9j\u00e0 transmises sur l&rsquo;\u00e9cran concernant la file d&rsquo;attente [&hellip;]<\/p>\n","protected":false},"author":10,"featured_media":0,"parent":0,"menu_order":0,"comment_status":"closed","ping_status":"closed","template":"page-template-fullwidth.php","meta":{"_et_pb_use_builder":"on","_et_pb_old_content":"","_et_gb_content_width":"","_links_to":"","_links_to_target":""},"acf":[],"yoast_head":"<!-- This site is optimized with the Yoast SEO plugin v17.7.1 - https:\/\/yoast.com\/wordpress\/plugins\/seo\/ -->\n<title>SR Digital Signage - SR GmbH<\/title>\n<meta name=\"robots\" content=\"index, follow, max-snippet:-1, max-image-preview:large, max-video-preview:-1\" \/>\n<link rel=\"canonical\" href=\"https:\/\/sr.oxyen.xyz\/fr\/sr-digital-signage\/\" \/>\n<meta property=\"og:locale\" content=\"fr_FR\" \/>\n<meta property=\"og:type\" content=\"article\" \/>\n<meta property=\"og:title\" content=\"SR Digital Signage - SR GmbH\" \/>\n<meta property=\"og:description\" content=\"SR Digital Signage Un simple \u00e9cran plat et le SR e-active.networking suffisent \u00e0 fournir aux clients une cha\u00eene TV int\u00e9gr\u00e9e et \u00e9largie avec des informations int\u00e9ressantes sur les groupes cibl\u00e9s, tout en augmentant le potentiel de cr\u00e9ation de valeur gr\u00e2ce aux recettes publicitaires. En plus des informations d\u00e9j\u00e0 transmises sur l&#039;\u00e9cran concernant la file d&#039;attente [&hellip;]\" \/>\n<meta property=\"og:url\" content=\"https:\/\/sr.oxyen.xyz\/fr\/sr-digital-signage\/\" \/>\n<meta property=\"og:site_name\" content=\"SR GmbH\" \/>\n<meta property=\"article:modified_time\" content=\"2021-12-02T12:55:53+00:00\" \/>\n<meta name=\"twitter:card\" content=\"summary_large_image\" \/>\n<meta name=\"twitter:label1\" content=\"Dur\u00e9e de lecture estim\u00e9e\" \/>\n\t<meta name=\"twitter:data1\" content=\"2 minutes\" \/>\n<script type=\"application\/ld+json\" class=\"yoast-schema-graph\">{\"@context\":\"https:\/\/schema.org\",\"@graph\":[{\"@type\":\"WebSite\",\"@id\":\"https:\/\/sr.oxyen.xyz\/#website\",\"url\":\"https:\/\/sr.oxyen.xyz\/\",\"name\":\"SR GmbH\",\"description\":\"Just another WordPress site\",\"potentialAction\":[{\"@type\":\"SearchAction\",\"target\":{\"@type\":\"EntryPoint\",\"urlTemplate\":\"https:\/\/sr.oxyen.xyz\/?s={search_term_string}\"},\"query-input\":\"required name=search_term_string\"}],\"inLanguage\":\"fr-FR\"},{\"@type\":\"WebPage\",\"@id\":\"https:\/\/sr.oxyen.xyz\/fr\/sr-digital-signage\/#webpage\",\"url\":\"https:\/\/sr.oxyen.xyz\/fr\/sr-digital-signage\/\",\"name\":\"SR Digital Signage - SR GmbH\",\"isPartOf\":{\"@id\":\"https:\/\/sr.oxyen.xyz\/#website\"},\"datePublished\":\"2021-12-02T12:55:51+00:00\",\"dateModified\":\"2021-12-02T12:55:53+00:00\",\"breadcrumb\":{\"@id\":\"https:\/\/sr.oxyen.xyz\/fr\/sr-digital-signage\/#breadcrumb\"},\"inLanguage\":\"fr-FR\",\"potentialAction\":[{\"@type\":\"ReadAction\",\"target\":[\"https:\/\/sr.oxyen.xyz\/fr\/sr-digital-signage\/\"]}]},{\"@type\":\"BreadcrumbList\",\"@id\":\"https:\/\/sr.oxyen.xyz\/fr\/sr-digital-signage\/#breadcrumb\",\"itemListElement\":[{\"@type\":\"ListItem\",\"position\":1,\"name\":\"Startseite\",\"item\":\"https:\/\/sr.oxyen.xyz\/fr\/\"},{\"@type\":\"ListItem\",\"position\":2,\"name\":\"SR Digital Signage\"}]}]}<\/script>\n<!-- \/ Yoast SEO plugin. -->","yoast_head_json":{"title":"SR Digital Signage - SR GmbH","robots":{"index":"index","follow":"follow","max-snippet":"max-snippet:-1","max-image-preview":"max-image-preview:large","max-video-preview":"max-video-preview:-1"},"canonical":"https:\/\/sr.oxyen.xyz\/fr\/sr-digital-signage\/","og_locale":"fr_FR","og_type":"article","og_title":"SR Digital Signage - SR GmbH","og_description":"SR Digital Signage Un simple \u00e9cran plat et le SR e-active.networking suffisent \u00e0 fournir aux clients une cha\u00eene TV int\u00e9gr\u00e9e et \u00e9largie avec des informations int\u00e9ressantes sur les groupes cibl\u00e9s, tout en augmentant le potentiel de cr\u00e9ation de valeur gr\u00e2ce aux recettes publicitaires. En plus des informations d\u00e9j\u00e0 transmises sur l'\u00e9cran concernant la file d'attente [&hellip;]","og_url":"https:\/\/sr.oxyen.xyz\/fr\/sr-digital-signage\/","og_site_name":"SR GmbH","article_modified_time":"2021-12-02T12:55:53+00:00","twitter_card":"summary_large_image","twitter_misc":{"Dur\u00e9e de lecture estim\u00e9e":"2 minutes"},"schema":{"@context":"https:\/\/schema.org","@graph":[{"@type":"WebSite","@id":"https:\/\/sr.oxyen.xyz\/#website","url":"https:\/\/sr.oxyen.xyz\/","name":"SR GmbH","description":"Just another WordPress site","potentialAction":[{"@type":"SearchAction","target":{"@type":"EntryPoint","urlTemplate":"https:\/\/sr.oxyen.xyz\/?s={search_term_string}"},"query-input":"required name=search_term_string"}],"inLanguage":"fr-FR"},{"@type":"WebPage","@id":"https:\/\/sr.oxyen.xyz\/fr\/sr-digital-signage\/#webpage","url":"https:\/\/sr.oxyen.xyz\/fr\/sr-digital-signage\/","name":"SR Digital Signage - SR GmbH","isPartOf":{"@id":"https:\/\/sr.oxyen.xyz\/#website"},"datePublished":"2021-12-02T12:55:51+00:00","dateModified":"2021-12-02T12:55:53+00:00","breadcrumb":{"@id":"https:\/\/sr.oxyen.xyz\/fr\/sr-digital-signage\/#breadcrumb"},"inLanguage":"fr-FR","potentialAction":[{"@type":"ReadAction","target":["https:\/\/sr.oxyen.xyz\/fr\/sr-digital-signage\/"]}]},{"@type":"BreadcrumbList","@id":"https:\/\/sr.oxyen.xyz\/fr\/sr-digital-signage\/#breadcrumb","itemListElement":[{"@type":"ListItem","position":1,"name":"Startseite","item":"https:\/\/sr.oxyen.xyz\/fr\/"},{"@type":"ListItem","position":2,"name":"SR Digital Signage"}]}]}},"_links":{"self":[{"href":"https:\/\/sr.oxyen.xyz\/fr\/wp-json\/wp\/v2\/pages\/4354"}],"collection":[{"href":"https:\/\/sr.oxyen.xyz\/fr\/wp-json\/wp\/v2\/pages"}],"about":[{"href":"https:\/\/sr.oxyen.xyz\/fr\/wp-json\/wp\/v2\/types\/page"}],"author":[{"embeddable":true,"href":"https:\/\/sr.oxyen.xyz\/fr\/wp-json\/wp\/v2\/users\/10"}],"replies":[{"embeddable":true,"href":"https:\/\/sr.oxyen.xyz\/fr\/wp-json\/wp\/v2\/comments?post=4354"}],"version-history":[{"count":5,"href":"https:\/\/sr.oxyen.xyz\/fr\/wp-json\/wp\/v2\/pages\/4354\/revisions"}],"predecessor-version":[{"id":4359,"href":"https:\/\/sr.oxyen.xyz\/fr\/wp-json\/wp\/v2\/pages\/4354\/revisions\/4359"}],"wp:attachment":[{"href":"https:\/\/sr.oxyen.xyz\/fr\/wp-json\/wp\/v2\/media?parent=4354"}],"curies":[{"name":"wp","href":"https:\/\/api.w.org\/{rel}","templated":true}]}}