{"id":4316,"date":"2021-12-02T10:49:29","date_gmt":"2021-12-02T10:49:29","guid":{"rendered":"https:\/\/sr.oxyen.xyz\/it-controle-pour-pme\/"},"modified":"2021-12-02T10:49:29","modified_gmt":"2021-12-02T10:49:29","slug":"it-controle-pour-pme","status":"publish","type":"page","link":"https:\/\/sr.oxyen.xyz\/fr\/services\/it-controle-pour-pme\/","title":{"rendered":"IT-contr\u00f4le pour PME"},"content":{"rendered":"<p>[et_pb_section fb_built=\u00a0\u00bb1&Prime; fullwidth=\u00a0\u00bbon\u00a0\u00bb _builder_version=\u00a0\u00bb4.13.1&Prime; _module_preset=\u00a0\u00bbdefault\u00a0\u00bb global_colors_info=\u00a0\u00bb{}\u00a0\u00bb theme_builder_area=\u00a0\u00bbpost_content\u00a0\u00bb][et_pb_fullwidth_header title=\u00a0\u00bbV\u00e9rification IT pour PME\u00a0\u00bb text_orientation=\u00a0\u00bbcenter\u00a0\u00bb button_one_url=\u00a0\u00bb\/shop\u00a0\u00bb _builder_version=\u00a0\u00bb4.13.1&Prime; _module_preset=\u00a0\u00bbdefault\u00a0\u00bb title_text_align=\u00a0\u00bbcenter\u00a0\u00bb title_text_color=\u00a0\u00bb#E02B20&Prime; title_font_size=\u00a0\u00bb34px\u00a0\u00bb content_text_color=\u00a0\u00bb#000000&Prime; subhead_font=\u00a0\u00bb||||||||\u00a0\u00bb subhead_text_color=\u00a0\u00bb#494949&Prime; subhead_font_size=\u00a0\u00bb23px\u00a0\u00bb subhead_line_height=\u00a0\u00bb1.6em\u00a0\u00bb background_enable_color=\u00a0\u00bboff\u00a0\u00bb custom_button_one=\u00a0\u00bbon\u00a0\u00bb button_one_text_color=\u00a0\u00bb#E02B20&Prime; button_one_border_color=\u00a0\u00bb#E02B20&Prime; width=\u00a0\u00bb100%\u00a0\u00bb max_width=\u00a0\u00bb100%\u00a0\u00bb custom_padding=\u00a0\u00bb||25px|||\u00a0\u00bb button_one_bg_color_last_edited=\u00a0\u00bboff|desktop\u00a0\u00bb global_module=\u00a0\u00bb709&Prime; saved_tabs=\u00a0\u00bball\u00a0\u00bb global_colors_info=\u00a0\u00bb{}\u00a0\u00bb button_one_bg_color__hover_enabled=\u00a0\u00bbon|hover\u00a0\u00bb button_one_bg_color__hover=\u00a0\u00bb#E02B20&Prime; button_one_bg_enable_color__hover=\u00a0\u00bbon\u00a0\u00bb button_one_text_color__hover_enabled=\u00a0\u00bbon|desktop\u00a0\u00bb button_one_text_color__hover=\u00a0\u00bb#FFFFFF\u00a0\u00bb theme_builder_area=\u00a0\u00bbpost_content\u00a0\u00bb][\/et_pb_fullwidth_header][\/et_pb_section][et_pb_section fb_built=\u00a0\u00bb1&Prime; specialty=\u00a0\u00bbon\u00a0\u00bb _builder_version=\u00a0\u00bb4.13.1&Prime; _module_preset=\u00a0\u00bbdefault\u00a0\u00bb width=\u00a0\u00bb100%\u00a0\u00bb max_width=\u00a0\u00bb100%\u00a0\u00bb inner_width=\u00a0\u00bb100%\u00a0\u00bb inner_max_width=\u00a0\u00bb86%\u00a0\u00bb custom_padding=\u00a0\u00bb2px|||||\u00a0\u00bb global_colors_info=\u00a0\u00bb{}\u00a0\u00bb theme_builder_area=\u00a0\u00bbpost_content\u00a0\u00bb][et_pb_column type=\u00a0\u00bb1_2&Prime; _builder_version=\u00a0\u00bb3.25&Prime; custom_padding=\u00a0\u00bb|||\u00a0\u00bb global_colors_info=\u00a0\u00bb{}\u00a0\u00bb custom_padding__hover=\u00a0\u00bb|||\u00a0\u00bb theme_builder_area=\u00a0\u00bbpost_content\u00a0\u00bb][dipl_tilt_image image=\u00a0\u00bbhttps:\/\/sr.oxyen.xyz\/wp-content\/uploads\/2021\/11\/Dienstleistung-IT-Check.jpg\u00a0\u00bb _builder_version=\u00a0\u00bb4.13.1&Prime; _module_preset=\u00a0\u00bbdefault\u00a0\u00bb hover_enabled=\u00a0\u00bb0&Prime; locked=\u00a0\u00bboff\u00a0\u00bb global_colors_info=\u00a0\u00bb{}\u00a0\u00bb theme_builder_area=\u00a0\u00bbpost_content\u00a0\u00bb title_text=\u00a0\u00bbDienstleistung-IT-Check\u00a0\u00bb sticky_enabled=\u00a0\u00bb0&Prime; tilt_max=\u00a0\u00bb10&Prime;][\/dipl_tilt_image][\/et_pb_column][et_pb_column type=\u00a0\u00bb1_2&Prime; specialty_columns=\u00a0\u00bb2&Prime; _builder_version=\u00a0\u00bb3.25&Prime; custom_padding=\u00a0\u00bb|||\u00a0\u00bb global_colors_info=\u00a0\u00bb{}\u00a0\u00bb custom_padding__hover=\u00a0\u00bb|||\u00a0\u00bb theme_builder_area=\u00a0\u00bbpost_content\u00a0\u00bb][et_pb_row_inner _builder_version=\u00a0\u00bb4.13.1&Prime; _module_preset=\u00a0\u00bbdefault\u00a0\u00bb global_colors_info=\u00a0\u00bb{}\u00a0\u00bb theme_builder_area=\u00a0\u00bbpost_content\u00a0\u00bb][et_pb_column_inner saved_specialty_column_type=\u00a0\u00bb1_2&Prime; _builder_version=\u00a0\u00bb4.13.1&Prime; _module_preset=\u00a0\u00bbdefault\u00a0\u00bb global_colors_info=\u00a0\u00bb{}\u00a0\u00bb theme_builder_area=\u00a0\u00bbpost_content\u00a0\u00bb][et_pb_text _builder_version=\u00a0\u00bb4.13.1&Prime; _module_preset=\u00a0\u00bbdefault\u00a0\u00bb text_text_color=\u00a0\u00bbrgba(0,0,0,0.74)\u00a0\u00bb text_font_size=\u00a0\u00bb18px\u00a0\u00bb global_colors_info=\u00a0\u00bb{}\u00a0\u00bb theme_builder_area=\u00a0\u00bbpost_content\u00a0\u00bb]<\/p>\n<p><span>Votre infrastructure informatique est-elle prot\u00e9g\u00e9e contre les dangers de l&rsquo;\u00e8re Internet? Vos syst\u00e8mes sont-ils \u00e0 jour? Tous les m\u00e9canismes de protection sont-ils actifs et fonctionnels?<\/span><br \/><span>Profitez du contr\u00f4le informatique non contraignant et nous v\u00e9rifions la s\u00e9curit\u00e9 de l&rsquo;environnement informatique de votre entreprise. Inclus dans cette v\u00e9rification:<\/span><\/p>\n<p>[\/et_pb_text][\/et_pb_column_inner][\/et_pb_row_inner][et_pb_row_inner column_structure=\u00a0\u00bb1_2,1_2&Prime; _builder_version=\u00a0\u00bb4.13.1&Prime; _module_preset=\u00a0\u00bbdefault\u00a0\u00bb global_colors_info=\u00a0\u00bb{}\u00a0\u00bb theme_builder_area=\u00a0\u00bbpost_content\u00a0\u00bb][et_pb_column_inner type=\u00a0\u00bb1_2&Prime; saved_specialty_column_type=\u00a0\u00bb1_2&Prime; _builder_version=\u00a0\u00bb4.13.1&Prime; _module_preset=\u00a0\u00bbdefault\u00a0\u00bb global_colors_info=\u00a0\u00bb{}\u00a0\u00bb theme_builder_area=\u00a0\u00bbpost_content\u00a0\u00bb][et_pb_text _builder_version=\u00a0\u00bb4.13.1&Prime; _module_preset=\u00a0\u00bbdefault\u00a0\u00bb text_font=\u00a0\u00bb||||||||\u00a0\u00bb text_text_color=\u00a0\u00bbrgba(0,0,0,0.75)\u00a0\u00bb text_font_size=\u00a0\u00bb16px\u00a0\u00bb ul_text_color=\u00a0\u00bbrgba(0,0,0,0.66)\u00a0\u00bb ul_font_size=\u00a0\u00bb15px\u00a0\u00bb ul_line_height=\u00a0\u00bb1.5em\u00a0\u00bb header_2_text_color=\u00a0\u00bbrgba(0,0,0,0.8)\u00a0\u00bb header_2_font_size=\u00a0\u00bb19px\u00a0\u00bb global_colors_info=\u00a0\u00bb{}\u00a0\u00bb theme_builder_area=\u00a0\u00bbpost_content\u00a0\u00bb]<\/p>\n<ul>\n<li>V\u00e9rification du serveur: v\u00e9rifiez les param\u00e8tres de configuration et de s\u00e9curit\u00e9 de votre serveur.<\/li>\n<li>Sauvegarde des donn\u00e9es: v\u00e9rification de la sauvegarde des donn\u00e9es de votre entreprise.<\/li>\n<li>S\u00e9curit\u00e9 des donn\u00e9es: v\u00e9rification de la protection des donn\u00e9es contre les acc\u00e8s externes.<\/li>\n<li>Configuration du pare-feu: v\u00e9rifiez la configuration du pare-feu.<\/li>\n<\/ul>\n<p>[\/et_pb_text][\/et_pb_column_inner][et_pb_column_inner type=\u00a0\u00bb1_2&Prime; saved_specialty_column_type=\u00a0\u00bb1_2&Prime; _builder_version=\u00a0\u00bb4.13.1&Prime; _module_preset=\u00a0\u00bbdefault\u00a0\u00bb global_colors_info=\u00a0\u00bb{}\u00a0\u00bb theme_builder_area=\u00a0\u00bbpost_content\u00a0\u00bb][et_pb_text _builder_version=\u00a0\u00bb4.13.1&Prime; _module_preset=\u00a0\u00bbdefault\u00a0\u00bb text_font=\u00a0\u00bb||||||||\u00a0\u00bb text_text_color=\u00a0\u00bbrgba(0,0,0,0.75)\u00a0\u00bb text_font_size=\u00a0\u00bb16px\u00a0\u00bb ul_text_color=\u00a0\u00bbrgba(0,0,0,0.66)\u00a0\u00bb ul_font_size=\u00a0\u00bb15px\u00a0\u00bb ul_line_height=\u00a0\u00bb1.5em\u00a0\u00bb header_2_text_color=\u00a0\u00bbrgba(0,0,0,0.8)\u00a0\u00bb header_2_font_size=\u00a0\u00bb19px\u00a0\u00bb global_colors_info=\u00a0\u00bb{}\u00a0\u00bb theme_builder_area=\u00a0\u00bbpost_content\u00a0\u00bb locked=\u00a0\u00bboff\u00a0\u00bb]<\/p>\n<ul>\n<li>Protection antivirus: d\u00e9tection de la protection anti-virus dans votre environnement d&rsquo;entreprise.<\/li>\n<li>Rapport sur les risques: Suite \u00e0 la v\u00e9rification informatique, vous recevez un rapport non contraignant sur les risques de s\u00e9curit\u00e9 dans votre environnement d&rsquo;entreprise. Bien entendu, nous pouvons vous conseiller sur les solutions et am\u00e9liorations possibles pour un environnement informatique simple, s\u00e9curis\u00e9 et efficace si cela s&rsquo;av\u00e8re n\u00e9cessaire.<\/li>\n<\/ul>\n<p>[\/et_pb_text][\/et_pb_column_inner][\/et_pb_row_inner][\/et_pb_column][\/et_pb_section]<\/p>\n","protected":false},"excerpt":{"rendered":"<p><div class=\"et_pb_module dipl_tilt_image dipl_tilt_image_0\">\n\t\t\t\t\n\t\t\t\t\n\t\t\t\t\n\t\t\t\t\n\t\t\t\t<div class=\"et_pb_module_inner\">\n\t\t\t\t\t<div class=\"dipl_tilt_image_wrapper  dipl_tilt_align_center\" data-tilt data-tilt-max=\"10\" data-tilt-perspective=\"1000\" data-tilt-scale=\"1\" data-tilt-speed=\"300\" data-tilt-mobile-disable=\"off\" >\n\t\t\t\t<div class=\"dipl_tilt_image_inner_wrapper\">\n\t\t\t\t<img src=\"https:\/\/sr.oxyen.xyz\/wp-content\/uploads\/2021\/11\/Dienstleistung-IT-Check.jpg\" alt=\"\" srcset=\"https:\/\/sr.oxyen.xyz\/wp-content\/uploads\/2021\/11\/Dienstleistung-IT-Check.jpg 960w, https:\/\/sr.oxyen.xyz\/wp-content\/uploads\/2021\/11\/Dienstleistung-IT-Check-300x200.jpg 300w, https:\/\/sr.oxyen.xyz\/wp-content\/uploads\/2021\/11\/Dienstleistung-IT-Check-768x512.jpg 768w, https:\/\/sr.oxyen.xyz\/wp-content\/uploads\/2021\/11\/Dienstleistung-IT-Check-610x407.jpg 610w, https:\/\/sr.oxyen.xyz\/wp-content\/uploads\/2021\/11\/Dienstleistung-IT-Check-600x400.jpg 600w\" sizes=\"(max-width: 960px) 100vw, 960px\" \/>\n\t\t\t\t<div class=\"dipl_tilt_content_wrapper et_pb_animation_off\">\n\t\t\t\t\t\n\t\t\t\t\t\n\t\t\t\t\t\n\t\t\t\t\t\n\t\t\t\t<\/div>\n\t\t\t<\/div>\n\t\t\t<\/div>\n\t\t\t\t<\/div>\n\t\t\t<\/div>Votre infrastructure informatique est-elle prot\u00e9g\u00e9e contre les dangers de l&rsquo;\u00e8re Internet? Vos syst\u00e8mes sont-ils \u00e0 jour? Tous les m\u00e9canismes de protection sont-ils actifs et fonctionnels?Profitez du contr\u00f4le informatique non contraignant et nous v\u00e9rifions la s\u00e9curit\u00e9 de l&rsquo;environnement informatique de votre entreprise. Inclus dans cette v\u00e9rification: [&hellip;]<\/p>\n","protected":false},"author":7,"featured_media":0,"parent":4452,"menu_order":0,"comment_status":"closed","ping_status":"closed","template":"page-template-fullwidth.php","meta":{"_et_pb_use_builder":"on","_et_pb_old_content":"","_et_gb_content_width":"","_links_to":"","_links_to_target":""},"acf":[],"yoast_head":"<!-- This site is optimized with the Yoast SEO plugin v17.7.1 - https:\/\/yoast.com\/wordpress\/plugins\/seo\/ -->\n<title>IT-contr\u00f4le pour PME - SR GmbH<\/title>\n<meta name=\"robots\" content=\"index, follow, max-snippet:-1, max-image-preview:large, max-video-preview:-1\" \/>\n<link rel=\"canonical\" href=\"https:\/\/sr.oxyen.xyz\/fr\/services\/it-controle-pour-pme\/\" \/>\n<meta property=\"og:locale\" content=\"fr_FR\" \/>\n<meta property=\"og:type\" content=\"article\" \/>\n<meta property=\"og:title\" content=\"IT-contr\u00f4le pour PME - SR GmbH\" \/>\n<meta property=\"og:description\" content=\"Votre infrastructure informatique est-elle prot\u00e9g\u00e9e contre les dangers de l&#039;\u00e8re Internet? Vos syst\u00e8mes sont-ils \u00e0 jour? Tous les m\u00e9canismes de protection sont-ils actifs et fonctionnels?Profitez du contr\u00f4le informatique non contraignant et nous v\u00e9rifions la s\u00e9curit\u00e9 de l&#039;environnement informatique de votre entreprise. Inclus dans cette v\u00e9rification: [&hellip;]\" \/>\n<meta property=\"og:url\" content=\"https:\/\/sr.oxyen.xyz\/fr\/services\/it-controle-pour-pme\/\" \/>\n<meta property=\"og:site_name\" content=\"SR GmbH\" \/>\n<meta name=\"twitter:card\" content=\"summary_large_image\" \/>\n<meta name=\"twitter:label1\" content=\"Dur\u00e9e de lecture estim\u00e9e\" \/>\n\t<meta name=\"twitter:data1\" content=\"4 minutes\" \/>\n<script type=\"application\/ld+json\" class=\"yoast-schema-graph\">{\"@context\":\"https:\/\/schema.org\",\"@graph\":[{\"@type\":\"WebSite\",\"@id\":\"https:\/\/sr.oxyen.xyz\/#website\",\"url\":\"https:\/\/sr.oxyen.xyz\/\",\"name\":\"SR GmbH\",\"description\":\"Just another WordPress site\",\"potentialAction\":[{\"@type\":\"SearchAction\",\"target\":{\"@type\":\"EntryPoint\",\"urlTemplate\":\"https:\/\/sr.oxyen.xyz\/?s={search_term_string}\"},\"query-input\":\"required name=search_term_string\"}],\"inLanguage\":\"fr-FR\"},{\"@type\":\"WebPage\",\"@id\":\"https:\/\/sr.oxyen.xyz\/fr\/services\/it-controle-pour-pme\/#webpage\",\"url\":\"https:\/\/sr.oxyen.xyz\/fr\/services\/it-controle-pour-pme\/\",\"name\":\"IT-contr\\u00f4le pour PME - SR GmbH\",\"isPartOf\":{\"@id\":\"https:\/\/sr.oxyen.xyz\/#website\"},\"datePublished\":\"2021-12-02T10:49:29+00:00\",\"dateModified\":\"2021-12-02T10:49:29+00:00\",\"breadcrumb\":{\"@id\":\"https:\/\/sr.oxyen.xyz\/fr\/services\/it-controle-pour-pme\/#breadcrumb\"},\"inLanguage\":\"fr-FR\",\"potentialAction\":[{\"@type\":\"ReadAction\",\"target\":[\"https:\/\/sr.oxyen.xyz\/fr\/services\/it-controle-pour-pme\/\"]}]},{\"@type\":\"BreadcrumbList\",\"@id\":\"https:\/\/sr.oxyen.xyz\/fr\/services\/it-controle-pour-pme\/#breadcrumb\",\"itemListElement\":[{\"@type\":\"ListItem\",\"position\":1,\"name\":\"Startseite\",\"item\":\"https:\/\/sr.oxyen.xyz\/fr\/\"},{\"@type\":\"ListItem\",\"position\":2,\"name\":\"Services\",\"item\":\"https:\/\/sr.oxyen.xyz\/fr\/services\/\"},{\"@type\":\"ListItem\",\"position\":3,\"name\":\"IT-contr\\u00f4le pour PME\"}]}]}<\/script>\n<!-- \/ Yoast SEO plugin. -->","yoast_head_json":{"title":"IT-contr\u00f4le pour PME - SR GmbH","robots":{"index":"index","follow":"follow","max-snippet":"max-snippet:-1","max-image-preview":"max-image-preview:large","max-video-preview":"max-video-preview:-1"},"canonical":"https:\/\/sr.oxyen.xyz\/fr\/services\/it-controle-pour-pme\/","og_locale":"fr_FR","og_type":"article","og_title":"IT-contr\u00f4le pour PME - SR GmbH","og_description":"Votre infrastructure informatique est-elle prot\u00e9g\u00e9e contre les dangers de l'\u00e8re Internet? Vos syst\u00e8mes sont-ils \u00e0 jour? Tous les m\u00e9canismes de protection sont-ils actifs et fonctionnels?Profitez du contr\u00f4le informatique non contraignant et nous v\u00e9rifions la s\u00e9curit\u00e9 de l'environnement informatique de votre entreprise. Inclus dans cette v\u00e9rification: [&hellip;]","og_url":"https:\/\/sr.oxyen.xyz\/fr\/services\/it-controle-pour-pme\/","og_site_name":"SR GmbH","twitter_card":"summary_large_image","twitter_misc":{"Dur\u00e9e de lecture estim\u00e9e":"4 minutes"},"schema":{"@context":"https:\/\/schema.org","@graph":[{"@type":"WebSite","@id":"https:\/\/sr.oxyen.xyz\/#website","url":"https:\/\/sr.oxyen.xyz\/","name":"SR GmbH","description":"Just another WordPress site","potentialAction":[{"@type":"SearchAction","target":{"@type":"EntryPoint","urlTemplate":"https:\/\/sr.oxyen.xyz\/?s={search_term_string}"},"query-input":"required name=search_term_string"}],"inLanguage":"fr-FR"},{"@type":"WebPage","@id":"https:\/\/sr.oxyen.xyz\/fr\/services\/it-controle-pour-pme\/#webpage","url":"https:\/\/sr.oxyen.xyz\/fr\/services\/it-controle-pour-pme\/","name":"IT-contr\u00f4le pour PME - SR GmbH","isPartOf":{"@id":"https:\/\/sr.oxyen.xyz\/#website"},"datePublished":"2021-12-02T10:49:29+00:00","dateModified":"2021-12-02T10:49:29+00:00","breadcrumb":{"@id":"https:\/\/sr.oxyen.xyz\/fr\/services\/it-controle-pour-pme\/#breadcrumb"},"inLanguage":"fr-FR","potentialAction":[{"@type":"ReadAction","target":["https:\/\/sr.oxyen.xyz\/fr\/services\/it-controle-pour-pme\/"]}]},{"@type":"BreadcrumbList","@id":"https:\/\/sr.oxyen.xyz\/fr\/services\/it-controle-pour-pme\/#breadcrumb","itemListElement":[{"@type":"ListItem","position":1,"name":"Startseite","item":"https:\/\/sr.oxyen.xyz\/fr\/"},{"@type":"ListItem","position":2,"name":"Services","item":"https:\/\/sr.oxyen.xyz\/fr\/services\/"},{"@type":"ListItem","position":3,"name":"IT-contr\u00f4le pour PME"}]}]}},"_links":{"self":[{"href":"https:\/\/sr.oxyen.xyz\/fr\/wp-json\/wp\/v2\/pages\/4316"}],"collection":[{"href":"https:\/\/sr.oxyen.xyz\/fr\/wp-json\/wp\/v2\/pages"}],"about":[{"href":"https:\/\/sr.oxyen.xyz\/fr\/wp-json\/wp\/v2\/types\/page"}],"author":[{"embeddable":true,"href":"https:\/\/sr.oxyen.xyz\/fr\/wp-json\/wp\/v2\/users\/7"}],"replies":[{"embeddable":true,"href":"https:\/\/sr.oxyen.xyz\/fr\/wp-json\/wp\/v2\/comments?post=4316"}],"version-history":[{"count":5,"href":"https:\/\/sr.oxyen.xyz\/fr\/wp-json\/wp\/v2\/pages\/4316\/revisions"}],"predecessor-version":[{"id":4321,"href":"https:\/\/sr.oxyen.xyz\/fr\/wp-json\/wp\/v2\/pages\/4316\/revisions\/4321"}],"up":[{"embeddable":true,"href":"https:\/\/sr.oxyen.xyz\/fr\/wp-json\/wp\/v2\/pages\/4452"}],"wp:attachment":[{"href":"https:\/\/sr.oxyen.xyz\/fr\/wp-json\/wp\/v2\/media?parent=4316"}],"curies":[{"name":"wp","href":"https:\/\/api.w.org\/{rel}","templated":true}]}}