{"id":4307,"date":"2021-12-02T10:29:14","date_gmt":"2021-12-02T10:29:14","guid":{"rendered":"https:\/\/sr.oxyen.xyz\/sr-ticket\/"},"modified":"2021-12-02T10:29:14","modified_gmt":"2021-12-02T10:29:14","slug":"sr-ticket","status":"publish","type":"page","link":"https:\/\/sr.oxyen.xyz\/fr\/sr-ticket\/","title":{"rendered":"SR Ticket"},"content":{"rendered":"<p>[et_pb_section fb_built=\u00a0\u00bb1&Prime; theme_builder_area=\u00a0\u00bbpost_content\u00a0\u00bb _builder_version=\u00a0\u00bb4.13.1&Prime; _module_preset=\u00a0\u00bbdefault\u00a0\u00bb][et_pb_row _builder_version=\u00a0\u00bb4.13.1&Prime; _module_preset=\u00a0\u00bbdefault\u00a0\u00bb theme_builder_area=\u00a0\u00bbpost_content\u00a0\u00bb][et_pb_column _builder_version=\u00a0\u00bb4.13.1&Prime; _module_preset=\u00a0\u00bbdefault\u00a0\u00bb type=\u00a0\u00bb4_4&Prime; theme_builder_area=\u00a0\u00bbpost_content\u00a0\u00bb][et_pb_image src=\u00a0\u00bbhttps:\/\/sr.oxyen.xyz\/wp-content\/uploads\/2021\/11\/SR_2_LogoSqu_A_4_Ticket_50.jpg\u00a0\u00bb _builder_version=\u00a0\u00bb4.13.1&Prime; _module_preset=\u00a0\u00bbdefault\u00a0\u00bb theme_builder_area=\u00a0\u00bbpost_content\u00a0\u00bb hover_enabled=\u00a0\u00bb0&Prime; sticky_enabled=\u00a0\u00bb0&Prime; title_text=\u00a0\u00bbSR_2_LogoSqu_A_4_Ticket_50&Prime;][\/et_pb_image][et_pb_text _builder_version=\u00a0\u00bb4.13.1&Prime; _module_preset=\u00a0\u00bbdefault\u00a0\u00bb theme_builder_area=\u00a0\u00bbpost_content\u00a0\u00bb hover_enabled=\u00a0\u00bb0&Prime; sticky_enabled=\u00a0\u00bb0&Prime;]<\/p>\n<div class=\"row ft-top\">\n<div class=\"col-sm-12\">\n<div class=\"row ft-top\">\n<div class=\"col-sm-12\">\n<h1>SR Ticket<\/h1>\n<div class=\"lead\">SR Ticket est un syst\u00e8me de ticket simple pour les entreprises avec syst\u00e8me de contr\u00f4le pour leur entr\u00e9es. Il a combl\u00e9 le foss\u00e9 entre les grands syst\u00e8mes complexes, auxquels SR propose d\u00e9j\u00e0 des interfaces. <br \/>SR Ticket couvre les besoins des petites et moyennes entreprises avec un budget qui n\u00e9cessite la vente de billets pour des clients individuels ou des groupes avec diff\u00e9rents segments de prix et un contr\u00f4le facile au point d&rsquo;entr\u00e9e. SR Ticket s&rsquo;appuie sur la base SR \u00e9prouv\u00e9e. Les fonctions de base des donn\u00e9es, la gestion des clients, l&rsquo;\u00e9valuation. Les statistiques et la caisse enregistreuse sont test\u00e9es dans les conditions difficiles de la location au quotidien. Sie stehen damit auch SR Ticket zur Verf\u00fcgung. <br \/>En combinaison avec les produits de la famille SR Software, le tout fait une solution unique. Les ventes, la location, le billet et le commerce peuvent \u00eatre g\u00e9r\u00e9s ensemble. Il est m\u00eame possible de compl\u00e9ter ou de visualiser le processus dans diff\u00e9rents endroits.<\/div>\n<\/div>\n<\/div>\n<\/div>\n<\/div>\n<p>[\/et_pb_text][\/et_pb_column][\/et_pb_row][et_pb_row _builder_version=\u00a0\u00bb4.13.1&Prime; _module_preset=\u00a0\u00bbdefault\u00a0\u00bb column_structure=\u00a0\u00bb1_2,1_2&Prime; theme_builder_area=\u00a0\u00bbpost_content\u00a0\u00bb][et_pb_column _builder_version=\u00a0\u00bb4.13.1&Prime; _module_preset=\u00a0\u00bbdefault\u00a0\u00bb type=\u00a0\u00bb1_2&Prime; theme_builder_area=\u00a0\u00bbpost_content\u00a0\u00bb][et_pb_image src=\u00a0\u00bbhttps:\/\/sr.oxyen.xyz\/wp-content\/uploads\/2021\/11\/sports_ticket1-640.jpg\u00a0\u00bb _builder_version=\u00a0\u00bb4.13.1&Prime; _module_preset=\u00a0\u00bbdefault\u00a0\u00bb theme_builder_area=\u00a0\u00bbpost_content\u00a0\u00bb hover_enabled=\u00a0\u00bb0&Prime; sticky_enabled=\u00a0\u00bb0&Prime; title_text=\u00a0\u00bbsports_ticket1-640&Prime;][\/et_pb_image][et_pb_text _builder_version=\u00a0\u00bb4.13.1&Prime; _module_preset=\u00a0\u00bbdefault\u00a0\u00bb theme_builder_area=\u00a0\u00bbpost_content\u00a0\u00bb hover_enabled=\u00a0\u00bb0&Prime; sticky_enabled=\u00a0\u00bb0&Prime;]<\/p>\n<div class=\"title\">\n<h4>TICKET<\/h4>\n<\/div>\n<div class=\"description\">Ce syst\u00e8me de ticket simple avec une base Windows se d\u00e9marque des syst\u00e8mes compliqu\u00e9s.<\/div>\n<p>[\/et_pb_text][\/et_pb_column][et_pb_column _builder_version=\u00a0\u00bb4.13.1&Prime; _module_preset=\u00a0\u00bbdefault\u00a0\u00bb type=\u00a0\u00bb1_2&Prime; theme_builder_area=\u00a0\u00bbpost_content\u00a0\u00bb][et_pb_image src=\u00a0\u00bbhttps:\/\/sr.oxyen.xyz\/wp-content\/uploads\/2021\/11\/ticket_sommer2-640.jpg\u00a0\u00bb _builder_version=\u00a0\u00bb4.13.1&Prime; _module_preset=\u00a0\u00bbdefault\u00a0\u00bb theme_builder_area=\u00a0\u00bbpost_content\u00a0\u00bb hover_enabled=\u00a0\u00bb0&Prime; sticky_enabled=\u00a0\u00bb0&Prime; title_text=\u00a0\u00bbticket_sommer2-640&Prime;][\/et_pb_image][et_pb_text _builder_version=\u00a0\u00bb4.13.1&Prime; _module_preset=\u00a0\u00bbdefault\u00a0\u00bb theme_builder_area=\u00a0\u00bbpost_content\u00a0\u00bb hover_enabled=\u00a0\u00bb0&Prime; sticky_enabled=\u00a0\u00bb0&Prime;]<\/p>\n<div class=\"col-sm-6\">\n<div class=\"title\">\n<h4>Simplicit\u00e9<\/h4>\n<\/div>\n<div class=\"description\">Le contr\u00f4le d&rsquo;acc\u00e8s est effectu\u00e9 par l&rsquo;interm\u00e9diaire d&rsquo;un scanner radio. L&rsquo;interface de sortie est par ex. via des imprimantes standard, des imprimantes de tickets, des imprimantes d&rsquo;\u00e9tiquettes et l&rsquo;impression Kassabon.<\/div>\n<\/div>\n<p>[\/et_pb_text][\/et_pb_column][\/et_pb_row][\/et_pb_section]<\/p>\n","protected":false},"excerpt":{"rendered":"<p>SR Ticket SR Ticket est un syst\u00e8me de ticket simple pour les entreprises avec syst\u00e8me de contr\u00f4le pour leur entr\u00e9es. Il a combl\u00e9 le foss\u00e9 entre les grands syst\u00e8mes complexes, auxquels SR propose d\u00e9j\u00e0 des interfaces. SR Ticket couvre les besoins des petites et moyennes entreprises avec un budget qui n\u00e9cessite la vente de billets [&hellip;]<\/p>\n","protected":false},"author":10,"featured_media":0,"parent":0,"menu_order":0,"comment_status":"closed","ping_status":"closed","template":"page-template-fullwidth.php","meta":{"_et_pb_use_builder":"on","_et_pb_old_content":"","_et_gb_content_width":"","_links_to":"","_links_to_target":""},"acf":[],"yoast_head":"<!-- This site is optimized with the Yoast SEO plugin v17.7.1 - https:\/\/yoast.com\/wordpress\/plugins\/seo\/ -->\n<title>SR Ticket - SR GmbH<\/title>\n<meta name=\"robots\" content=\"index, follow, max-snippet:-1, max-image-preview:large, max-video-preview:-1\" \/>\n<link rel=\"canonical\" href=\"https:\/\/sr.oxyen.xyz\/fr\/sr-ticket\/\" \/>\n<meta property=\"og:locale\" content=\"fr_FR\" \/>\n<meta property=\"og:type\" content=\"article\" \/>\n<meta property=\"og:title\" content=\"SR Ticket - SR GmbH\" \/>\n<meta property=\"og:description\" content=\"SR Ticket SR Ticket est un syst\u00e8me de ticket simple pour les entreprises avec syst\u00e8me de contr\u00f4le pour leur entr\u00e9es. Il a combl\u00e9 le foss\u00e9 entre les grands syst\u00e8mes complexes, auxquels SR propose d\u00e9j\u00e0 des interfaces. SR Ticket couvre les besoins des petites et moyennes entreprises avec un budget qui n\u00e9cessite la vente de billets [&hellip;]\" \/>\n<meta property=\"og:url\" content=\"https:\/\/sr.oxyen.xyz\/fr\/sr-ticket\/\" \/>\n<meta property=\"og:site_name\" content=\"SR GmbH\" \/>\n<meta name=\"twitter:card\" content=\"summary_large_image\" \/>\n<meta name=\"twitter:label1\" content=\"Dur\u00e9e de lecture estim\u00e9e\" \/>\n\t<meta name=\"twitter:data1\" content=\"3 minutes\" \/>\n<script type=\"application\/ld+json\" class=\"yoast-schema-graph\">{\"@context\":\"https:\/\/schema.org\",\"@graph\":[{\"@type\":\"WebSite\",\"@id\":\"https:\/\/sr.oxyen.xyz\/#website\",\"url\":\"https:\/\/sr.oxyen.xyz\/\",\"name\":\"SR GmbH\",\"description\":\"Just another WordPress site\",\"potentialAction\":[{\"@type\":\"SearchAction\",\"target\":{\"@type\":\"EntryPoint\",\"urlTemplate\":\"https:\/\/sr.oxyen.xyz\/?s={search_term_string}\"},\"query-input\":\"required name=search_term_string\"}],\"inLanguage\":\"fr-FR\"},{\"@type\":\"WebPage\",\"@id\":\"https:\/\/sr.oxyen.xyz\/fr\/sr-ticket\/#webpage\",\"url\":\"https:\/\/sr.oxyen.xyz\/fr\/sr-ticket\/\",\"name\":\"SR Ticket - SR GmbH\",\"isPartOf\":{\"@id\":\"https:\/\/sr.oxyen.xyz\/#website\"},\"datePublished\":\"2021-12-02T10:29:14+00:00\",\"dateModified\":\"2021-12-02T10:29:14+00:00\",\"breadcrumb\":{\"@id\":\"https:\/\/sr.oxyen.xyz\/fr\/sr-ticket\/#breadcrumb\"},\"inLanguage\":\"fr-FR\",\"potentialAction\":[{\"@type\":\"ReadAction\",\"target\":[\"https:\/\/sr.oxyen.xyz\/fr\/sr-ticket\/\"]}]},{\"@type\":\"BreadcrumbList\",\"@id\":\"https:\/\/sr.oxyen.xyz\/fr\/sr-ticket\/#breadcrumb\",\"itemListElement\":[{\"@type\":\"ListItem\",\"position\":1,\"name\":\"Startseite\",\"item\":\"https:\/\/sr.oxyen.xyz\/fr\/\"},{\"@type\":\"ListItem\",\"position\":2,\"name\":\"SR Ticket\"}]}]}<\/script>\n<!-- \/ Yoast SEO plugin. -->","yoast_head_json":{"title":"SR Ticket - SR GmbH","robots":{"index":"index","follow":"follow","max-snippet":"max-snippet:-1","max-image-preview":"max-image-preview:large","max-video-preview":"max-video-preview:-1"},"canonical":"https:\/\/sr.oxyen.xyz\/fr\/sr-ticket\/","og_locale":"fr_FR","og_type":"article","og_title":"SR Ticket - SR GmbH","og_description":"SR Ticket SR Ticket est un syst\u00e8me de ticket simple pour les entreprises avec syst\u00e8me de contr\u00f4le pour leur entr\u00e9es. Il a combl\u00e9 le foss\u00e9 entre les grands syst\u00e8mes complexes, auxquels SR propose d\u00e9j\u00e0 des interfaces. SR Ticket couvre les besoins des petites et moyennes entreprises avec un budget qui n\u00e9cessite la vente de billets [&hellip;]","og_url":"https:\/\/sr.oxyen.xyz\/fr\/sr-ticket\/","og_site_name":"SR GmbH","twitter_card":"summary_large_image","twitter_misc":{"Dur\u00e9e de lecture estim\u00e9e":"3 minutes"},"schema":{"@context":"https:\/\/schema.org","@graph":[{"@type":"WebSite","@id":"https:\/\/sr.oxyen.xyz\/#website","url":"https:\/\/sr.oxyen.xyz\/","name":"SR GmbH","description":"Just another WordPress site","potentialAction":[{"@type":"SearchAction","target":{"@type":"EntryPoint","urlTemplate":"https:\/\/sr.oxyen.xyz\/?s={search_term_string}"},"query-input":"required name=search_term_string"}],"inLanguage":"fr-FR"},{"@type":"WebPage","@id":"https:\/\/sr.oxyen.xyz\/fr\/sr-ticket\/#webpage","url":"https:\/\/sr.oxyen.xyz\/fr\/sr-ticket\/","name":"SR Ticket - SR GmbH","isPartOf":{"@id":"https:\/\/sr.oxyen.xyz\/#website"},"datePublished":"2021-12-02T10:29:14+00:00","dateModified":"2021-12-02T10:29:14+00:00","breadcrumb":{"@id":"https:\/\/sr.oxyen.xyz\/fr\/sr-ticket\/#breadcrumb"},"inLanguage":"fr-FR","potentialAction":[{"@type":"ReadAction","target":["https:\/\/sr.oxyen.xyz\/fr\/sr-ticket\/"]}]},{"@type":"BreadcrumbList","@id":"https:\/\/sr.oxyen.xyz\/fr\/sr-ticket\/#breadcrumb","itemListElement":[{"@type":"ListItem","position":1,"name":"Startseite","item":"https:\/\/sr.oxyen.xyz\/fr\/"},{"@type":"ListItem","position":2,"name":"SR Ticket"}]}]}},"_links":{"self":[{"href":"https:\/\/sr.oxyen.xyz\/fr\/wp-json\/wp\/v2\/pages\/4307"}],"collection":[{"href":"https:\/\/sr.oxyen.xyz\/fr\/wp-json\/wp\/v2\/pages"}],"about":[{"href":"https:\/\/sr.oxyen.xyz\/fr\/wp-json\/wp\/v2\/types\/page"}],"author":[{"embeddable":true,"href":"https:\/\/sr.oxyen.xyz\/fr\/wp-json\/wp\/v2\/users\/10"}],"replies":[{"embeddable":true,"href":"https:\/\/sr.oxyen.xyz\/fr\/wp-json\/wp\/v2\/comments?post=4307"}],"version-history":[{"count":2,"href":"https:\/\/sr.oxyen.xyz\/fr\/wp-json\/wp\/v2\/pages\/4307\/revisions"}],"predecessor-version":[{"id":4309,"href":"https:\/\/sr.oxyen.xyz\/fr\/wp-json\/wp\/v2\/pages\/4307\/revisions\/4309"}],"wp:attachment":[{"href":"https:\/\/sr.oxyen.xyz\/fr\/wp-json\/wp\/v2\/media?parent=4307"}],"curies":[{"name":"wp","href":"https:\/\/api.w.org\/{rel}","templated":true}]}}