{"id":4289,"date":"2021-12-02T10:09:06","date_gmt":"2021-12-02T10:09:06","guid":{"rendered":"https:\/\/sr.oxyen.xyz\/sr-rental\/"},"modified":"2021-12-02T10:09:07","modified_gmt":"2021-12-02T10:09:07","slug":"sr-rental","status":"publish","type":"page","link":"https:\/\/sr.oxyen.xyz\/fr\/sr-rental\/","title":{"rendered":"SR Rental"},"content":{"rendered":"<p>[et_pb_section fb_built=\u00a0\u00bb1&Prime; theme_builder_area=\u00a0\u00bbpost_content\u00a0\u00bb _builder_version=\u00a0\u00bb4.13.1&Prime; _module_preset=\u00a0\u00bbdefault\u00a0\u00bb][et_pb_row _builder_version=\u00a0\u00bb4.13.1&Prime; _module_preset=\u00a0\u00bbdefault\u00a0\u00bb theme_builder_area=\u00a0\u00bbpost_content\u00a0\u00bb][et_pb_column _builder_version=\u00a0\u00bb4.13.1&Prime; _module_preset=\u00a0\u00bbdefault\u00a0\u00bb type=\u00a0\u00bb4_4&Prime; theme_builder_area=\u00a0\u00bbpost_content\u00a0\u00bb][et_pb_image src=\u00a0\u00bbhttps:\/\/sr.oxyen.xyz\/wp-content\/uploads\/2021\/11\/SR_2_LogoSqu_A_1_Rental_50.jpg\u00a0\u00bb _builder_version=\u00a0\u00bb4.13.1&Prime; _module_preset=\u00a0\u00bbdefault\u00a0\u00bb theme_builder_area=\u00a0\u00bbpost_content\u00a0\u00bb title_text=\u00a0\u00bbSR_2_LogoSqu_A_1_Rental_50&Prime; hover_enabled=\u00a0\u00bb0&Prime; sticky_enabled=\u00a0\u00bb0&Prime;][\/et_pb_image][et_pb_text _builder_version=\u00a0\u00bb4.13.1&Prime; _module_preset=\u00a0\u00bbdefault\u00a0\u00bb theme_builder_area=\u00a0\u00bbpost_content\u00a0\u00bb hover_enabled=\u00a0\u00bb0&Prime; sticky_enabled=\u00a0\u00bb0&Prime;]<\/p>\n<div class=\"row ft-top\">\n<div class=\"col-sm-12\">\n<h1>SR Rental<\/h1>\n<div class=\"lead\">SR Rental est d\u00e9j\u00e0 utilis\u00e9 par milliers d&rsquo;entreprises dans le monde entier. La satisfaction de nos clients d\u00e9crit l&rsquo;efficacit\u00e9 de notre produit. SR Rental est la solution la plus compl\u00e8te. Le logiciel de base comprend tout ce qu&rsquo;une entreprise de location \u00e0 besoin: De la g\u00e9rance des clients &amp; articles jusqu&rsquo;aux r\u00e9servations de vos produits, et m\u00eame la possibilit\u00e9 de voir des statistiques. Divers modules en option donnent la possibilit\u00e9 au logiciel de s&rsquo;adapter \u00e0 vos besoin et \u00e0 votre secteur.<\/div>\n<\/div>\n<\/div>\n<p>[\/et_pb_text][\/et_pb_column][\/et_pb_row][et_pb_row _builder_version=\u00a0\u00bb4.13.1&Prime; _module_preset=\u00a0\u00bbdefault\u00a0\u00bb column_structure=\u00a0\u00bb1_2,1_2&Prime; theme_builder_area=\u00a0\u00bbpost_content\u00a0\u00bb][et_pb_column _builder_version=\u00a0\u00bb4.13.1&Prime; _module_preset=\u00a0\u00bbdefault\u00a0\u00bb type=\u00a0\u00bb1_2&Prime; theme_builder_area=\u00a0\u00bbpost_content\u00a0\u00bb][et_pb_image src=\u00a0\u00bbhttps:\/\/sr.oxyen.xyz\/wp-content\/uploads\/2021\/11\/SR-Rental-besonders-einfache-Handhabung.jpg\u00a0\u00bb _builder_version=\u00a0\u00bb4.13.1&Prime; _module_preset=\u00a0\u00bbdefault\u00a0\u00bb theme_builder_area=\u00a0\u00bbpost_content\u00a0\u00bb title_text=\u00a0\u00bbYoung woman watching bicycle in sport store\u00a0\u00bb hover_enabled=\u00a0\u00bb0&Prime; sticky_enabled=\u00a0\u00bb0&Prime;][\/et_pb_image][et_pb_text _builder_version=\u00a0\u00bb4.13.1&Prime; _module_preset=\u00a0\u00bbdefault\u00a0\u00bb theme_builder_area=\u00a0\u00bbpost_content\u00a0\u00bb hover_enabled=\u00a0\u00bb0&Prime; sticky_enabled=\u00a0\u00bb0&Prime;]<\/p>\n<div class=\"title\">\n<h4>Facilit\u00e9 d&rsquo;utilisation<\/h4>\n<\/div>\n<div class=\"description\">La flexibilit\u00e9 est primordiale, afin de s&rsquo;adapter \u00e0 votre entreprise<\/div>\n<p>[\/et_pb_text][\/et_pb_column][et_pb_column _builder_version=\u00a0\u00bb4.13.1&Prime; _module_preset=\u00a0\u00bbdefault\u00a0\u00bb type=\u00a0\u00bb1_2&Prime; theme_builder_area=\u00a0\u00bbpost_content\u00a0\u00bb][et_pb_image src=\u00a0\u00bbhttps:\/\/sr.oxyen.xyz\/wp-content\/uploads\/2021\/11\/SR-Rent-viele-durchdachte-Lsungen.jpg\u00a0\u00bb _builder_version=\u00a0\u00bb4.13.1&Prime; _module_preset=\u00a0\u00bbdefault\u00a0\u00bb theme_builder_area=\u00a0\u00bbpost_content\u00a0\u00bb title_text=\u00a0\u00bbConcept about workflow to improve efficiency in process with automation\u00a0\u00bb hover_enabled=\u00a0\u00bb0&Prime; sticky_enabled=\u00a0\u00bb0&Prime;][\/et_pb_image][et_pb_text _builder_version=\u00a0\u00bb4.13.1&Prime; _module_preset=\u00a0\u00bbdefault\u00a0\u00bb theme_builder_area=\u00a0\u00bbpost_content\u00a0\u00bb hover_enabled=\u00a0\u00bb0&Prime; sticky_enabled=\u00a0\u00bb0&Prime;]<\/p>\n<div class=\"title\">\n<h4>Beaucoup d&rsquo;options<\/h4>\n<\/div>\n<div class=\"description\">Les fonctions et options peuvent \u00eatre activ\u00e9es ou d\u00e9sactiv\u00e9es afin de pouvoir r\u00e9pondre \u00e0 tous vos besoins respectifs. F\u00fcr einen einfachen und effektiven Arbeisablauf, mit einem f\u00fcr das Gesch\u00e4ft optimierten Kundenfluss.<\/div>\n<p>[\/et_pb_text][\/et_pb_column][\/et_pb_row][et_pb_row _builder_version=\u00a0\u00bb4.13.1&Prime; _module_preset=\u00a0\u00bbdefault\u00a0\u00bb column_structure=\u00a0\u00bb1_2,1_2&Prime; theme_builder_area=\u00a0\u00bbpost_content\u00a0\u00bb][et_pb_column _builder_version=\u00a0\u00bb4.13.1&Prime; _module_preset=\u00a0\u00bbdefault\u00a0\u00bb type=\u00a0\u00bb1_2&Prime; theme_builder_area=\u00a0\u00bbpost_content\u00a0\u00bb][et_pb_image src=\u00a0\u00bbhttps:\/\/sr.oxyen.xyz\/wp-content\/uploads\/2021\/11\/SR-Rent-hohe-Flexibilitt.jpg\u00a0\u00bb _builder_version=\u00a0\u00bb4.13.1&Prime; _module_preset=\u00a0\u00bbdefault\u00a0\u00bb theme_builder_area=\u00a0\u00bbpost_content\u00a0\u00bb title_text=\u00a0\u00bbBusinessman and Business Words\u00a0\u00bb hover_enabled=\u00a0\u00bb0&Prime; sticky_enabled=\u00a0\u00bb0&Prime;][\/et_pb_image][et_pb_text _builder_version=\u00a0\u00bb4.13.1&Prime; _module_preset=\u00a0\u00bbdefault\u00a0\u00bb theme_builder_area=\u00a0\u00bbpost_content\u00a0\u00bb hover_enabled=\u00a0\u00bb0&Prime; sticky_enabled=\u00a0\u00bb0&Prime;]<\/p>\n<div class=\"title\">\n<h4>Grande flexibilit\u00e9<\/h4>\n<\/div>\n<div class=\"description\">Un point fort de SR Rental est sa force d&rsquo;adaptation. Du petit commerce de location jusqu&rsquo;au grand magasin avec plusieurs filiales, SR Rental s&rsquo;adaptera \u00e0 vous.<\/div>\n<p>[\/et_pb_text][\/et_pb_column][et_pb_column _builder_version=\u00a0\u00bb4.13.1&Prime; _module_preset=\u00a0\u00bbdefault\u00a0\u00bb type=\u00a0\u00bb1_2&Prime; theme_builder_area=\u00a0\u00bbpost_content\u00a0\u00bb][\/et_pb_column][\/et_pb_row][\/et_pb_section]<\/p>\n","protected":false},"excerpt":{"rendered":"<p>SR Rental SR Rental est d\u00e9j\u00e0 utilis\u00e9 par milliers d&rsquo;entreprises dans le monde entier. La satisfaction de nos clients d\u00e9crit l&rsquo;efficacit\u00e9 de notre produit. SR Rental est la solution la plus compl\u00e8te. Le logiciel de base comprend tout ce qu&rsquo;une entreprise de location \u00e0 besoin: De la g\u00e9rance des clients &amp; articles jusqu&rsquo;aux r\u00e9servations de [&hellip;]<\/p>\n","protected":false},"author":10,"featured_media":0,"parent":0,"menu_order":0,"comment_status":"closed","ping_status":"closed","template":"page-template-fullwidth.php","meta":{"_et_pb_use_builder":"on","_et_pb_old_content":"","_et_gb_content_width":"","_links_to":"","_links_to_target":""},"acf":[],"yoast_head":"<!-- This site is optimized with the Yoast SEO plugin v17.7.1 - https:\/\/yoast.com\/wordpress\/plugins\/seo\/ -->\n<title>SR Rental - SR GmbH<\/title>\n<meta name=\"robots\" content=\"index, follow, max-snippet:-1, max-image-preview:large, max-video-preview:-1\" \/>\n<link rel=\"canonical\" href=\"https:\/\/sr.oxyen.xyz\/fr\/sr-rental\/\" \/>\n<meta property=\"og:locale\" content=\"fr_FR\" \/>\n<meta property=\"og:type\" content=\"article\" \/>\n<meta property=\"og:title\" content=\"SR Rental - SR GmbH\" \/>\n<meta property=\"og:description\" content=\"SR Rental SR Rental est d\u00e9j\u00e0 utilis\u00e9 par milliers d&#039;entreprises dans le monde entier. La satisfaction de nos clients d\u00e9crit l&#039;efficacit\u00e9 de notre produit. SR Rental est la solution la plus compl\u00e8te. Le logiciel de base comprend tout ce qu&#039;une entreprise de location \u00e0 besoin: De la g\u00e9rance des clients &amp; articles jusqu&#039;aux r\u00e9servations de [&hellip;]\" \/>\n<meta property=\"og:url\" content=\"https:\/\/sr.oxyen.xyz\/fr\/sr-rental\/\" \/>\n<meta property=\"og:site_name\" content=\"SR GmbH\" \/>\n<meta property=\"article:modified_time\" content=\"2021-12-02T10:09:07+00:00\" \/>\n<meta name=\"twitter:card\" content=\"summary_large_image\" \/>\n<meta name=\"twitter:label1\" content=\"Dur\u00e9e de lecture estim\u00e9e\" \/>\n\t<meta name=\"twitter:data1\" content=\"3 minutes\" \/>\n<script type=\"application\/ld+json\" class=\"yoast-schema-graph\">{\"@context\":\"https:\/\/schema.org\",\"@graph\":[{\"@type\":\"WebSite\",\"@id\":\"https:\/\/sr.oxyen.xyz\/#website\",\"url\":\"https:\/\/sr.oxyen.xyz\/\",\"name\":\"SR GmbH\",\"description\":\"Just another WordPress site\",\"potentialAction\":[{\"@type\":\"SearchAction\",\"target\":{\"@type\":\"EntryPoint\",\"urlTemplate\":\"https:\/\/sr.oxyen.xyz\/?s={search_term_string}\"},\"query-input\":\"required name=search_term_string\"}],\"inLanguage\":\"fr-FR\"},{\"@type\":\"WebPage\",\"@id\":\"https:\/\/sr.oxyen.xyz\/fr\/sr-rental\/#webpage\",\"url\":\"https:\/\/sr.oxyen.xyz\/fr\/sr-rental\/\",\"name\":\"SR Rental - SR GmbH\",\"isPartOf\":{\"@id\":\"https:\/\/sr.oxyen.xyz\/#website\"},\"datePublished\":\"2021-12-02T10:09:06+00:00\",\"dateModified\":\"2021-12-02T10:09:07+00:00\",\"breadcrumb\":{\"@id\":\"https:\/\/sr.oxyen.xyz\/fr\/sr-rental\/#breadcrumb\"},\"inLanguage\":\"fr-FR\",\"potentialAction\":[{\"@type\":\"ReadAction\",\"target\":[\"https:\/\/sr.oxyen.xyz\/fr\/sr-rental\/\"]}]},{\"@type\":\"BreadcrumbList\",\"@id\":\"https:\/\/sr.oxyen.xyz\/fr\/sr-rental\/#breadcrumb\",\"itemListElement\":[{\"@type\":\"ListItem\",\"position\":1,\"name\":\"Startseite\",\"item\":\"https:\/\/sr.oxyen.xyz\/fr\/\"},{\"@type\":\"ListItem\",\"position\":2,\"name\":\"SR Rental\"}]}]}<\/script>\n<!-- \/ Yoast SEO plugin. -->","yoast_head_json":{"title":"SR Rental - SR GmbH","robots":{"index":"index","follow":"follow","max-snippet":"max-snippet:-1","max-image-preview":"max-image-preview:large","max-video-preview":"max-video-preview:-1"},"canonical":"https:\/\/sr.oxyen.xyz\/fr\/sr-rental\/","og_locale":"fr_FR","og_type":"article","og_title":"SR Rental - SR GmbH","og_description":"SR Rental SR Rental est d\u00e9j\u00e0 utilis\u00e9 par milliers d'entreprises dans le monde entier. La satisfaction de nos clients d\u00e9crit l'efficacit\u00e9 de notre produit. SR Rental est la solution la plus compl\u00e8te. Le logiciel de base comprend tout ce qu'une entreprise de location \u00e0 besoin: De la g\u00e9rance des clients &amp; articles jusqu'aux r\u00e9servations de [&hellip;]","og_url":"https:\/\/sr.oxyen.xyz\/fr\/sr-rental\/","og_site_name":"SR GmbH","article_modified_time":"2021-12-02T10:09:07+00:00","twitter_card":"summary_large_image","twitter_misc":{"Dur\u00e9e de lecture estim\u00e9e":"3 minutes"},"schema":{"@context":"https:\/\/schema.org","@graph":[{"@type":"WebSite","@id":"https:\/\/sr.oxyen.xyz\/#website","url":"https:\/\/sr.oxyen.xyz\/","name":"SR GmbH","description":"Just another WordPress site","potentialAction":[{"@type":"SearchAction","target":{"@type":"EntryPoint","urlTemplate":"https:\/\/sr.oxyen.xyz\/?s={search_term_string}"},"query-input":"required name=search_term_string"}],"inLanguage":"fr-FR"},{"@type":"WebPage","@id":"https:\/\/sr.oxyen.xyz\/fr\/sr-rental\/#webpage","url":"https:\/\/sr.oxyen.xyz\/fr\/sr-rental\/","name":"SR Rental - SR GmbH","isPartOf":{"@id":"https:\/\/sr.oxyen.xyz\/#website"},"datePublished":"2021-12-02T10:09:06+00:00","dateModified":"2021-12-02T10:09:07+00:00","breadcrumb":{"@id":"https:\/\/sr.oxyen.xyz\/fr\/sr-rental\/#breadcrumb"},"inLanguage":"fr-FR","potentialAction":[{"@type":"ReadAction","target":["https:\/\/sr.oxyen.xyz\/fr\/sr-rental\/"]}]},{"@type":"BreadcrumbList","@id":"https:\/\/sr.oxyen.xyz\/fr\/sr-rental\/#breadcrumb","itemListElement":[{"@type":"ListItem","position":1,"name":"Startseite","item":"https:\/\/sr.oxyen.xyz\/fr\/"},{"@type":"ListItem","position":2,"name":"SR Rental"}]}]}},"_links":{"self":[{"href":"https:\/\/sr.oxyen.xyz\/fr\/wp-json\/wp\/v2\/pages\/4289"}],"collection":[{"href":"https:\/\/sr.oxyen.xyz\/fr\/wp-json\/wp\/v2\/pages"}],"about":[{"href":"https:\/\/sr.oxyen.xyz\/fr\/wp-json\/wp\/v2\/types\/page"}],"author":[{"embeddable":true,"href":"https:\/\/sr.oxyen.xyz\/fr\/wp-json\/wp\/v2\/users\/10"}],"replies":[{"embeddable":true,"href":"https:\/\/sr.oxyen.xyz\/fr\/wp-json\/wp\/v2\/comments?post=4289"}],"version-history":[{"count":5,"href":"https:\/\/sr.oxyen.xyz\/fr\/wp-json\/wp\/v2\/pages\/4289\/revisions"}],"predecessor-version":[{"id":4294,"href":"https:\/\/sr.oxyen.xyz\/fr\/wp-json\/wp\/v2\/pages\/4289\/revisions\/4294"}],"wp:attachment":[{"href":"https:\/\/sr.oxyen.xyz\/fr\/wp-json\/wp\/v2\/media?parent=4289"}],"curies":[{"name":"wp","href":"https:\/\/api.w.org\/{rel}","templated":true}]}}