{"id":4287,"date":"2021-12-02T09:56:19","date_gmt":"2021-12-02T09:56:19","guid":{"rendered":"https:\/\/sr.oxyen.xyz\/sr-depot\/"},"modified":"2021-12-02T09:56:19","modified_gmt":"2021-12-02T09:56:19","slug":"sr-depot","status":"publish","type":"page","link":"https:\/\/sr.oxyen.xyz\/fr\/sr-depot\/","title":{"rendered":"SR Depot"},"content":{"rendered":"\n[et_pb_section fb_built=\u00a0\u00bb1&Prime; theme_builder_area=\u00a0\u00bbpost_content\u00a0\u00bb _builder_version=\u00a0\u00bb4.13.1&Prime; _module_preset=\u00a0\u00bbdefault\u00a0\u00bb][et_pb_row _builder_version=\u00a0\u00bb4.13.1&Prime; _module_preset=\u00a0\u00bbdefault\u00a0\u00bb theme_builder_area=\u00a0\u00bbpost_content\u00a0\u00bb][et_pb_column _builder_version=\u00a0\u00bb4.13.1&Prime; _module_preset=\u00a0\u00bbdefault\u00a0\u00bb type=\u00a0\u00bb4_4&Prime; theme_builder_area=\u00a0\u00bbpost_content\u00a0\u00bb][et_pb_image src=\u00a0\u00bbhttps:\/\/sr.oxyen.xyz\/wp-content\/uploads\/2021\/11\/SR_2_LogoSqu_A_3_Depot_50.jpg\u00a0\u00bb _builder_version=\u00a0\u00bb4.13.1&Prime; _module_preset=\u00a0\u00bbdefault\u00a0\u00bb theme_builder_area=\u00a0\u00bbpost_content\u00a0\u00bb title_text=\u00a0\u00bbSR_2_LogoSqu_A_3_Depot_50&Prime; hover_enabled=\u00a0\u00bb0&Prime; sticky_enabled=\u00a0\u00bb0&Prime;][\/et_pb_image][et_pb_text _builder_version=\u00a0\u00bb4.13.1&Prime; _module_preset=\u00a0\u00bbdefault\u00a0\u00bb theme_builder_area=\u00a0\u00bbpost_content\u00a0\u00bb hover_enabled=\u00a0\u00bb0&Prime; sticky_enabled=\u00a0\u00bb0&Prime;]<div class=\"row ft-top\">\n<div class=\"col-sm-12\">\n<h1>SR Depot<\/h1>\n<div class=\"lead\">\n<p>SR DEPOT est un programme de gestion automatique des d\u00e9p\u00f4ts. Cela garantit que les syst\u00e8mes de stockage sont utilis\u00e9s de mani\u00e8re optimale. Selon la philosophie de SR, il faut qu&rsquo;un certain nombre d&rsquo;options de configuration soient propos\u00e9es pour optimiser la gestion des d\u00e9p\u00f4ts, le contact avec les clients, la sortie des marchandises et le contr\u00f4le du flux de production individuel.<\/p>\n<p>SR DEPOT est disponible en tant que programme pour d\u00e9p\u00f4t autonome. Il s&rsquo;appuie sur la base SR \u00e9prouv\u00e9e et peut \u00eatre \u00e9tendu de plusieurs fa\u00e7ons. Il est optimis\u00e9 lorsqu&rsquo;il est utilis\u00e9 en combinaison avec les autres programmes de la famille SR. La location du d\u00e9p\u00f4t est ainsi enti\u00e8rement int\u00e9gr\u00e9e. \u00c0 chaque poste de travail ou \u00e0 la caisse, la location et le contr\u00f4le du d\u00e9p\u00f4t sont possibles sans effort suppl\u00e9mentaire. Vente, location ou d\u00e9p\u00f4t: tout est fait avec un fonctionnement uniforme. F\u00fcr den Kunden als gemeinsamer Vorgang und auf einem einzigen Ausdruck.<\/p>\n<\/div>\n<\/div>\n<\/div>[\/et_pb_text][\/et_pb_column][\/et_pb_row][et_pb_row _builder_version=\u00a0\u00bb4.13.1&Prime; _module_preset=\u00a0\u00bbdefault\u00a0\u00bb column_structure=\u00a0\u00bb1_2,1_2&Prime; theme_builder_area=\u00a0\u00bbpost_content\u00a0\u00bb][et_pb_column _builder_version=\u00a0\u00bb4.13.1&Prime; _module_preset=\u00a0\u00bbdefault\u00a0\u00bb type=\u00a0\u00bb1_2&Prime; theme_builder_area=\u00a0\u00bbpost_content\u00a0\u00bb][et_pb_image src=\u00a0\u00bbhttps:\/\/sr.oxyen.xyz\/wp-content\/uploads\/2021\/11\/depot-640.jpg\u00a0\u00bb _builder_version=\u00a0\u00bb4.13.1&Prime; _module_preset=\u00a0\u00bbdefault\u00a0\u00bb theme_builder_area=\u00a0\u00bbpost_content\u00a0\u00bb hover_enabled=\u00a0\u00bb0&Prime; sticky_enabled=\u00a0\u00bb0&Prime; title_text=\u00a0\u00bbdepot-640&Prime;][\/et_pb_image][et_pb_text _builder_version=\u00a0\u00bb4.13.1&Prime; _module_preset=\u00a0\u00bbdefault\u00a0\u00bb theme_builder_area=\u00a0\u00bbpost_content\u00a0\u00bb hover_enabled=\u00a0\u00bb0&Prime; sticky_enabled=\u00a0\u00bb0&Prime;]<p>Les remont\u00e9es m\u00e9chaniques, les h\u00f4tels et autres entreprises g\u00e8rent leurs d\u00e9pots avec ce logiciel. Den Schl\u00fcssel laden sie z.B. auf die Skidata-Skikarte. D&rsquo;autres variantes de verrouillage et de d\u00e9p\u00f4t peuvent \u00eatre coupl\u00e9es \u00e0 ce syst\u00e8me simple d&rsquo;utilisation.<\/p>[\/et_pb_text][\/et_pb_column][et_pb_column _builder_version=\u00a0\u00bb4.13.1&Prime; _module_preset=\u00a0\u00bbdefault\u00a0\u00bb type=\u00a0\u00bb1_2&Prime; theme_builder_area=\u00a0\u00bbpost_content\u00a0\u00bb][et_pb_image src=\u00a0\u00bbhttps:\/\/sr.oxyen.xyz\/wp-content\/uploads\/2021\/11\/SR-Depot.jpg\u00a0\u00bb _builder_version=\u00a0\u00bb4.13.1&Prime; _module_preset=\u00a0\u00bbdefault\u00a0\u00bb theme_builder_area=\u00a0\u00bbpost_content\u00a0\u00bb hover_enabled=\u00a0\u00bb0&Prime; sticky_enabled=\u00a0\u00bb0&Prime; title_text=\u00a0\u00bbsafety box\u00a0\u00bb][\/et_pb_image][et_pb_text _builder_version=\u00a0\u00bb4.13.1&Prime; _module_preset=\u00a0\u00bbdefault\u00a0\u00bb theme_builder_area=\u00a0\u00bbpost_content\u00a0\u00bb hover_enabled=\u00a0\u00bb0&Prime; sticky_enabled=\u00a0\u00bb0&Prime;]<div class=\"title\">\n<h4>Variantes<\/h4>\n<\/div>\n<div class=\"description\">Serrures de cylindre, serrures \u00e9lectriques, empreinte digitale, Pincode, module de puce RF-ID pour la lecture par ex. pour les cartes Skidata.<\/div>[\/et_pb_text][\/et_pb_column][\/et_pb_row][\/et_pb_section]\n","protected":false},"excerpt":{"rendered":"<p>SR Depot SR DEPOT est un programme de gestion automatique des d\u00e9p\u00f4ts. Cela garantit que les syst\u00e8mes de stockage sont utilis\u00e9s de mani\u00e8re optimale. Selon la philosophie de SR, il faut qu&rsquo;un certain nombre d&rsquo;options de configuration soient propos\u00e9es pour optimiser la gestion des d\u00e9p\u00f4ts, le contact avec les clients, la sortie des marchandises et [&hellip;]<\/p>\n","protected":false},"author":10,"featured_media":0,"parent":0,"menu_order":0,"comment_status":"closed","ping_status":"closed","template":"page-template-fullwidth.php","meta":{"_et_pb_use_builder":"on","_et_pb_old_content":"","_et_gb_content_width":"","_links_to":"","_links_to_target":""},"acf":[],"yoast_head":"<!-- This site is optimized with the Yoast SEO plugin v17.7.1 - https:\/\/yoast.com\/wordpress\/plugins\/seo\/ -->\n<title>SR Depot - SR GmbH<\/title>\n<meta name=\"robots\" content=\"index, follow, max-snippet:-1, max-image-preview:large, max-video-preview:-1\" \/>\n<link rel=\"canonical\" href=\"https:\/\/sr.oxyen.xyz\/fr\/sr-depot\/\" \/>\n<meta property=\"og:locale\" content=\"fr_FR\" \/>\n<meta property=\"og:type\" content=\"article\" \/>\n<meta property=\"og:title\" content=\"SR Depot - SR GmbH\" \/>\n<meta property=\"og:description\" content=\"SR Depot SR DEPOT est un programme de gestion automatique des d\u00e9p\u00f4ts. Cela garantit que les syst\u00e8mes de stockage sont utilis\u00e9s de mani\u00e8re optimale. Selon la philosophie de SR, il faut qu&#039;un certain nombre d&#039;options de configuration soient propos\u00e9es pour optimiser la gestion des d\u00e9p\u00f4ts, le contact avec les clients, la sortie des marchandises et [&hellip;]\" \/>\n<meta property=\"og:url\" content=\"https:\/\/sr.oxyen.xyz\/fr\/sr-depot\/\" \/>\n<meta property=\"og:site_name\" content=\"SR GmbH\" \/>\n<meta name=\"twitter:card\" content=\"summary_large_image\" \/>\n<meta name=\"twitter:label1\" content=\"Dur\u00e9e de lecture estim\u00e9e\" \/>\n\t<meta name=\"twitter:data1\" content=\"3 minutes\" \/>\n<script type=\"application\/ld+json\" class=\"yoast-schema-graph\">{\"@context\":\"https:\/\/schema.org\",\"@graph\":[{\"@type\":\"WebSite\",\"@id\":\"https:\/\/sr.oxyen.xyz\/#website\",\"url\":\"https:\/\/sr.oxyen.xyz\/\",\"name\":\"SR GmbH\",\"description\":\"Just another WordPress site\",\"potentialAction\":[{\"@type\":\"SearchAction\",\"target\":{\"@type\":\"EntryPoint\",\"urlTemplate\":\"https:\/\/sr.oxyen.xyz\/?s={search_term_string}\"},\"query-input\":\"required name=search_term_string\"}],\"inLanguage\":\"fr-FR\"},{\"@type\":\"WebPage\",\"@id\":\"https:\/\/sr.oxyen.xyz\/fr\/sr-depot\/#webpage\",\"url\":\"https:\/\/sr.oxyen.xyz\/fr\/sr-depot\/\",\"name\":\"SR Depot - SR GmbH\",\"isPartOf\":{\"@id\":\"https:\/\/sr.oxyen.xyz\/#website\"},\"datePublished\":\"2021-12-02T09:56:19+00:00\",\"dateModified\":\"2021-12-02T09:56:19+00:00\",\"breadcrumb\":{\"@id\":\"https:\/\/sr.oxyen.xyz\/fr\/sr-depot\/#breadcrumb\"},\"inLanguage\":\"fr-FR\",\"potentialAction\":[{\"@type\":\"ReadAction\",\"target\":[\"https:\/\/sr.oxyen.xyz\/fr\/sr-depot\/\"]}]},{\"@type\":\"BreadcrumbList\",\"@id\":\"https:\/\/sr.oxyen.xyz\/fr\/sr-depot\/#breadcrumb\",\"itemListElement\":[{\"@type\":\"ListItem\",\"position\":1,\"name\":\"Startseite\",\"item\":\"https:\/\/sr.oxyen.xyz\/fr\/\"},{\"@type\":\"ListItem\",\"position\":2,\"name\":\"SR Depot\"}]}]}<\/script>\n<!-- \/ Yoast SEO plugin. -->","yoast_head_json":{"title":"SR Depot - SR GmbH","robots":{"index":"index","follow":"follow","max-snippet":"max-snippet:-1","max-image-preview":"max-image-preview:large","max-video-preview":"max-video-preview:-1"},"canonical":"https:\/\/sr.oxyen.xyz\/fr\/sr-depot\/","og_locale":"fr_FR","og_type":"article","og_title":"SR Depot - SR GmbH","og_description":"SR Depot SR DEPOT est un programme de gestion automatique des d\u00e9p\u00f4ts. Cela garantit que les syst\u00e8mes de stockage sont utilis\u00e9s de mani\u00e8re optimale. Selon la philosophie de SR, il faut qu'un certain nombre d'options de configuration soient propos\u00e9es pour optimiser la gestion des d\u00e9p\u00f4ts, le contact avec les clients, la sortie des marchandises et [&hellip;]","og_url":"https:\/\/sr.oxyen.xyz\/fr\/sr-depot\/","og_site_name":"SR GmbH","twitter_card":"summary_large_image","twitter_misc":{"Dur\u00e9e de lecture estim\u00e9e":"3 minutes"},"schema":{"@context":"https:\/\/schema.org","@graph":[{"@type":"WebSite","@id":"https:\/\/sr.oxyen.xyz\/#website","url":"https:\/\/sr.oxyen.xyz\/","name":"SR GmbH","description":"Just another WordPress site","potentialAction":[{"@type":"SearchAction","target":{"@type":"EntryPoint","urlTemplate":"https:\/\/sr.oxyen.xyz\/?s={search_term_string}"},"query-input":"required name=search_term_string"}],"inLanguage":"fr-FR"},{"@type":"WebPage","@id":"https:\/\/sr.oxyen.xyz\/fr\/sr-depot\/#webpage","url":"https:\/\/sr.oxyen.xyz\/fr\/sr-depot\/","name":"SR Depot - SR GmbH","isPartOf":{"@id":"https:\/\/sr.oxyen.xyz\/#website"},"datePublished":"2021-12-02T09:56:19+00:00","dateModified":"2021-12-02T09:56:19+00:00","breadcrumb":{"@id":"https:\/\/sr.oxyen.xyz\/fr\/sr-depot\/#breadcrumb"},"inLanguage":"fr-FR","potentialAction":[{"@type":"ReadAction","target":["https:\/\/sr.oxyen.xyz\/fr\/sr-depot\/"]}]},{"@type":"BreadcrumbList","@id":"https:\/\/sr.oxyen.xyz\/fr\/sr-depot\/#breadcrumb","itemListElement":[{"@type":"ListItem","position":1,"name":"Startseite","item":"https:\/\/sr.oxyen.xyz\/fr\/"},{"@type":"ListItem","position":2,"name":"SR Depot"}]}]}},"_links":{"self":[{"href":"https:\/\/sr.oxyen.xyz\/fr\/wp-json\/wp\/v2\/pages\/4287"}],"collection":[{"href":"https:\/\/sr.oxyen.xyz\/fr\/wp-json\/wp\/v2\/pages"}],"about":[{"href":"https:\/\/sr.oxyen.xyz\/fr\/wp-json\/wp\/v2\/types\/page"}],"author":[{"embeddable":true,"href":"https:\/\/sr.oxyen.xyz\/fr\/wp-json\/wp\/v2\/users\/10"}],"replies":[{"embeddable":true,"href":"https:\/\/sr.oxyen.xyz\/fr\/wp-json\/wp\/v2\/comments?post=4287"}],"version-history":[{"count":1,"href":"https:\/\/sr.oxyen.xyz\/fr\/wp-json\/wp\/v2\/pages\/4287\/revisions"}],"predecessor-version":[{"id":4288,"href":"https:\/\/sr.oxyen.xyz\/fr\/wp-json\/wp\/v2\/pages\/4287\/revisions\/4288"}],"wp:attachment":[{"href":"https:\/\/sr.oxyen.xyz\/fr\/wp-json\/wp\/v2\/media?parent=4287"}],"curies":[{"name":"wp","href":"https:\/\/api.w.org\/{rel}","templated":true}]}}