{"id":4275,"date":"2021-12-02T09:50:23","date_gmt":"2021-12-02T09:50:23","guid":{"rendered":"https:\/\/sr.oxyen.xyz\/sicherheit\/"},"modified":"2021-12-02T09:50:37","modified_gmt":"2021-12-02T09:50:37","slug":"sicherheit","status":"publish","type":"page","link":"https:\/\/sr.oxyen.xyz\/fr\/services\/sicherheit\/","title":{"rendered":"Sicherheit"},"content":{"rendered":"<p>[et_pb_section fb_built=\u00a0\u00bb1&Prime; fullwidth=\u00a0\u00bbon\u00a0\u00bb _builder_version=\u00a0\u00bb4.13.1&Prime; _module_preset=\u00a0\u00bbdefault\u00a0\u00bb global_colors_info=\u00a0\u00bb{}\u00a0\u00bb][et_pb_fullwidth_header title=\u00a0\u00bbS\u00e9curit\u00e9\u00a0\u00bb text_orientation=\u00a0\u00bbcenter\u00a0\u00bb button_one_url=\u00a0\u00bb\/shop\u00a0\u00bb _builder_version=\u00a0\u00bb4.13.1&Prime; _module_preset=\u00a0\u00bbdefault\u00a0\u00bb title_text_align=\u00a0\u00bbcenter\u00a0\u00bb title_text_color=\u00a0\u00bb#E02B20&Prime; title_font_size=\u00a0\u00bb34px\u00a0\u00bb content_text_color=\u00a0\u00bb#000000&Prime; subhead_font=\u00a0\u00bb||||||||\u00a0\u00bb subhead_text_color=\u00a0\u00bb#494949&Prime; subhead_font_size=\u00a0\u00bb23px\u00a0\u00bb subhead_line_height=\u00a0\u00bb1.6em\u00a0\u00bb background_enable_color=\u00a0\u00bboff\u00a0\u00bb custom_button_one=\u00a0\u00bbon\u00a0\u00bb button_one_text_color=\u00a0\u00bb#E02B20&Prime; button_one_border_color=\u00a0\u00bb#E02B20&Prime; width=\u00a0\u00bb100%\u00a0\u00bb max_width=\u00a0\u00bb100%\u00a0\u00bb custom_padding=\u00a0\u00bb||25px|||\u00a0\u00bb button_one_bg_color_last_edited=\u00a0\u00bboff|desktop\u00a0\u00bb global_module=\u00a0\u00bb709&Prime; saved_tabs=\u00a0\u00bball\u00a0\u00bb global_colors_info=\u00a0\u00bb{}\u00a0\u00bb button_one_bg_color__hover_enabled=\u00a0\u00bbon|hover\u00a0\u00bb button_one_bg_color__hover=\u00a0\u00bb#E02B20&Prime; button_one_bg_enable_color__hover=\u00a0\u00bbon\u00a0\u00bb button_one_text_color__hover_enabled=\u00a0\u00bbon|desktop\u00a0\u00bb button_one_text_color__hover=\u00a0\u00bb#FFFFFF\u00a0\u00bb][\/et_pb_fullwidth_header][\/et_pb_section][et_pb_section fb_built=\u00a0\u00bb1&Prime; specialty=\u00a0\u00bbon\u00a0\u00bb _builder_version=\u00a0\u00bb4.13.1&Prime; _module_preset=\u00a0\u00bbdefault\u00a0\u00bb width=\u00a0\u00bb100%\u00a0\u00bb max_width=\u00a0\u00bb100%\u00a0\u00bb inner_width=\u00a0\u00bb100%\u00a0\u00bb inner_max_width=\u00a0\u00bb86%\u00a0\u00bb custom_padding=\u00a0\u00bb2px|||||\u00a0\u00bb global_colors_info=\u00a0\u00bb{}\u00a0\u00bb][et_pb_column type=\u00a0\u00bb1_2&Prime; _builder_version=\u00a0\u00bb3.25&Prime; custom_padding=\u00a0\u00bb|||\u00a0\u00bb global_colors_info=\u00a0\u00bb{}\u00a0\u00bb custom_padding__hover=\u00a0\u00bb|||\u00a0\u00bb][dipl_tilt_image image=\u00a0\u00bbhttps:\/\/sr.oxyen.xyz\/wp-content\/uploads\/2021\/11\/Dienstleistung-Sicherheit.jpg\u00a0\u00bb _builder_version=\u00a0\u00bb4.13.1&Prime; _module_preset=\u00a0\u00bbdefault\u00a0\u00bb locked=\u00a0\u00bboff\u00a0\u00bb global_colors_info=\u00a0\u00bb{}\u00a0\u00bb tilt_max=\u00a0\u00bb10&Prime;][\/dipl_tilt_image][\/et_pb_column][et_pb_column type=\u00a0\u00bb1_2&Prime; specialty_columns=\u00a0\u00bb2&Prime; _builder_version=\u00a0\u00bb3.25&Prime; custom_padding=\u00a0\u00bb|||\u00a0\u00bb global_colors_info=\u00a0\u00bb{}\u00a0\u00bb custom_padding__hover=\u00a0\u00bb|||\u00a0\u00bb][et_pb_row_inner _builder_version=\u00a0\u00bb4.13.1&Prime; _module_preset=\u00a0\u00bbdefault\u00a0\u00bb global_colors_info=\u00a0\u00bb{}\u00a0\u00bb][et_pb_column_inner saved_specialty_column_type=\u00a0\u00bb1_2&Prime; _builder_version=\u00a0\u00bb4.13.1&Prime; _module_preset=\u00a0\u00bbdefault\u00a0\u00bb global_colors_info=\u00a0\u00bb{}\u00a0\u00bb][et_pb_text _builder_version=\u00a0\u00bb4.13.1&Prime; _module_preset=\u00a0\u00bbdefault\u00a0\u00bb text_text_color=\u00a0\u00bbrgba(0,0,0,0.74)\u00a0\u00bb text_font_size=\u00a0\u00bb18px\u00a0\u00bb global_colors_info=\u00a0\u00bb{}\u00a0\u00bb]<\/p>\n<p><span>\u00c0 l&rsquo;\u00e8re d&rsquo;Internet, des questions telles que la vie priv\u00e9e et la protection des donn\u00e9es jouent un r\u00f4le de plus en plus central. De la conception \u00e0 la mise en \u0153uvre d&rsquo;une nouvelle strat\u00e9gie de s\u00e9curit\u00e9 informatique: les informaticiens de SR GmbH se feront un plaisir de vous conseiller sur la s\u00e9curit\u00e9 adapt\u00e9e \u00e0 votre entreprise dans une discussion ind\u00e9pendante.<\/span><\/p>\n<p>[\/et_pb_text][\/et_pb_column_inner][\/et_pb_row_inner][et_pb_row_inner column_structure=\u00a0\u00bb1_2,1_2&Prime; _builder_version=\u00a0\u00bb4.13.1&Prime; _module_preset=\u00a0\u00bbdefault\u00a0\u00bb global_colors_info=\u00a0\u00bb{}\u00a0\u00bb][et_pb_column_inner type=\u00a0\u00bb1_2&Prime; saved_specialty_column_type=\u00a0\u00bb1_2&Prime; _builder_version=\u00a0\u00bb4.13.1&Prime; _module_preset=\u00a0\u00bbdefault\u00a0\u00bb global_colors_info=\u00a0\u00bb{}\u00a0\u00bb][et_pb_text _builder_version=\u00a0\u00bb4.13.1&Prime; _module_preset=\u00a0\u00bbdefault\u00a0\u00bb text_font=\u00a0\u00bb||||||||\u00a0\u00bb text_text_color=\u00a0\u00bbrgba(0,0,0,0.75)\u00a0\u00bb text_font_size=\u00a0\u00bb16px\u00a0\u00bb ul_text_color=\u00a0\u00bbrgba(0,0,0,0.66)\u00a0\u00bb ul_font_size=\u00a0\u00bb15px\u00a0\u00bb ul_line_height=\u00a0\u00bb1.5em\u00a0\u00bb header_2_text_color=\u00a0\u00bbrgba(0,0,0,0.8)\u00a0\u00bb header_2_font_size=\u00a0\u00bb19px\u00a0\u00bb global_colors_info=\u00a0\u00bb{}\u00a0\u00bb]<\/p>\n<p><strong>Si vous souhaitez tester votre infrastructure informatique, nous vous recommandons de vous poser les questions suivantes:<\/strong><\/p>\n<ul>\n<li>Vos donn\u00e9es sont-elles suffisamment prot\u00e9g\u00e9es contre les virus, les logiciels malveillants, les manipulations d\u00e9lib\u00e9r\u00e9es ou les pannes de syst\u00e8me?<\/li>\n<li>Pouvez-vous acc\u00e9der \u00e0 diff\u00e9rentes instances de votre sauvegarde?<\/li>\n<li>Vos donn\u00e9es sont-elles \u00e0 l&rsquo;abri du feu, des d\u00e9g\u00e2ts d&rsquo;eau, du vol, de la falsification ou autre?<\/li>\n<li>Vos donn\u00e9es sont-elles crypt\u00e9es en cas de vol?<\/li>\n<li>Vos donn\u00e9es sont-elles transmises en toute s\u00e9curit\u00e9 aux destinations souhait\u00e9es?<\/li>\n<\/ul>\n<p>[\/et_pb_text][\/et_pb_column_inner][et_pb_column_inner type=\u00a0\u00bb1_2&Prime; saved_specialty_column_type=\u00a0\u00bb1_2&Prime; _builder_version=\u00a0\u00bb4.13.1&Prime; _module_preset=\u00a0\u00bbdefault\u00a0\u00bb global_colors_info=\u00a0\u00bb{}\u00a0\u00bb][et_pb_text _builder_version=\u00a0\u00bb4.13.1&Prime; _module_preset=\u00a0\u00bbdefault\u00a0\u00bb text_font=\u00a0\u00bb||||||||\u00a0\u00bb text_text_color=\u00a0\u00bbrgba(0,0,0,0.75)\u00a0\u00bb text_font_size=\u00a0\u00bb16px\u00a0\u00bb ul_text_color=\u00a0\u00bbrgba(0,0,0,0.66)\u00a0\u00bb ul_font_size=\u00a0\u00bb15px\u00a0\u00bb ul_line_height=\u00a0\u00bb1.5em\u00a0\u00bb header_2_text_color=\u00a0\u00bbrgba(0,0,0,0.8)\u00a0\u00bb header_2_font_size=\u00a0\u00bb19px\u00a0\u00bb locked=\u00a0\u00bboff\u00a0\u00bb global_colors_info=\u00a0\u00bb{}\u00a0\u00bb]<\/p>\n<p><strong>Voulez-vous en savoir plus sur le concept de s\u00e9curit\u00e9 ? SR S\u00e0rl peut vous proposer:<\/strong><\/p>\n<ul>\n<li>Cr\u00e9ation et impl\u00e9mentation de s\u00e9curit\u00e9<\/li>\n<li>Mise en place de pare-feu<\/li>\n<li>Logiciel antivirus<\/li>\n<li>Support en cas de virus<\/li>\n<li>Cryptage des donn\u00e9es<\/li>\n<li>Filtre anti-spam<\/li>\n<li>Filtre de contenu<\/li>\n<li>VPN<\/li>\n<\/ul>\n<p>[\/et_pb_text][\/et_pb_column_inner][\/et_pb_row_inner][\/et_pb_column][\/et_pb_section]<\/p>\n","protected":false},"excerpt":{"rendered":"<p><div class=\"et_pb_module dipl_tilt_image dipl_tilt_image_0\">\n\t\t\t\t\n\t\t\t\t\n\t\t\t\t\n\t\t\t\t\n\t\t\t\t<div class=\"et_pb_module_inner\">\n\t\t\t\t\t<div class=\"dipl_tilt_image_wrapper  dipl_tilt_align_center\" data-tilt data-tilt-max=\"10\" data-tilt-perspective=\"1000\" data-tilt-scale=\"1\" data-tilt-speed=\"300\" data-tilt-mobile-disable=\"off\" >\n\t\t\t\t<div class=\"dipl_tilt_image_inner_wrapper\">\n\t\t\t\t<img src=\"https:\/\/sr.oxyen.xyz\/wp-content\/uploads\/2021\/11\/Dienstleistung-Sicherheit.jpg\" alt=\"\" srcset=\"https:\/\/sr.oxyen.xyz\/wp-content\/uploads\/2021\/11\/Dienstleistung-Sicherheit.jpg 960w, https:\/\/sr.oxyen.xyz\/wp-content\/uploads\/2021\/11\/Dienstleistung-Sicherheit-300x200.jpg 300w, https:\/\/sr.oxyen.xyz\/wp-content\/uploads\/2021\/11\/Dienstleistung-Sicherheit-768x512.jpg 768w, https:\/\/sr.oxyen.xyz\/wp-content\/uploads\/2021\/11\/Dienstleistung-Sicherheit-610x407.jpg 610w, https:\/\/sr.oxyen.xyz\/wp-content\/uploads\/2021\/11\/Dienstleistung-Sicherheit-600x400.jpg 600w\" sizes=\"(max-width: 960px) 100vw, 960px\" \/>\n\t\t\t\t<div class=\"dipl_tilt_content_wrapper et_pb_animation_off\">\n\t\t\t\t\t\n\t\t\t\t\t\n\t\t\t\t\t\n\t\t\t\t\t\n\t\t\t\t<\/div>\n\t\t\t<\/div>\n\t\t\t<\/div>\n\t\t\t\t<\/div>\n\t\t\t<\/div>\u00c0 l&rsquo;\u00e8re d&rsquo;Internet, des questions telles que la vie priv\u00e9e et la protection des donn\u00e9es jouent un r\u00f4le de plus en plus central. De la conception \u00e0 la mise en \u0153uvre d&rsquo;une nouvelle strat\u00e9gie de s\u00e9curit\u00e9 informatique: les informaticiens de SR GmbH se feront un plaisir de vous conseiller [&hellip;]<\/p>\n","protected":false},"author":7,"featured_media":0,"parent":4452,"menu_order":0,"comment_status":"closed","ping_status":"closed","template":"page-template-fullwidth.php","meta":{"_et_pb_use_builder":"on","_et_pb_old_content":"","_et_gb_content_width":"","_links_to":"","_links_to_target":""},"acf":[],"yoast_head":"<!-- This site is optimized with the Yoast SEO plugin v17.7.1 - https:\/\/yoast.com\/wordpress\/plugins\/seo\/ -->\n<title>Sicherheit - SR GmbH<\/title>\n<meta name=\"robots\" content=\"index, follow, max-snippet:-1, max-image-preview:large, max-video-preview:-1\" \/>\n<link rel=\"canonical\" href=\"https:\/\/sr.oxyen.xyz\/fr\/services\/sicherheit\/\" \/>\n<meta property=\"og:locale\" content=\"fr_FR\" \/>\n<meta property=\"og:type\" content=\"article\" \/>\n<meta property=\"og:title\" content=\"Sicherheit - SR GmbH\" \/>\n<meta property=\"og:description\" content=\"\u00c0 l&#039;\u00e8re d&#039;Internet, des questions telles que la vie priv\u00e9e et la protection des donn\u00e9es jouent un r\u00f4le de plus en plus central. De la conception \u00e0 la mise en \u0153uvre d&#039;une nouvelle strat\u00e9gie de s\u00e9curit\u00e9 informatique: les informaticiens de SR GmbH se feront un plaisir de vous conseiller [&hellip;]\" \/>\n<meta property=\"og:url\" content=\"https:\/\/sr.oxyen.xyz\/fr\/services\/sicherheit\/\" \/>\n<meta property=\"og:site_name\" content=\"SR GmbH\" \/>\n<meta property=\"article:modified_time\" content=\"2021-12-02T09:50:37+00:00\" \/>\n<meta name=\"twitter:card\" content=\"summary_large_image\" \/>\n<meta name=\"twitter:label1\" content=\"Dur\u00e9e de lecture estim\u00e9e\" \/>\n\t<meta name=\"twitter:data1\" content=\"3 minutes\" \/>\n<script type=\"application\/ld+json\" class=\"yoast-schema-graph\">{\"@context\":\"https:\/\/schema.org\",\"@graph\":[{\"@type\":\"WebSite\",\"@id\":\"https:\/\/sr.oxyen.xyz\/#website\",\"url\":\"https:\/\/sr.oxyen.xyz\/\",\"name\":\"SR GmbH\",\"description\":\"Just another WordPress site\",\"potentialAction\":[{\"@type\":\"SearchAction\",\"target\":{\"@type\":\"EntryPoint\",\"urlTemplate\":\"https:\/\/sr.oxyen.xyz\/?s={search_term_string}\"},\"query-input\":\"required name=search_term_string\"}],\"inLanguage\":\"fr-FR\"},{\"@type\":\"WebPage\",\"@id\":\"https:\/\/sr.oxyen.xyz\/fr\/services\/sicherheit\/#webpage\",\"url\":\"https:\/\/sr.oxyen.xyz\/fr\/services\/sicherheit\/\",\"name\":\"Sicherheit - SR GmbH\",\"isPartOf\":{\"@id\":\"https:\/\/sr.oxyen.xyz\/#website\"},\"datePublished\":\"2021-12-02T09:50:23+00:00\",\"dateModified\":\"2021-12-02T09:50:37+00:00\",\"breadcrumb\":{\"@id\":\"https:\/\/sr.oxyen.xyz\/fr\/services\/sicherheit\/#breadcrumb\"},\"inLanguage\":\"fr-FR\",\"potentialAction\":[{\"@type\":\"ReadAction\",\"target\":[\"https:\/\/sr.oxyen.xyz\/fr\/services\/sicherheit\/\"]}]},{\"@type\":\"BreadcrumbList\",\"@id\":\"https:\/\/sr.oxyen.xyz\/fr\/services\/sicherheit\/#breadcrumb\",\"itemListElement\":[{\"@type\":\"ListItem\",\"position\":1,\"name\":\"Startseite\",\"item\":\"https:\/\/sr.oxyen.xyz\/fr\/\"},{\"@type\":\"ListItem\",\"position\":2,\"name\":\"Services\",\"item\":\"https:\/\/sr.oxyen.xyz\/fr\/services\/\"},{\"@type\":\"ListItem\",\"position\":3,\"name\":\"Sicherheit\"}]}]}<\/script>\n<!-- \/ Yoast SEO plugin. -->","yoast_head_json":{"title":"Sicherheit - SR GmbH","robots":{"index":"index","follow":"follow","max-snippet":"max-snippet:-1","max-image-preview":"max-image-preview:large","max-video-preview":"max-video-preview:-1"},"canonical":"https:\/\/sr.oxyen.xyz\/fr\/services\/sicherheit\/","og_locale":"fr_FR","og_type":"article","og_title":"Sicherheit - SR GmbH","og_description":"\u00c0 l'\u00e8re d'Internet, des questions telles que la vie priv\u00e9e et la protection des donn\u00e9es jouent un r\u00f4le de plus en plus central. De la conception \u00e0 la mise en \u0153uvre d'une nouvelle strat\u00e9gie de s\u00e9curit\u00e9 informatique: les informaticiens de SR GmbH se feront un plaisir de vous conseiller [&hellip;]","og_url":"https:\/\/sr.oxyen.xyz\/fr\/services\/sicherheit\/","og_site_name":"SR GmbH","article_modified_time":"2021-12-02T09:50:37+00:00","twitter_card":"summary_large_image","twitter_misc":{"Dur\u00e9e de lecture estim\u00e9e":"3 minutes"},"schema":{"@context":"https:\/\/schema.org","@graph":[{"@type":"WebSite","@id":"https:\/\/sr.oxyen.xyz\/#website","url":"https:\/\/sr.oxyen.xyz\/","name":"SR GmbH","description":"Just another WordPress site","potentialAction":[{"@type":"SearchAction","target":{"@type":"EntryPoint","urlTemplate":"https:\/\/sr.oxyen.xyz\/?s={search_term_string}"},"query-input":"required name=search_term_string"}],"inLanguage":"fr-FR"},{"@type":"WebPage","@id":"https:\/\/sr.oxyen.xyz\/fr\/services\/sicherheit\/#webpage","url":"https:\/\/sr.oxyen.xyz\/fr\/services\/sicherheit\/","name":"Sicherheit - SR GmbH","isPartOf":{"@id":"https:\/\/sr.oxyen.xyz\/#website"},"datePublished":"2021-12-02T09:50:23+00:00","dateModified":"2021-12-02T09:50:37+00:00","breadcrumb":{"@id":"https:\/\/sr.oxyen.xyz\/fr\/services\/sicherheit\/#breadcrumb"},"inLanguage":"fr-FR","potentialAction":[{"@type":"ReadAction","target":["https:\/\/sr.oxyen.xyz\/fr\/services\/sicherheit\/"]}]},{"@type":"BreadcrumbList","@id":"https:\/\/sr.oxyen.xyz\/fr\/services\/sicherheit\/#breadcrumb","itemListElement":[{"@type":"ListItem","position":1,"name":"Startseite","item":"https:\/\/sr.oxyen.xyz\/fr\/"},{"@type":"ListItem","position":2,"name":"Services","item":"https:\/\/sr.oxyen.xyz\/fr\/services\/"},{"@type":"ListItem","position":3,"name":"Sicherheit"}]}]}},"_links":{"self":[{"href":"https:\/\/sr.oxyen.xyz\/fr\/wp-json\/wp\/v2\/pages\/4275"}],"collection":[{"href":"https:\/\/sr.oxyen.xyz\/fr\/wp-json\/wp\/v2\/pages"}],"about":[{"href":"https:\/\/sr.oxyen.xyz\/fr\/wp-json\/wp\/v2\/types\/page"}],"author":[{"embeddable":true,"href":"https:\/\/sr.oxyen.xyz\/fr\/wp-json\/wp\/v2\/users\/7"}],"replies":[{"embeddable":true,"href":"https:\/\/sr.oxyen.xyz\/fr\/wp-json\/wp\/v2\/comments?post=4275"}],"version-history":[{"count":5,"href":"https:\/\/sr.oxyen.xyz\/fr\/wp-json\/wp\/v2\/pages\/4275\/revisions"}],"predecessor-version":[{"id":4280,"href":"https:\/\/sr.oxyen.xyz\/fr\/wp-json\/wp\/v2\/pages\/4275\/revisions\/4280"}],"up":[{"embeddable":true,"href":"https:\/\/sr.oxyen.xyz\/fr\/wp-json\/wp\/v2\/pages\/4452"}],"wp:attachment":[{"href":"https:\/\/sr.oxyen.xyz\/fr\/wp-json\/wp\/v2\/media?parent=4275"}],"curies":[{"name":"wp","href":"https:\/\/api.w.org\/{rel}","templated":true}]}}