{"id":4133,"date":"2021-12-01T15:22:33","date_gmt":"2021-12-01T15:22:33","guid":{"rendered":"https:\/\/sr.oxyen.xyz\/telechargements\/"},"modified":"2021-12-02T13:45:50","modified_gmt":"2021-12-02T13:45:50","slug":"telechargements","status":"publish","type":"page","link":"https:\/\/sr.oxyen.xyz\/fr\/telechargements\/","title":{"rendered":"T\u00e9l\u00e9chargements"},"content":{"rendered":"<p>[et_pb_section fb_built=\u00a0\u00bb1&Prime; fullwidth=\u00a0\u00bbon\u00a0\u00bb theme_builder_area=\u00a0\u00bbpost_content\u00a0\u00bb _builder_version=\u00a0\u00bb4.14.1&Prime; _module_preset=\u00a0\u00bbdefault\u00a0\u00bb][et_pb_fullwidth_header text_orientation=\u00a0\u00bbcenter\u00a0\u00bb button_one_url=\u00a0\u00bb\/shop\u00a0\u00bb _builder_version=\u00a0\u00bb4.14.1&Prime; _module_preset=\u00a0\u00bbdefault\u00a0\u00bb title_text_align=\u00a0\u00bbcenter\u00a0\u00bb title_text_color=\u00a0\u00bb#E02B20&Prime; title_font_size=\u00a0\u00bb38px\u00a0\u00bb content_text_align=\u00a0\u00bbcenter\u00a0\u00bb content_text_color=\u00a0\u00bb#494949&Prime; content_font_size=\u00a0\u00bb23px\u00a0\u00bb subhead_font=\u00a0\u00bb||||||||\u00a0\u00bb subhead_text_color=\u00a0\u00bb#494949&Prime; subhead_font_size=\u00a0\u00bb23px\u00a0\u00bb subhead_line_height=\u00a0\u00bb1.6em\u00a0\u00bb content_link_text_color=\u00a0\u00bb#E02B20&Prime; background_enable_color=\u00a0\u00bboff\u00a0\u00bb custom_button_one=\u00a0\u00bbon\u00a0\u00bb button_one_text_color=\u00a0\u00bb#E02B20&Prime; button_one_border_color=\u00a0\u00bb#E02B20&Prime; width=\u00a0\u00bb100%\u00a0\u00bb max_width=\u00a0\u00bb100%\u00a0\u00bb custom_padding=\u00a0\u00bb||25px|||\u00a0\u00bb hover_enabled=\u00a0\u00bb0&Prime; title_font_size_tablet=\u00a0\u00bb38px\u00a0\u00bb title_font_size_phone=\u00a0\u00bb25px\u00a0\u00bb title_font_size_last_edited=\u00a0\u00bbon|tablet\u00a0\u00bb button_one_bg_color_last_edited=\u00a0\u00bboff|desktop\u00a0\u00bb saved_tabs=\u00a0\u00bball\u00a0\u00bb global_colors_info=\u00a0\u00bb{}\u00a0\u00bb button_one_bg_color__hover_enabled=\u00a0\u00bbon|hover\u00a0\u00bb button_one_bg_color__hover=\u00a0\u00bb#E02B20&Prime; button_one_bg_enable_color__hover=\u00a0\u00bbon\u00a0\u00bb button_one_text_color__hover_enabled=\u00a0\u00bbon|desktop\u00a0\u00bb button_one_text_color__hover=\u00a0\u00bb#FFFFFF\u00a0\u00bb content_link_text_color__hover_enabled=\u00a0\u00bbon|hover\u00a0\u00bb content_link_text_color__hover=\u00a0\u00bb#a31515&Prime; global_module=\u00a0\u00bb709&Prime; theme_builder_area=\u00a0\u00bbpost_content\u00a0\u00bb title=\u00a0\u00bbT\u00e9l\u00e9chargements.\u00a0\u00bb subhead=\u00a0\u00bbVous pouvez t\u00e9l\u00e9charger ici notre logiciel suppl\u00e9mentaire.\u00a0\u00bb sticky_enabled=\u00a0\u00bb0&Prime;][\/et_pb_fullwidth_header][\/et_pb_section][et_pb_section fb_built=\u00a0\u00bb1&Prime; _builder_version=\u00a0\u00bb4.10.8&Prime; _module_preset=\u00a0\u00bbdefault\u00a0\u00bb global_colors_info=\u00a0\u00bb{}\u00a0\u00bb][et_pb_row column_structure=\u00a0\u00bb1_5,3_5,1_5&Prime; _builder_version=\u00a0\u00bb4.10.8&Prime; _module_preset=\u00a0\u00bbdefault\u00a0\u00bb global_colors_info=\u00a0\u00bb{}\u00a0\u00bb][et_pb_column type=\u00a0\u00bb1_5&Prime; _builder_version=\u00a0\u00bb4.10.8&Prime; _module_preset=\u00a0\u00bbdefault\u00a0\u00bb global_colors_info=\u00a0\u00bb{}\u00a0\u00bb][\/et_pb_column][et_pb_column type=\u00a0\u00bb3_5&Prime; _builder_version=\u00a0\u00bb4.10.8&Prime; _module_preset=\u00a0\u00bbdefault\u00a0\u00bb global_colors_info=\u00a0\u00bb{}\u00a0\u00bb][et_pb_code _builder_version=\u00a0\u00bb4.10.8&Prime; _module_preset=\u00a0\u00bbdefault\u00a0\u00bb global_colors_info=\u00a0\u00bb{}\u00a0\u00bb][\/et_pb_code][et_pb_button button_url=\u00a0\u00bbhttps:\/\/www.dropbox.com\/s\/6op3ax6ld5bq67c\/SrSupportCH.exe?dl=0&Prime; url_new_window=\u00a0\u00bbon\u00a0\u00bb button_text=\u00a0\u00bbDOWNLOAD TEAMVIEWER\u00a0\u00bb button_alignment=\u00a0\u00bbcenter\u00a0\u00bb _builder_version=\u00a0\u00bb4.14.1&Prime; _module_preset=\u00a0\u00bbdefault\u00a0\u00bb custom_button=\u00a0\u00bbon\u00a0\u00bb button_border_radius=\u00a0\u00bb100px\u00a0\u00bb global_colors_info=\u00a0\u00bb{}\u00a0\u00bb][\/et_pb_button][et_pb_button button_url=\u00a0\u00bbhttps:\/\/sr.oxyen.xyz\/wp-content\/uploads\/2021\/11\/SR-CH-Taskbar.zip\u00a0\u00bb button_text=\u00a0\u00bbDOWNLOAD TASKBAR\u00a0\u00bb button_alignment=\u00a0\u00bbcenter\u00a0\u00bb _builder_version=\u00a0\u00bb4.14.1&Prime; _module_preset=\u00a0\u00bbdefault\u00a0\u00bb custom_button=\u00a0\u00bbon\u00a0\u00bb button_border_radius=\u00a0\u00bb100px\u00a0\u00bb button_icon=\u00a0\u00bb&#x35;||divi||400&Prime; global_colors_info=\u00a0\u00bb{}\u00a0\u00bb][\/et_pb_button][\/et_pb_column][et_pb_column type=\u00a0\u00bb1_5&Prime; _builder_version=\u00a0\u00bb4.10.8&Prime; _module_preset=\u00a0\u00bbdefault\u00a0\u00bb global_colors_info=\u00a0\u00bb{}\u00a0\u00bb][\/et_pb_column][\/et_pb_row][\/et_pb_section]<\/p>\n","protected":false},"excerpt":{"rendered":"","protected":false},"author":10,"featured_media":0,"parent":0,"menu_order":0,"comment_status":"closed","ping_status":"closed","template":"page-template-fullwidth.php","meta":{"_et_pb_use_builder":"on","_et_pb_old_content":"","_et_gb_content_width":"","_links_to":"","_links_to_target":""},"acf":[],"yoast_head":"<!-- This site is optimized with the Yoast SEO plugin v17.7.1 - https:\/\/yoast.com\/wordpress\/plugins\/seo\/ -->\n<title>T\u00e9l\u00e9chargements - SR GmbH<\/title>\n<meta name=\"robots\" content=\"index, follow, max-snippet:-1, max-image-preview:large, max-video-preview:-1\" \/>\n<link rel=\"canonical\" href=\"https:\/\/sr.oxyen.xyz\/fr\/telechargements\/\" \/>\n<meta property=\"og:locale\" content=\"fr_FR\" \/>\n<meta property=\"og:type\" content=\"article\" \/>\n<meta property=\"og:title\" content=\"T\u00e9l\u00e9chargements - SR GmbH\" \/>\n<meta property=\"og:url\" content=\"https:\/\/sr.oxyen.xyz\/fr\/telechargements\/\" \/>\n<meta property=\"og:site_name\" content=\"SR GmbH\" \/>\n<meta property=\"article:modified_time\" content=\"2021-12-02T13:45:50+00:00\" \/>\n<meta name=\"twitter:card\" content=\"summary_large_image\" \/>\n<meta name=\"twitter:label1\" content=\"Dur\u00e9e de lecture estim\u00e9e\" \/>\n\t<meta name=\"twitter:data1\" content=\"2 minutes\" \/>\n<script type=\"application\/ld+json\" class=\"yoast-schema-graph\">{\"@context\":\"https:\/\/schema.org\",\"@graph\":[{\"@type\":\"WebSite\",\"@id\":\"https:\/\/sr.oxyen.xyz\/#website\",\"url\":\"https:\/\/sr.oxyen.xyz\/\",\"name\":\"SR GmbH\",\"description\":\"Just another WordPress site\",\"potentialAction\":[{\"@type\":\"SearchAction\",\"target\":{\"@type\":\"EntryPoint\",\"urlTemplate\":\"https:\/\/sr.oxyen.xyz\/?s={search_term_string}\"},\"query-input\":\"required name=search_term_string\"}],\"inLanguage\":\"fr-FR\"},{\"@type\":\"WebPage\",\"@id\":\"https:\/\/sr.oxyen.xyz\/fr\/telechargements\/#webpage\",\"url\":\"https:\/\/sr.oxyen.xyz\/fr\/telechargements\/\",\"name\":\"T\\u00e9l\\u00e9chargements - SR GmbH\",\"isPartOf\":{\"@id\":\"https:\/\/sr.oxyen.xyz\/#website\"},\"datePublished\":\"2021-12-01T15:22:33+00:00\",\"dateModified\":\"2021-12-02T13:45:50+00:00\",\"breadcrumb\":{\"@id\":\"https:\/\/sr.oxyen.xyz\/fr\/telechargements\/#breadcrumb\"},\"inLanguage\":\"fr-FR\",\"potentialAction\":[{\"@type\":\"ReadAction\",\"target\":[\"https:\/\/sr.oxyen.xyz\/fr\/telechargements\/\"]}]},{\"@type\":\"BreadcrumbList\",\"@id\":\"https:\/\/sr.oxyen.xyz\/fr\/telechargements\/#breadcrumb\",\"itemListElement\":[{\"@type\":\"ListItem\",\"position\":1,\"name\":\"Startseite\",\"item\":\"https:\/\/sr.oxyen.xyz\/fr\/\"},{\"@type\":\"ListItem\",\"position\":2,\"name\":\"T\\u00e9l\\u00e9chargements\"}]}]}<\/script>\n<!-- \/ Yoast SEO plugin. -->","yoast_head_json":{"title":"T\u00e9l\u00e9chargements - SR GmbH","robots":{"index":"index","follow":"follow","max-snippet":"max-snippet:-1","max-image-preview":"max-image-preview:large","max-video-preview":"max-video-preview:-1"},"canonical":"https:\/\/sr.oxyen.xyz\/fr\/telechargements\/","og_locale":"fr_FR","og_type":"article","og_title":"T\u00e9l\u00e9chargements - SR GmbH","og_url":"https:\/\/sr.oxyen.xyz\/fr\/telechargements\/","og_site_name":"SR GmbH","article_modified_time":"2021-12-02T13:45:50+00:00","twitter_card":"summary_large_image","twitter_misc":{"Dur\u00e9e de lecture estim\u00e9e":"2 minutes"},"schema":{"@context":"https:\/\/schema.org","@graph":[{"@type":"WebSite","@id":"https:\/\/sr.oxyen.xyz\/#website","url":"https:\/\/sr.oxyen.xyz\/","name":"SR GmbH","description":"Just another WordPress site","potentialAction":[{"@type":"SearchAction","target":{"@type":"EntryPoint","urlTemplate":"https:\/\/sr.oxyen.xyz\/?s={search_term_string}"},"query-input":"required name=search_term_string"}],"inLanguage":"fr-FR"},{"@type":"WebPage","@id":"https:\/\/sr.oxyen.xyz\/fr\/telechargements\/#webpage","url":"https:\/\/sr.oxyen.xyz\/fr\/telechargements\/","name":"T\u00e9l\u00e9chargements - SR GmbH","isPartOf":{"@id":"https:\/\/sr.oxyen.xyz\/#website"},"datePublished":"2021-12-01T15:22:33+00:00","dateModified":"2021-12-02T13:45:50+00:00","breadcrumb":{"@id":"https:\/\/sr.oxyen.xyz\/fr\/telechargements\/#breadcrumb"},"inLanguage":"fr-FR","potentialAction":[{"@type":"ReadAction","target":["https:\/\/sr.oxyen.xyz\/fr\/telechargements\/"]}]},{"@type":"BreadcrumbList","@id":"https:\/\/sr.oxyen.xyz\/fr\/telechargements\/#breadcrumb","itemListElement":[{"@type":"ListItem","position":1,"name":"Startseite","item":"https:\/\/sr.oxyen.xyz\/fr\/"},{"@type":"ListItem","position":2,"name":"T\u00e9l\u00e9chargements"}]}]}},"_links":{"self":[{"href":"https:\/\/sr.oxyen.xyz\/fr\/wp-json\/wp\/v2\/pages\/4133"}],"collection":[{"href":"https:\/\/sr.oxyen.xyz\/fr\/wp-json\/wp\/v2\/pages"}],"about":[{"href":"https:\/\/sr.oxyen.xyz\/fr\/wp-json\/wp\/v2\/types\/page"}],"author":[{"embeddable":true,"href":"https:\/\/sr.oxyen.xyz\/fr\/wp-json\/wp\/v2\/users\/10"}],"replies":[{"embeddable":true,"href":"https:\/\/sr.oxyen.xyz\/fr\/wp-json\/wp\/v2\/comments?post=4133"}],"version-history":[{"count":8,"href":"https:\/\/sr.oxyen.xyz\/fr\/wp-json\/wp\/v2\/pages\/4133\/revisions"}],"predecessor-version":[{"id":4399,"href":"https:\/\/sr.oxyen.xyz\/fr\/wp-json\/wp\/v2\/pages\/4133\/revisions\/4399"}],"wp:attachment":[{"href":"https:\/\/sr.oxyen.xyz\/fr\/wp-json\/wp\/v2\/media?parent=4133"}],"curies":[{"name":"wp","href":"https:\/\/api.w.org\/{rel}","templated":true}]}}