{"id":4120,"date":"2021-12-01T15:06:01","date_gmt":"2021-12-01T15:06:01","guid":{"rendered":"https:\/\/sr.oxyen.xyz\/sponsoring-partenaires\/"},"modified":"2021-12-01T15:06:01","modified_gmt":"2021-12-01T15:06:01","slug":"sponsoring-partenaires","status":"publish","type":"page","link":"https:\/\/sr.oxyen.xyz\/fr\/sponsoring-partenaires\/","title":{"rendered":"Sponsoring &amp; Partenaires"},"content":{"rendered":"<p>[et_pb_section fb_built=\u00a0\u00bb1&Prime; fullwidth=\u00a0\u00bbon\u00a0\u00bb _builder_version=\u00a0\u00bb4.14.1&Prime; _module_preset=\u00a0\u00bbdefault\u00a0\u00bb global_colors_info=\u00a0\u00bb{}\u00a0\u00bb][et_pb_fullwidth_header _builder_version=\u00a0\u00bb4.14.1&Prime; _module_preset=\u00a0\u00bbdefault\u00a0\u00bb background_enable_color=\u00a0\u00bboff\u00a0\u00bb background_color_gradient_start=\u00a0\u00bbrgba(0,72,114,0.9)\u00a0\u00bb background_color_gradient_end=\u00a0\u00bbrgba(41,17,96,0.8)\u00a0\u00bb height=\u00a0\u00bb400px\u00a0\u00bb hover_enabled=\u00a0\u00bb0&Prime; saved_tabs=\u00a0\u00bball\u00a0\u00bb global_colors_info=\u00a0\u00bb{}\u00a0\u00bb global_module=\u00a0\u00bb3122&Prime; theme_builder_area=\u00a0\u00bbpost_content\u00a0\u00bb title_text=\u00a0\u00bbbouquet of flowers\u00a0\u00bb background_image=\u00a0\u00bbhttps:\/\/sr.oxyen.xyz\/wp-content\/uploads\/2021\/11\/istock_000023613006large_1-640.jpg\u00a0\u00bb sticky_enabled=\u00a0\u00bb0&Prime;][\/et_pb_fullwidth_header][et_pb_fullwidth_header title=\u00a0\u00bbPartenaires &amp; Sponsoring\u00a0\u00bb text_orientation=\u00a0\u00bbcenter\u00a0\u00bb button_one_url=\u00a0\u00bb\/shop\u00a0\u00bb _builder_version=\u00a0\u00bb4.14.1&Prime; _module_preset=\u00a0\u00bbdefault\u00a0\u00bb title_text_align=\u00a0\u00bbcenter\u00a0\u00bb title_text_color=\u00a0\u00bb#E02B20&Prime; title_font_size=\u00a0\u00bb38px\u00a0\u00bb content_text_align=\u00a0\u00bbcenter\u00a0\u00bb content_text_color=\u00a0\u00bb#494949&Prime; content_font_size=\u00a0\u00bb23px\u00a0\u00bb subhead_font=\u00a0\u00bb||||||||\u00a0\u00bb subhead_text_color=\u00a0\u00bb#494949&Prime; subhead_font_size=\u00a0\u00bb23px\u00a0\u00bb subhead_line_height=\u00a0\u00bb1.6em\u00a0\u00bb content_link_text_color=\u00a0\u00bb#E02B20&Prime; background_enable_color=\u00a0\u00bboff\u00a0\u00bb custom_button_one=\u00a0\u00bbon\u00a0\u00bb button_one_text_color=\u00a0\u00bb#E02B20&Prime; button_one_border_color=\u00a0\u00bb#E02B20&Prime; transform_translate_linked=\u00a0\u00bboff\u00a0\u00bb width=\u00a0\u00bb100%\u00a0\u00bb max_width=\u00a0\u00bb100%\u00a0\u00bb custom_padding=\u00a0\u00bb0px||0px||false|false\u00a0\u00bb hover_enabled=\u00a0\u00bb0&Prime; title_font_size_tablet=\u00a0\u00bb38px\u00a0\u00bb title_font_size_phone=\u00a0\u00bb25px\u00a0\u00bb title_font_size_last_edited=\u00a0\u00bbon|tablet\u00a0\u00bb button_one_bg_color_last_edited=\u00a0\u00bboff|desktop\u00a0\u00bb global_module=\u00a0\u00bb709&Prime; saved_tabs=\u00a0\u00bball\u00a0\u00bb global_colors_info=\u00a0\u00bb{}\u00a0\u00bb sticky_enabled=\u00a0\u00bb0&Prime; subhead=\u00a0\u00bbLa responsabilit\u00e9 sociale fait \u00e9galement partie de la pens\u00e9e et de l&rsquo;action entrepreneuriales\u00a0\u00bb][\/et_pb_fullwidth_header][\/et_pb_section][et_pb_section fb_built=\u00a0\u00bb1&Prime; _builder_version=\u00a0\u00bb4.13.1&Prime; _module_preset=\u00a0\u00bbdefault\u00a0\u00bb global_colors_info=\u00a0\u00bb{}\u00a0\u00bb][et_pb_row _builder_version=\u00a0\u00bb4.13.1&Prime; _module_preset=\u00a0\u00bbdefault\u00a0\u00bb global_colors_info=\u00a0\u00bb{}\u00a0\u00bb][et_pb_column type=\u00a0\u00bb4_4&Prime; _builder_version=\u00a0\u00bb4.13.1&Prime; _module_preset=\u00a0\u00bbdefault\u00a0\u00bb global_colors_info=\u00a0\u00bb{}\u00a0\u00bb][et_pb_text _builder_version=\u00a0\u00bb4.13.1&Prime; _module_preset=\u00a0\u00bbdefault\u00a0\u00bb global_colors_info=\u00a0\u00bb{}\u00a0\u00bb]<\/p>\n<p>Voici, nous vous pr\u00e9senterons les institutions et les organisateurs qui nous appr\u00e9cions beaucoup. Ils animent et valorisent la r\u00e9gion par leurs activit\u00e9s, que nous souhaitons soutenir activement.<\/p>\n<p>[\/et_pb_text][\/et_pb_column][\/et_pb_row][\/et_pb_section][et_pb_section fb_built=\u00a0\u00bb1&Prime; _builder_version=\u00a0\u00bb4.13.1&Prime; _module_preset=\u00a0\u00bbdefault\u00a0\u00bb global_colors_info=\u00a0\u00bb{}\u00a0\u00bb][et_pb_row column_structure=\u00a0\u00bb1_3,1_3,1_3&Prime; _builder_version=\u00a0\u00bb4.13.1&Prime; _module_preset=\u00a0\u00bbdefault\u00a0\u00bb global_colors_info=\u00a0\u00bb{}\u00a0\u00bb][et_pb_column type=\u00a0\u00bb1_3&Prime; _builder_version=\u00a0\u00bb4.13.1&Prime; _module_preset=\u00a0\u00bbdefault\u00a0\u00bb global_colors_info=\u00a0\u00bb{}\u00a0\u00bb][et_pb_image src=\u00a0\u00bbhttps:\/\/sr.oxyen.xyz\/wp-content\/uploads\/2021\/11\/GSTLogo.jpg\u00a0\u00bb title_text=\u00a0\u00bbGSTLogo\u00a0\u00bb _builder_version=\u00a0\u00bb4.13.1&Prime; _module_preset=\u00a0\u00bbdefault\u00a0\u00bb global_colors_info=\u00a0\u00bb{}\u00a0\u00bb][\/et_pb_image][et_pb_text _builder_version=\u00a0\u00bb4.13.1&Prime; _module_preset=\u00a0\u00bbdefault\u00a0\u00bb height=\u00a0\u00bb200px\u00a0\u00bb global_colors_info=\u00a0\u00bb{}\u00a0\u00bb]<\/p>\n<div class=\"title\">\n<h4><a href=\"https:\/\/www.gstaad.ch\"><span style=\"color: #ff0000;\">Destination Gstaad<\/span><\/a><\/h4>\n<\/div>\n<div class=\"description\">Depuis le Saanenland et pour le Saanenland : la destination de Gstaad nous tient \u00e0 c\u0153ur. Aujourd&rsquo;hui, la marque Gstaad est synonyme dans le monde entier de charme chic et de luxe discret en toute simplicit\u00e9. Mais malgr\u00e9 son style et sa classe, Gstaad est rest\u00e9e authentiquement alpine et terre-\u00e0-terre. Nous l&rsquo;aimons !<\/div>\n<p>[\/et_pb_text][et_pb_image src=\u00a0\u00bbhttps:\/\/sr.oxyen.xyz\/wp-content\/uploads\/2021\/11\/Juga.jpg\u00a0\u00bb title_text=\u00a0\u00bbJuga\u00a0\u00bb _builder_version=\u00a0\u00bb4.13.1&Prime; _module_preset=\u00a0\u00bbdefault\u00a0\u00bb global_colors_info=\u00a0\u00bb{}\u00a0\u00bb][\/et_pb_image][et_pb_text _builder_version=\u00a0\u00bb4.13.1&Prime; _module_preset=\u00a0\u00bbdefault\u00a0\u00bb height=\u00a0\u00bb150px\u00a0\u00bb global_colors_info=\u00a0\u00bb{}\u00a0\u00bb]<\/p>\n<div class=\"title\">\n<h4><a href=\"http:\/\/www.jugasaanen.ch\"><span style=\"color: #ff0000;\">Juga Saanenland<\/span><\/a><\/h4>\n<\/div>\n<div class=\"description\">Le travail de la Jeunesse Saanenland d\u00e9fend les int\u00e9r\u00eats des jeunes de la r\u00e9gion. Entre autres il organise des rencontres et des activit\u00e9s diverses.<\/div>\n<p>[\/et_pb_text][et_pb_image src=\u00a0\u00bbhttps:\/\/sr.oxyen.xyz\/wp-content\/uploads\/2021\/11\/AGerber.jpg\u00a0\u00bb title_text=\u00a0\u00bbAGerber\u00a0\u00bb _builder_version=\u00a0\u00bb4.13.1&Prime; _module_preset=\u00a0\u00bbdefault\u00a0\u00bb global_colors_info=\u00a0\u00bb{}\u00a0\u00bb][\/et_pb_image][et_pb_text _builder_version=\u00a0\u00bb4.13.1&Prime; _module_preset=\u00a0\u00bbdefault\u00a0\u00bb global_colors_info=\u00a0\u00bb{}\u00a0\u00bb]<\/p>\n<div class=\"title\">\n<h4><a href=\"https:\/\/fcthun.ch\/de\/Teams\/Profis\/Team\/Kader\/Detail?eid=551&amp;cid=191\"><span style=\"color: #ff0000;\">Andres Gerber<\/span><\/a><\/h4>\n<\/div>\n<div class=\"description\">SR GmbH soutient Andres Gerber, qui est une grande personnalit\u00e9 du monde du sport. stations de sa carri\u00e8re \u00e9taient : FC Belp, Young Boys Bern (YB en abr\u00e9g\u00e9), YB FC Lausanne-Sport et Grasshopper Zurich. En 2003, il a rejoint le club FC Thoune. De 2002 \u00e0 2008, le milieu de terrain a jou\u00e9 dans la plus haute ligue suisse, la Super League, et a \u00e9galement disput\u00e9 deux matches de la Ligue des champions. En 2009\/10, Andres Gerber a pris sa retraite du football professionnel actif et est actuellement employ\u00e9 en tant que responsable des sports et pr\u00e9sident du FC Thun &#8211; Berner Oberland.<\/div>\n<p>[\/et_pb_text][\/et_pb_column][et_pb_column type=\u00a0\u00bb1_3&Prime; _builder_version=\u00a0\u00bb4.13.1&Prime; _module_preset=\u00a0\u00bbdefault\u00a0\u00bb global_colors_info=\u00a0\u00bb{}\u00a0\u00bb][et_pb_image src=\u00a0\u00bbhttps:\/\/sr.oxyen.xyz\/wp-content\/uploads\/2021\/11\/GstaadAlive.png\u00a0\u00bb title_text=\u00a0\u00bbGstaadAlive\u00a0\u00bb _builder_version=\u00a0\u00bb4.13.1&Prime; _module_preset=\u00a0\u00bbdefault\u00a0\u00bb global_colors_info=\u00a0\u00bb{}\u00a0\u00bb][\/et_pb_image][et_pb_text _builder_version=\u00a0\u00bb4.13.1&Prime; _module_preset=\u00a0\u00bbdefault\u00a0\u00bb height=\u00a0\u00bb200px\u00a0\u00bb global_colors_info=\u00a0\u00bb{}\u00a0\u00bb]<\/p>\n<div class=\"title\">\n<h4><span style=\"color: #ff0000;\"><a href=\"https:\/\/www.barproject.ch\" style=\"color: #ff0000;\">Gstaad Alive!<\/a><\/span><\/h4>\n<\/div>\n<div class=\"description\">Gstaad Alive est initi\u00e9 par barproject pour \u00e9largir la vari\u00e9t\u00e9 des offres \u00e0 Gstaad-Saanenland. Quelque chose comme \u00e7a ne peut qu&rsquo;\u00eatre soutenu !<\/div>\n<p>[\/et_pb_text][et_pb_image src=\u00a0\u00bbhttps:\/\/sr.oxyen.xyz\/wp-content\/uploads\/2021\/11\/Ludo.jpg\u00a0\u00bb title_text=\u00a0\u00bbLudo\u00a0\u00bb _builder_version=\u00a0\u00bb4.13.1&Prime; _module_preset=\u00a0\u00bbdefault\u00a0\u00bb global_colors_info=\u00a0\u00bb{}\u00a0\u00bb][\/et_pb_image][et_pb_text _builder_version=\u00a0\u00bb4.13.1&Prime; _module_preset=\u00a0\u00bbdefault\u00a0\u00bb height=\u00a0\u00bb150px\u00a0\u00bb global_colors_info=\u00a0\u00bb{}\u00a0\u00bb]<\/p>\n<div class=\"title\">\n<h4><a href=\"https:\/\/www.ludosaanenland.ch\/\"><span style=\"color: #ff0000;\">Ludothek Saanenland<\/span><\/a><\/h4>\n<\/div>\n<div class=\"description\">Le jeu est une activit\u00e9 que l&rsquo;on ne prend jamais assez au s\u00e9rieux !<\/div>\n<p>[\/et_pb_text][et_pb_image src=\u00a0\u00bbhttps:\/\/sr.oxyen.xyz\/wp-content\/uploads\/2021\/11\/FCThun_Wappen.jpg\u00a0\u00bb title_text=\u00a0\u00bbFCThun_Wappen\u00a0\u00bb _builder_version=\u00a0\u00bb4.13.1&Prime; _module_preset=\u00a0\u00bbdefault\u00a0\u00bb global_colors_info=\u00a0\u00bb{}\u00a0\u00bb][\/et_pb_image][et_pb_text _builder_version=\u00a0\u00bb4.13.1&Prime; _module_preset=\u00a0\u00bbdefault\u00a0\u00bb global_colors_info=\u00a0\u00bb{}\u00a0\u00bb]<\/p>\n<div class=\"col-sm-4\">\n<div class=\"title\">\n<h4><a href=\"http:\/\/www.fcthun.ch\"><span style=\"color: #ff0000;\">FC Thun<\/span><\/a><\/h4>\n<\/div>\n<div class=\"description\">Les habitants du Saanenland soutiennent \u00e9norm\u00e9ment le FC Thoune. Ils ont lanc\u00e9 l&rsquo;organisation \u00ab\u00a0Amis du FC Thoune du Saanenland\u00a0\u00bb dans la Lounge VIP de la Stockhorn Arena et soutiennent financi\u00e8rement le club.<\/div>\n<\/div>\n<p>[\/et_pb_text][\/et_pb_column][et_pb_column type=\u00a0\u00bb1_3&Prime; _builder_version=\u00a0\u00bb4.13.1&Prime; _module_preset=\u00a0\u00bbdefault\u00a0\u00bb global_colors_info=\u00a0\u00bb{}\u00a0\u00bb][et_pb_image src=\u00a0\u00bbhttps:\/\/sr.oxyen.xyz\/wp-content\/uploads\/2021\/11\/FeuerUndFlamme.png\u00a0\u00bb title_text=\u00a0\u00bbFeuerUndFlamme\u00a0\u00bb _builder_version=\u00a0\u00bb4.13.1&Prime; _module_preset=\u00a0\u00bbdefault\u00a0\u00bb global_colors_info=\u00a0\u00bb{}\u00a0\u00bb][\/et_pb_image][et_pb_text _builder_version=\u00a0\u00bb4.13.1&Prime; _module_preset=\u00a0\u00bbdefault\u00a0\u00bb global_colors_info=\u00a0\u00bb{}\u00a0\u00bb]<\/p>\n<div class=\"title\">\n<h4><a href=\"https:\/\/stationsaanen.ch\"><span style=\"color: #ff0000;\">Fondation F\u00fc\u00fcr &amp; Flamme<\/span> <\/a><\/h4>\n<\/div>\n<div class=\"description\">Le projet \u00ab\u00a0Station Saanen\u00a0\u00bb a pour objectif de cr\u00e9er une nouvelle exp\u00e9rience &#8211; une offre tout au long de l&rsquo;ann\u00e9e ind\u00e9pendante des conditions m\u00e9t\u00e9orologiques et une attraction qui plaira \u00e0 toutes les g\u00e9n\u00e9rations.<\/div>\n<p>[\/et_pb_text][\/et_pb_column][\/et_pb_row][\/et_pb_section]<\/p>\n","protected":false},"excerpt":{"rendered":"<p>Voici, nous vous pr\u00e9senterons les institutions et les organisateurs qui nous appr\u00e9cions beaucoup. Ils animent et valorisent la r\u00e9gion par leurs activit\u00e9s, que nous souhaitons soutenir activement. Destination Gstaad Depuis le Saanenland et pour le Saanenland : la destination de Gstaad nous tient \u00e0 c\u0153ur. Aujourd&rsquo;hui, la marque Gstaad est synonyme dans le monde entier [&hellip;]<\/p>\n","protected":false},"author":10,"featured_media":0,"parent":0,"menu_order":0,"comment_status":"closed","ping_status":"closed","template":"page-template-fullwidth.php","meta":{"_et_pb_use_builder":"on","_et_pb_old_content":"","_et_gb_content_width":"","_links_to":"","_links_to_target":""},"acf":[],"yoast_head":"<!-- This site is optimized with the Yoast SEO plugin v17.7.1 - https:\/\/yoast.com\/wordpress\/plugins\/seo\/ -->\n<title>Sponsoring &amp; Partenaires - SR GmbH<\/title>\n<meta name=\"robots\" content=\"index, follow, max-snippet:-1, max-image-preview:large, max-video-preview:-1\" \/>\n<link rel=\"canonical\" href=\"https:\/\/sr.oxyen.xyz\/fr\/sponsoring-partenaires\/\" \/>\n<meta property=\"og:locale\" content=\"fr_FR\" \/>\n<meta property=\"og:type\" content=\"article\" \/>\n<meta property=\"og:title\" content=\"Sponsoring &amp; Partenaires - SR GmbH\" \/>\n<meta property=\"og:description\" content=\"Voici, nous vous pr\u00e9senterons les institutions et les organisateurs qui nous appr\u00e9cions beaucoup. Ils animent et valorisent la r\u00e9gion par leurs activit\u00e9s, que nous souhaitons soutenir activement. Destination Gstaad Depuis le Saanenland et pour le Saanenland : la destination de Gstaad nous tient \u00e0 c\u0153ur. Aujourd&#039;hui, la marque Gstaad est synonyme dans le monde entier [&hellip;]\" \/>\n<meta property=\"og:url\" content=\"https:\/\/sr.oxyen.xyz\/fr\/sponsoring-partenaires\/\" \/>\n<meta property=\"og:site_name\" content=\"SR GmbH\" \/>\n<meta name=\"twitter:card\" content=\"summary_large_image\" \/>\n<meta name=\"twitter:label1\" content=\"Dur\u00e9e de lecture estim\u00e9e\" \/>\n\t<meta name=\"twitter:data1\" content=\"5 minutes\" \/>\n<script type=\"application\/ld+json\" class=\"yoast-schema-graph\">{\"@context\":\"https:\/\/schema.org\",\"@graph\":[{\"@type\":\"WebSite\",\"@id\":\"https:\/\/sr.oxyen.xyz\/#website\",\"url\":\"https:\/\/sr.oxyen.xyz\/\",\"name\":\"SR GmbH\",\"description\":\"Just another WordPress site\",\"potentialAction\":[{\"@type\":\"SearchAction\",\"target\":{\"@type\":\"EntryPoint\",\"urlTemplate\":\"https:\/\/sr.oxyen.xyz\/?s={search_term_string}\"},\"query-input\":\"required name=search_term_string\"}],\"inLanguage\":\"fr-FR\"},{\"@type\":\"WebPage\",\"@id\":\"https:\/\/sr.oxyen.xyz\/fr\/sponsoring-partenaires\/#webpage\",\"url\":\"https:\/\/sr.oxyen.xyz\/fr\/sponsoring-partenaires\/\",\"name\":\"Sponsoring &amp; Partenaires - SR GmbH\",\"isPartOf\":{\"@id\":\"https:\/\/sr.oxyen.xyz\/#website\"},\"datePublished\":\"2021-12-01T15:06:01+00:00\",\"dateModified\":\"2021-12-01T15:06:01+00:00\",\"breadcrumb\":{\"@id\":\"https:\/\/sr.oxyen.xyz\/fr\/sponsoring-partenaires\/#breadcrumb\"},\"inLanguage\":\"fr-FR\",\"potentialAction\":[{\"@type\":\"ReadAction\",\"target\":[\"https:\/\/sr.oxyen.xyz\/fr\/sponsoring-partenaires\/\"]}]},{\"@type\":\"BreadcrumbList\",\"@id\":\"https:\/\/sr.oxyen.xyz\/fr\/sponsoring-partenaires\/#breadcrumb\",\"itemListElement\":[{\"@type\":\"ListItem\",\"position\":1,\"name\":\"Startseite\",\"item\":\"https:\/\/sr.oxyen.xyz\/fr\/\"},{\"@type\":\"ListItem\",\"position\":2,\"name\":\"Sponsoring &amp; Partenaires\"}]}]}<\/script>\n<!-- \/ Yoast SEO plugin. -->","yoast_head_json":{"title":"Sponsoring &amp; Partenaires - SR GmbH","robots":{"index":"index","follow":"follow","max-snippet":"max-snippet:-1","max-image-preview":"max-image-preview:large","max-video-preview":"max-video-preview:-1"},"canonical":"https:\/\/sr.oxyen.xyz\/fr\/sponsoring-partenaires\/","og_locale":"fr_FR","og_type":"article","og_title":"Sponsoring &amp; Partenaires - SR GmbH","og_description":"Voici, nous vous pr\u00e9senterons les institutions et les organisateurs qui nous appr\u00e9cions beaucoup. Ils animent et valorisent la r\u00e9gion par leurs activit\u00e9s, que nous souhaitons soutenir activement. Destination Gstaad Depuis le Saanenland et pour le Saanenland : la destination de Gstaad nous tient \u00e0 c\u0153ur. Aujourd'hui, la marque Gstaad est synonyme dans le monde entier [&hellip;]","og_url":"https:\/\/sr.oxyen.xyz\/fr\/sponsoring-partenaires\/","og_site_name":"SR GmbH","twitter_card":"summary_large_image","twitter_misc":{"Dur\u00e9e de lecture estim\u00e9e":"5 minutes"},"schema":{"@context":"https:\/\/schema.org","@graph":[{"@type":"WebSite","@id":"https:\/\/sr.oxyen.xyz\/#website","url":"https:\/\/sr.oxyen.xyz\/","name":"SR GmbH","description":"Just another WordPress site","potentialAction":[{"@type":"SearchAction","target":{"@type":"EntryPoint","urlTemplate":"https:\/\/sr.oxyen.xyz\/?s={search_term_string}"},"query-input":"required name=search_term_string"}],"inLanguage":"fr-FR"},{"@type":"WebPage","@id":"https:\/\/sr.oxyen.xyz\/fr\/sponsoring-partenaires\/#webpage","url":"https:\/\/sr.oxyen.xyz\/fr\/sponsoring-partenaires\/","name":"Sponsoring &amp; Partenaires - SR GmbH","isPartOf":{"@id":"https:\/\/sr.oxyen.xyz\/#website"},"datePublished":"2021-12-01T15:06:01+00:00","dateModified":"2021-12-01T15:06:01+00:00","breadcrumb":{"@id":"https:\/\/sr.oxyen.xyz\/fr\/sponsoring-partenaires\/#breadcrumb"},"inLanguage":"fr-FR","potentialAction":[{"@type":"ReadAction","target":["https:\/\/sr.oxyen.xyz\/fr\/sponsoring-partenaires\/"]}]},{"@type":"BreadcrumbList","@id":"https:\/\/sr.oxyen.xyz\/fr\/sponsoring-partenaires\/#breadcrumb","itemListElement":[{"@type":"ListItem","position":1,"name":"Startseite","item":"https:\/\/sr.oxyen.xyz\/fr\/"},{"@type":"ListItem","position":2,"name":"Sponsoring &amp; Partenaires"}]}]}},"_links":{"self":[{"href":"https:\/\/sr.oxyen.xyz\/fr\/wp-json\/wp\/v2\/pages\/4120"}],"collection":[{"href":"https:\/\/sr.oxyen.xyz\/fr\/wp-json\/wp\/v2\/pages"}],"about":[{"href":"https:\/\/sr.oxyen.xyz\/fr\/wp-json\/wp\/v2\/types\/page"}],"author":[{"embeddable":true,"href":"https:\/\/sr.oxyen.xyz\/fr\/wp-json\/wp\/v2\/users\/10"}],"replies":[{"embeddable":true,"href":"https:\/\/sr.oxyen.xyz\/fr\/wp-json\/wp\/v2\/comments?post=4120"}],"version-history":[{"count":2,"href":"https:\/\/sr.oxyen.xyz\/fr\/wp-json\/wp\/v2\/pages\/4120\/revisions"}],"predecessor-version":[{"id":4122,"href":"https:\/\/sr.oxyen.xyz\/fr\/wp-json\/wp\/v2\/pages\/4120\/revisions\/4122"}],"wp:attachment":[{"href":"https:\/\/sr.oxyen.xyz\/fr\/wp-json\/wp\/v2\/media?parent=4120"}],"curies":[{"name":"wp","href":"https:\/\/api.w.org\/{rel}","templated":true}]}}