{"id":4082,"date":"2021-12-01T14:37:24","date_gmt":"2021-12-01T14:37:24","guid":{"rendered":"https:\/\/sr.oxyen.xyz\/demande-doption\/"},"modified":"2021-12-02T13:46:05","modified_gmt":"2021-12-02T13:46:05","slug":"demande-doption","status":"publish","type":"page","link":"https:\/\/sr.oxyen.xyz\/fr\/demande-doption\/","title":{"rendered":"Demande d&rsquo;option"},"content":{"rendered":"<p>[et_pb_section fb_built=\u00a0\u00bb1&Prime; fullwidth=\u00a0\u00bbon\u00a0\u00bb _builder_version=\u00a0\u00bb4.14.1&Prime; _module_preset=\u00a0\u00bbdefault\u00a0\u00bb global_colors_info=\u00a0\u00bb{}\u00a0\u00bb][et_pb_fullwidth_header title=\u00a0\u00bbDemande d&rsquo;option.\u00a0\u00bb text_orientation=\u00a0\u00bbcenter\u00a0\u00bb button_one_url=\u00a0\u00bb\/shop\u00a0\u00bb _builder_version=\u00a0\u00bb4.14.1&Prime; _module_preset=\u00a0\u00bbdefault\u00a0\u00bb title_text_align=\u00a0\u00bbcenter\u00a0\u00bb title_text_color=\u00a0\u00bb#E02B20&Prime; title_font_size=\u00a0\u00bb38px\u00a0\u00bb content_text_align=\u00a0\u00bbcenter\u00a0\u00bb content_text_color=\u00a0\u00bb#494949&Prime; content_font_size=\u00a0\u00bb23px\u00a0\u00bb subhead_font=\u00a0\u00bb||||||||\u00a0\u00bb subhead_text_color=\u00a0\u00bb#494949&Prime; subhead_font_size=\u00a0\u00bb23px\u00a0\u00bb subhead_line_height=\u00a0\u00bb1.6em\u00a0\u00bb content_link_text_color=\u00a0\u00bb#E02B20&Prime; background_enable_color=\u00a0\u00bboff\u00a0\u00bb custom_button_one=\u00a0\u00bbon\u00a0\u00bb button_one_text_color=\u00a0\u00bb#E02B20&Prime; button_one_border_color=\u00a0\u00bb#E02B20&Prime; transform_translate_linked=\u00a0\u00bboff\u00a0\u00bb width=\u00a0\u00bb100%\u00a0\u00bb max_width=\u00a0\u00bb100%\u00a0\u00bb custom_padding=\u00a0\u00bb0px||0px||false|false\u00a0\u00bb hover_enabled=\u00a0\u00bb0&Prime; title_font_size_tablet=\u00a0\u00bb38px\u00a0\u00bb title_font_size_phone=\u00a0\u00bb25px\u00a0\u00bb title_font_size_last_edited=\u00a0\u00bbon|tablet\u00a0\u00bb button_one_bg_color_last_edited=\u00a0\u00bboff|desktop\u00a0\u00bb global_module=\u00a0\u00bb709&Prime; saved_tabs=\u00a0\u00bball\u00a0\u00bb global_colors_info=\u00a0\u00bb{}\u00a0\u00bb button_one_bg_color__hover_enabled=\u00a0\u00bbon|hover\u00a0\u00bb button_one_bg_color__hover=\u00a0\u00bb#E02B20&Prime; button_one_bg_enable_color__hover=\u00a0\u00bbon\u00a0\u00bb button_one_text_color__hover_enabled=\u00a0\u00bbon|desktop\u00a0\u00bb button_one_text_color__hover=\u00a0\u00bb#FFFFFF\u00a0\u00bb sticky_enabled=\u00a0\u00bb0&Prime;][\/et_pb_fullwidth_header][\/et_pb_section][et_pb_section fb_built=\u00a0\u00bb1&Prime; _builder_version=\u00a0\u00bb4.10.8&Prime; _module_preset=\u00a0\u00bbdefault\u00a0\u00bb custom_padding=\u00a0\u00bb7px|||||\u00a0\u00bb global_colors_info=\u00a0\u00bb{}\u00a0\u00bb][et_pb_row _builder_version=\u00a0\u00bb4.10.8&Prime; _module_preset=\u00a0\u00bbdefault\u00a0\u00bb custom_padding=\u00a0\u00bb19px|||||\u00a0\u00bb global_colors_info=\u00a0\u00bb{}\u00a0\u00bb][et_pb_column type=\u00a0\u00bb4_4&Prime; _builder_version=\u00a0\u00bb4.10.8&Prime; _module_preset=\u00a0\u00bbdefault\u00a0\u00bb global_colors_info=\u00a0\u00bb{}\u00a0\u00bb][et_pb_text _builder_version=\u00a0\u00bb4.10.8&Prime; _module_preset=\u00a0\u00bbdefault\u00a0\u00bb custom_margin=\u00a0\u00bb-40px|||||\u00a0\u00bb global_colors_info=\u00a0\u00bb{}\u00a0\u00bb]<\/p>\n<div role=\"form\" class=\"wpcf7\" id=\"wpcf7-f787-o1\" lang=\"de-DE\" dir=\"ltr\">\n<div class=\"screen-reader-response\"><p role=\"status\" aria-live=\"polite\" aria-atomic=\"true\"><\/p> <ul><\/ul><\/div>\n<form action=\"\/fr\/wp-json\/wp\/v2\/pages\/4082#wpcf7-f787-o1\" method=\"post\" class=\"wpcf7-form init\" enctype=\"multipart\/form-data\" novalidate=\"novalidate\" data-status=\"init\">\n<div style=\"display: none;\">\n<input type=\"hidden\" name=\"_wpcf7\" value=\"787\" \/>\n<input type=\"hidden\" name=\"_wpcf7_version\" value=\"5.5.3\" \/>\n<input type=\"hidden\" name=\"_wpcf7_locale\" value=\"de_DE\" \/>\n<input type=\"hidden\" name=\"_wpcf7_unit_tag\" value=\"wpcf7-f787-o1\" \/>\n<input type=\"hidden\" name=\"_wpcf7_container_post\" value=\"0\" \/>\n<input type=\"hidden\" name=\"_wpcf7_posted_data_hash\" value=\"\" \/>\n<input type=\"hidden\" name=\"_wpcf7_recaptcha_response\" value=\"\" \/>\n<\/div>\n<p>Wir leiten Ihren vollst\u00e4ndigen Vorschlag gerne an die Programmierer der Software weiter. Sie behalten sich das Recht vor, ausgew\u00e4hlte \u00c4nderungen nach eigener Priorisierung umzusetzen.<\/p>\n<p><label> Beschreiben Sie Ihren Software-Wunsch m\u00f6glichst detailliert:<br \/>\n    <span class=\"wpcf7-form-control-wrap description\"><input type=\"text\" name=\"description\" value=\"\" size=\"40\" class=\"wpcf7-form-control wpcf7-text wide\" aria-invalid=\"false\" \/><\/span> <\/label><\/p>\n<p><label> Erg\u00e4nzende Bilder, Skizzen oder Screenshots<br \/>\n    <span class=\"wpcf7-form-control-wrap file\"><input type=\"file\" name=\"file\" size=\"40\" class=\"wpcf7-form-control wpcf7-file wide\" accept=\".jpg,.jpeg,.png,.gif,.pdf,.doc,.docx,.ppt,.pptx,.odt,.avi,.ogg,.m4a,.mov,.mp3,.mp4,.mpg,.wav,.wmv\" aria-invalid=\"false\" \/><\/span> <\/label><\/p>\n<p><label> In welcher Maske w\u00fcrden Sie das Feature platzieren?<br \/>\n    <span class=\"wpcf7-form-control-wrap mask\"><input type=\"text\" name=\"mask\" value=\"\" size=\"40\" class=\"wpcf7-form-control wpcf7-text wide\" aria-invalid=\"false\" placeholder=\"z.B Kassier-Maske, Stammdaten (Register \/ unter dem Reporter\/ in den Belegen), etc.\" \/><\/span> <\/label><\/p>\n<p>Wie dringend stufen Sie Ihren Vorschlag ein?*<br \/>\n    <span class=\"wpcf7-form-control-wrap urgency\"><span class=\"wpcf7-form-control wpcf7-radio wide\"><span class=\"wpcf7-list-item first\"><input type=\"radio\" name=\"urgency\" value=\"Niedrig\" checked=\"checked\" \/><span class=\"wpcf7-list-item-label\">Niedrig<\/span><\/span><span class=\"wpcf7-list-item\"><input type=\"radio\" name=\"urgency\" value=\"Mittel\" \/><span class=\"wpcf7-list-item-label\">Mittel<\/span><\/span><span class=\"wpcf7-list-item last\"><input type=\"radio\" name=\"urgency\" value=\"Hoch\" \/><span class=\"wpcf7-list-item-label\">Hoch<\/span><\/span><\/span><\/span><\/p>\n<p><label> Wie stellen Sie sich das Feature vor?<br \/>\n    <span class=\"wpcf7-form-control-wrap type\"><input type=\"text\" name=\"type\" value=\"\" size=\"40\" class=\"wpcf7-form-control wpcf7-text wide\" aria-invalid=\"false\" placeholder=\"z.B Button, Drop-Down-Feld, Notizfeld, etc.\" \/><\/span> <\/label><\/p>\n<p><label> Wenn Sie die Optimierung zwingend m\u00f6chten, stellen wir Ihnen gerne eine Offerte aus.<br \/>\n    <span class=\"wpcf7-form-control-wrap mandatory\"><span class=\"wpcf7-form-control wpcf7-checkbox wide\"><span class=\"wpcf7-list-item first last\"><label><input type=\"checkbox\" name=\"mandatory[]\" value=\"Ich will die Optimierung zwingend.\" \/><span class=\"wpcf7-list-item-label\">Ich will die Optimierung zwingend.<\/span><\/label><\/span><\/span><\/span> <\/label><\/p>\n<p><label> Firma*<br \/>\n    <span class=\"wpcf7-form-control-wrap company\"><input type=\"text\" name=\"company\" value=\"\" size=\"40\" class=\"wpcf7-form-control wpcf7-text wpcf7-validates-as-required wide\" aria-required=\"true\" aria-invalid=\"false\" \/><\/span> <\/label><\/p>\n<p><label> Vorname*<br \/>\n    <span class=\"wpcf7-form-control-wrap first-name\"><input type=\"text\" name=\"first-name\" value=\"\" size=\"40\" class=\"wpcf7-form-control wpcf7-text wpcf7-validates-as-required wide\" aria-required=\"true\" aria-invalid=\"false\" \/><\/span> <\/label><\/p>\n<p><label> Nachname*<br \/>\n    <span class=\"wpcf7-form-control-wrap last-name\"><input type=\"text\" name=\"last-name\" value=\"\" size=\"40\" class=\"wpcf7-form-control wpcf7-text wpcf7-validates-as-required wide\" aria-required=\"true\" aria-invalid=\"false\" \/><\/span> <\/label><\/p>\n<p><label> Lizenznummer*<br \/>\n    <span class=\"wpcf7-form-control-wrap licenceNr\"><input type=\"text\" name=\"licenceNr\" value=\"\" size=\"40\" class=\"wpcf7-form-control wpcf7-text wpcf7-validates-as-required wide\" aria-required=\"true\" aria-invalid=\"false\" \/><\/span> <\/label><\/p>\n<p><label> E-Mail*<br \/>\n    <span class=\"wpcf7-form-control-wrap email\"><input type=\"email\" name=\"email\" value=\"\" size=\"40\" class=\"wpcf7-form-control wpcf7-text wpcf7-email wpcf7-validates-as-required wpcf7-validates-as-email wide\" aria-required=\"true\" aria-invalid=\"false\" \/><\/span> <\/label><\/p>\n<p><label> Telefon*<br \/>\n    <span class=\"wpcf7-form-control-wrap telephone\"><input type=\"tel\" name=\"telephone\" value=\"\" size=\"40\" class=\"wpcf7-form-control wpcf7-text wpcf7-tel wpcf7-validates-as-required wpcf7-validates-as-tel wide\" aria-required=\"true\" aria-invalid=\"false\" \/><\/span> <\/label><\/p>\n<p>Aufgrund der Vielzahl an Vorschl\u00e4gen kann es eine Weile dauern, bis wir Ihre Anfrage bearbeiten und \/ oder umsetzen. Besten Dank f\u00fcr Ihr Verst\u00e4ndnis<\/p>\n<p><input type=\"submit\" value=\"Senden\" class=\"wpcf7-form-control has-spinner wpcf7-submit\" \/><\/p>\n<div class=\"wpcf7-response-output\" aria-hidden=\"true\"><\/div><\/form><\/div>\n<p>[\/et_pb_text][\/et_pb_column][\/et_pb_row][\/et_pb_section]<\/p>\n","protected":false},"excerpt":{"rendered":"<div role=\"form\" class=\"wpcf7\" id=\"wpcf7-f787-o2\" lang=\"de-DE\" dir=\"ltr\">\n<div class=\"screen-reader-response\"><p role=\"status\" aria-live=\"polite\" aria-atomic=\"true\"><\/p> <ul><\/ul><\/div>\n<form action=\"\/fr\/wp-json\/wp\/v2\/pages\/4082#wpcf7-f787-o2\" method=\"post\" class=\"wpcf7-form init\" enctype=\"multipart\/form-data\" novalidate=\"novalidate\" data-status=\"init\">\n<div style=\"display: none;\">\n<input type=\"hidden\" name=\"_wpcf7\" value=\"787\" \/>\n<input type=\"hidden\" name=\"_wpcf7_version\" value=\"5.5.3\" \/>\n<input type=\"hidden\" name=\"_wpcf7_locale\" value=\"de_DE\" \/>\n<input type=\"hidden\" name=\"_wpcf7_unit_tag\" value=\"wpcf7-f787-o2\" \/>\n<input type=\"hidden\" name=\"_wpcf7_container_post\" value=\"0\" \/>\n<input type=\"hidden\" name=\"_wpcf7_posted_data_hash\" value=\"\" \/>\n<input type=\"hidden\" name=\"_wpcf7_recaptcha_response\" value=\"\" \/>\n<\/div>\n<p>Wir leiten Ihren vollst\u00e4ndigen Vorschlag gerne an die Programmierer der Software weiter. Sie behalten sich das Recht vor, ausgew\u00e4hlte \u00c4nderungen nach eigener Priorisierung umzusetzen.<\/p>\n<p><label> Beschreiben Sie Ihren Software-Wunsch m\u00f6glichst detailliert:<br \/>\n    <span class=\"wpcf7-form-control-wrap description\"><input type=\"text\" name=\"description\" value=\"\" size=\"40\" class=\"wpcf7-form-control wpcf7-text wide\" aria-invalid=\"false\" \/><\/span> <\/label><\/p>\n<p><label> Erg\u00e4nzende Bilder, Skizzen oder Screenshots<br \/>\n    <span class=\"wpcf7-form-control-wrap file\"><input type=\"file\" name=\"file\" size=\"40\" class=\"wpcf7-form-control wpcf7-file wide\" accept=\".jpg,.jpeg,.png,.gif,.pdf,.doc,.docx,.ppt,.pptx,.odt,.avi,.ogg,.m4a,.mov,.mp3,.mp4,.mpg,.wav,.wmv\" aria-invalid=\"false\" \/><\/span> <\/label><\/p>\n<p><label> In welcher Maske w\u00fcrden Sie das Feature platzieren?<br \/>\n    <span class=\"wpcf7-form-control-wrap mask\"><input type=\"text\" name=\"mask\" value=\"\" size=\"40\" class=\"wpcf7-form-control wpcf7-text wide\" aria-invalid=\"false\" placeholder=\"z.B Kassier-Maske, Stammdaten (Register \/ unter dem Reporter\/ in den Belegen), etc.\" \/><\/span> <\/label><\/p>\n<p>Wie dringend stufen Sie Ihren Vorschlag ein?*<br \/>\n    <span class=\"wpcf7-form-control-wrap urgency\"><span class=\"wpcf7-form-control wpcf7-radio wide\"><span class=\"wpcf7-list-item first\"><input type=\"radio\" name=\"urgency\" value=\"Niedrig\" checked=\"checked\" \/><span class=\"wpcf7-list-item-label\">Niedrig<\/span><\/span><span class=\"wpcf7-list-item\"><input type=\"radio\" name=\"urgency\" value=\"Mittel\" \/><span class=\"wpcf7-list-item-label\">Mittel<\/span><\/span><span class=\"wpcf7-list-item last\"><input type=\"radio\" name=\"urgency\" value=\"Hoch\" \/><span class=\"wpcf7-list-item-label\">Hoch<\/span><\/span><\/span><\/span><\/p>\n<p><label> Wie stellen Sie sich das Feature vor?<br \/>\n    <span class=\"wpcf7-form-control-wrap type\"><input type=\"text\" name=\"type\" value=\"\" size=\"40\" class=\"wpcf7-form-control wpcf7-text wide\" aria-invalid=\"false\" placeholder=\"z.B Button, Drop-Down-Feld, Notizfeld, etc.\" \/><\/span> <\/label><\/p>\n<p><label> Wenn Sie die Optimierung zwingend m\u00f6chten, stellen wir Ihnen gerne eine Offerte aus.<br \/>\n    <span class=\"wpcf7-form-control-wrap mandatory\"><span class=\"wpcf7-form-control wpcf7-checkbox wide\"><span class=\"wpcf7-list-item first last\"><label><input type=\"checkbox\" name=\"mandatory[]\" value=\"Ich will die Optimierung zwingend.\" \/><span class=\"wpcf7-list-item-label\">Ich will die Optimierung zwingend.<\/span><\/label><\/span><\/span><\/span> <\/label><\/p>\n<p><label> Firma*<br \/>\n    <span class=\"wpcf7-form-control-wrap company\"><input type=\"text\" name=\"company\" value=\"\" size=\"40\" class=\"wpcf7-form-control wpcf7-text wpcf7-validates-as-required wide\" aria-required=\"true\" aria-invalid=\"false\" \/><\/span> <\/label><\/p>\n<p><label> Vorname*<br \/>\n    <span class=\"wpcf7-form-control-wrap first-name\"><input type=\"text\" name=\"first-name\" value=\"\" size=\"40\" class=\"wpcf7-form-control wpcf7-text wpcf7-validates-as-required wide\" aria-required=\"true\" aria-invalid=\"false\" \/><\/span> <\/label><\/p>\n<p><label> Nachname*<br \/>\n    <span class=\"wpcf7-form-control-wrap last-name\"><input type=\"text\" name=\"last-name\" value=\"\" size=\"40\" class=\"wpcf7-form-control wpcf7-text wpcf7-validates-as-required wide\" aria-required=\"true\" aria-invalid=\"false\" \/><\/span> <\/label><\/p>\n<p><label> Lizenznummer*<br \/>\n    <span class=\"wpcf7-form-control-wrap licenceNr\"><input type=\"text\" name=\"licenceNr\" value=\"\" size=\"40\" class=\"wpcf7-form-control wpcf7-text wpcf7-validates-as-required wide\" aria-required=\"true\" aria-invalid=\"false\" \/><\/span> <\/label><\/p>\n<p><label> E-Mail*<br \/>\n    <span class=\"wpcf7-form-control-wrap email\"><input type=\"email\" name=\"email\" value=\"\" size=\"40\" class=\"wpcf7-form-control wpcf7-text wpcf7-email wpcf7-validates-as-required wpcf7-validates-as-email wide\" aria-required=\"true\" aria-invalid=\"false\" \/><\/span> <\/label><\/p>\n<p><label> Telefon*<br \/>\n    <span class=\"wpcf7-form-control-wrap telephone\"><input type=\"tel\" name=\"telephone\" value=\"\" size=\"40\" class=\"wpcf7-form-control wpcf7-text wpcf7-tel wpcf7-validates-as-required wpcf7-validates-as-tel wide\" aria-required=\"true\" aria-invalid=\"false\" \/><\/span> <\/label><\/p>\n<p>Aufgrund der Vielzahl an Vorschl\u00e4gen kann es eine Weile dauern, bis wir Ihre Anfrage bearbeiten und \/ oder umsetzen. Besten Dank f\u00fcr Ihr Verst\u00e4ndnis<\/p>\n<p><input type=\"submit\" value=\"Senden\" class=\"wpcf7-form-control has-spinner wpcf7-submit\" \/><\/p>\n<div class=\"wpcf7-response-output\" aria-hidden=\"true\"><\/div><\/form><\/div>\n","protected":false},"author":7,"featured_media":0,"parent":0,"menu_order":0,"comment_status":"closed","ping_status":"closed","template":"page-template-fullwidth.php","meta":{"_et_pb_use_builder":"on","_et_pb_old_content":"","_et_gb_content_width":"","_links_to":"","_links_to_target":""},"acf":[],"yoast_head":"<!-- This site is optimized with the Yoast SEO plugin v17.7.1 - https:\/\/yoast.com\/wordpress\/plugins\/seo\/ -->\n<title>Demande d&#039;option - SR GmbH<\/title>\n<meta name=\"robots\" content=\"index, follow, max-snippet:-1, max-image-preview:large, max-video-preview:-1\" \/>\n<link rel=\"canonical\" href=\"https:\/\/sr.oxyen.xyz\/fr\/demande-doption\/\" \/>\n<meta property=\"og:locale\" content=\"fr_FR\" \/>\n<meta property=\"og:type\" content=\"article\" \/>\n<meta property=\"og:title\" content=\"Demande d&#039;option - SR GmbH\" \/>\n<meta property=\"og:url\" content=\"https:\/\/sr.oxyen.xyz\/fr\/demande-doption\/\" \/>\n<meta property=\"og:site_name\" content=\"SR GmbH\" \/>\n<meta property=\"article:modified_time\" content=\"2021-12-02T13:46:05+00:00\" \/>\n<meta name=\"twitter:card\" content=\"summary_large_image\" \/>\n<meta name=\"twitter:description\" content=\"[contact-form-7 id=&quot;787&quot; title=&quot;Demande d&#039;option&quot;]\" \/>\n<meta name=\"twitter:label1\" content=\"Dur\u00e9e de lecture estim\u00e9e\" \/>\n\t<meta name=\"twitter:data1\" content=\"1 minute\" \/>\n<script type=\"application\/ld+json\" class=\"yoast-schema-graph\">{\"@context\":\"https:\/\/schema.org\",\"@graph\":[{\"@type\":\"WebSite\",\"@id\":\"https:\/\/sr.oxyen.xyz\/#website\",\"url\":\"https:\/\/sr.oxyen.xyz\/\",\"name\":\"SR GmbH\",\"description\":\"Just another WordPress site\",\"potentialAction\":[{\"@type\":\"SearchAction\",\"target\":{\"@type\":\"EntryPoint\",\"urlTemplate\":\"https:\/\/sr.oxyen.xyz\/?s={search_term_string}\"},\"query-input\":\"required name=search_term_string\"}],\"inLanguage\":\"fr-FR\"},{\"@type\":\"WebPage\",\"@id\":\"https:\/\/sr.oxyen.xyz\/fr\/demande-doption\/#webpage\",\"url\":\"https:\/\/sr.oxyen.xyz\/fr\/demande-doption\/\",\"name\":\"Demande d'option - SR GmbH\",\"isPartOf\":{\"@id\":\"https:\/\/sr.oxyen.xyz\/#website\"},\"datePublished\":\"2021-12-01T14:37:24+00:00\",\"dateModified\":\"2021-12-02T13:46:05+00:00\",\"breadcrumb\":{\"@id\":\"https:\/\/sr.oxyen.xyz\/fr\/demande-doption\/#breadcrumb\"},\"inLanguage\":\"fr-FR\",\"potentialAction\":[{\"@type\":\"ReadAction\",\"target\":[\"https:\/\/sr.oxyen.xyz\/fr\/demande-doption\/\"]}]},{\"@type\":\"BreadcrumbList\",\"@id\":\"https:\/\/sr.oxyen.xyz\/fr\/demande-doption\/#breadcrumb\",\"itemListElement\":[{\"@type\":\"ListItem\",\"position\":1,\"name\":\"Startseite\",\"item\":\"https:\/\/sr.oxyen.xyz\/fr\/\"},{\"@type\":\"ListItem\",\"position\":2,\"name\":\"Demande d&rsquo;option\"}]}]}<\/script>\n<!-- \/ Yoast SEO plugin. -->","yoast_head_json":{"title":"Demande d'option - SR GmbH","robots":{"index":"index","follow":"follow","max-snippet":"max-snippet:-1","max-image-preview":"max-image-preview:large","max-video-preview":"max-video-preview:-1"},"canonical":"https:\/\/sr.oxyen.xyz\/fr\/demande-doption\/","og_locale":"fr_FR","og_type":"article","og_title":"Demande d'option - SR GmbH","og_url":"https:\/\/sr.oxyen.xyz\/fr\/demande-doption\/","og_site_name":"SR GmbH","article_modified_time":"2021-12-02T13:46:05+00:00","twitter_card":"summary_large_image","twitter_description":"[contact-form-7 id=\"787\" title=\"Demande d'option\"]","twitter_misc":{"Dur\u00e9e de lecture estim\u00e9e":"1 minute"},"schema":{"@context":"https:\/\/schema.org","@graph":[{"@type":"WebSite","@id":"https:\/\/sr.oxyen.xyz\/#website","url":"https:\/\/sr.oxyen.xyz\/","name":"SR GmbH","description":"Just another WordPress site","potentialAction":[{"@type":"SearchAction","target":{"@type":"EntryPoint","urlTemplate":"https:\/\/sr.oxyen.xyz\/?s={search_term_string}"},"query-input":"required name=search_term_string"}],"inLanguage":"fr-FR"},{"@type":"WebPage","@id":"https:\/\/sr.oxyen.xyz\/fr\/demande-doption\/#webpage","url":"https:\/\/sr.oxyen.xyz\/fr\/demande-doption\/","name":"Demande d'option - SR GmbH","isPartOf":{"@id":"https:\/\/sr.oxyen.xyz\/#website"},"datePublished":"2021-12-01T14:37:24+00:00","dateModified":"2021-12-02T13:46:05+00:00","breadcrumb":{"@id":"https:\/\/sr.oxyen.xyz\/fr\/demande-doption\/#breadcrumb"},"inLanguage":"fr-FR","potentialAction":[{"@type":"ReadAction","target":["https:\/\/sr.oxyen.xyz\/fr\/demande-doption\/"]}]},{"@type":"BreadcrumbList","@id":"https:\/\/sr.oxyen.xyz\/fr\/demande-doption\/#breadcrumb","itemListElement":[{"@type":"ListItem","position":1,"name":"Startseite","item":"https:\/\/sr.oxyen.xyz\/fr\/"},{"@type":"ListItem","position":2,"name":"Demande d&rsquo;option"}]}]}},"_links":{"self":[{"href":"https:\/\/sr.oxyen.xyz\/fr\/wp-json\/wp\/v2\/pages\/4082"}],"collection":[{"href":"https:\/\/sr.oxyen.xyz\/fr\/wp-json\/wp\/v2\/pages"}],"about":[{"href":"https:\/\/sr.oxyen.xyz\/fr\/wp-json\/wp\/v2\/types\/page"}],"author":[{"embeddable":true,"href":"https:\/\/sr.oxyen.xyz\/fr\/wp-json\/wp\/v2\/users\/7"}],"replies":[{"embeddable":true,"href":"https:\/\/sr.oxyen.xyz\/fr\/wp-json\/wp\/v2\/comments?post=4082"}],"version-history":[{"count":11,"href":"https:\/\/sr.oxyen.xyz\/fr\/wp-json\/wp\/v2\/pages\/4082\/revisions"}],"predecessor-version":[{"id":4402,"href":"https:\/\/sr.oxyen.xyz\/fr\/wp-json\/wp\/v2\/pages\/4082\/revisions\/4402"}],"wp:attachment":[{"href":"https:\/\/sr.oxyen.xyz\/fr\/wp-json\/wp\/v2\/media?parent=4082"}],"curies":[{"name":"wp","href":"https:\/\/api.w.org\/{rel}","templated":true}]}}