{"id":2717,"date":"2021-11-23T14:51:24","date_gmt":"2021-11-23T14:51:24","guid":{"rendered":"https:\/\/sr.oxyen.xyz\/?post_type=product&#038;p=2717"},"modified":"2021-12-11T13:37:20","modified_gmt":"2021-12-11T13:37:20","slug":"schloss-addimat","status":"publish","type":"product","link":"https:\/\/sr.oxyen.xyz\/en\/shop\/periphery\/addimat-en\/schloss-addimat\/","title":{"rendered":"Schloss Addimat"},"content":{"rendered":"<p>Das beliebte Addimat Kellnerschloss ist bekannt f\u00fcr eine schnelle, einfache und sichere Benutzeridentifikation an jedem Kassensystem. Der magnetische Schl\u00fcssel rastet von selbst ein und initiiert die \u00dcbertragung der Identifikationsnummer, die f\u00fcr jeden Schl\u00fcssel einmalig ist und sich nicht manipulieren l\u00e4sst.<\/p>\n","protected":false},"excerpt":{"rendered":"<p>Schnelle und einfache Benutzeridentifikation Perfekt f\u00fcr Gastronomie und Einzelhandel Anschluss \u00fcber USB, inklusive Kabel<\/p>\n","protected":false},"featured_media":2722,"template":"","meta":{"_et_pb_use_builder":"","_et_pb_old_content":"","_et_gb_content_width":"","_links_to":"","_links_to_target":""},"product_cat":[250],"product_tag":[],"acf":[],"yoast_head":"<!-- This site is optimized with the Yoast SEO plugin v17.7.1 - https:\/\/yoast.com\/wordpress\/plugins\/seo\/ -->\n<title>Schloss Addimat - SR GmbH<\/title>\n<meta name=\"robots\" content=\"index, follow, max-snippet:-1, max-image-preview:large, max-video-preview:-1\" \/>\n<link rel=\"canonical\" href=\"https:\/\/sr.oxyen.xyz\/en\/shop\/periphery\/addimat-en\/schloss-addimat\/\" \/>\n<meta property=\"og:locale\" content=\"en_US\" \/>\n<meta property=\"og:type\" content=\"article\" \/>\n<meta property=\"og:title\" content=\"Schloss Addimat - SR GmbH\" \/>\n<meta property=\"og:description\" content=\"Schnelle und einfache Benutzeridentifikation Perfekt f\u00fcr Gastronomie und Einzelhandel Anschluss \u00fcber USB, inklusive Kabel\" \/>\n<meta property=\"og:url\" content=\"https:\/\/sr.oxyen.xyz\/en\/shop\/periphery\/addimat-en\/schloss-addimat\/\" \/>\n<meta property=\"og:site_name\" content=\"SR GmbH\" \/>\n<meta property=\"article:modified_time\" content=\"2021-12-11T13:37:20+00:00\" \/>\n<meta property=\"og:image\" content=\"https:\/\/sr.oxyen.xyz\/wp-content\/uploads\/2021\/11\/2042_addimat_kellnerschloss_usb-720.jpg\" \/>\n\t<meta property=\"og:image:width\" content=\"350\" \/>\n\t<meta property=\"og:image:height\" content=\"186\" \/>\n<meta name=\"twitter:card\" content=\"summary_large_image\" \/>\n<script type=\"application\/ld+json\" class=\"yoast-schema-graph\">{\"@context\":\"https:\/\/schema.org\",\"@graph\":[{\"@type\":\"WebSite\",\"@id\":\"https:\/\/sr.oxyen.xyz\/#website\",\"url\":\"https:\/\/sr.oxyen.xyz\/\",\"name\":\"SR GmbH\",\"description\":\"Just another WordPress site\",\"potentialAction\":[{\"@type\":\"SearchAction\",\"target\":{\"@type\":\"EntryPoint\",\"urlTemplate\":\"https:\/\/sr.oxyen.xyz\/?s={search_term_string}\"},\"query-input\":\"required name=search_term_string\"}],\"inLanguage\":\"en-US\"},{\"@type\":\"ImageObject\",\"@id\":\"https:\/\/sr.oxyen.xyz\/en\/shop\/periphery\/addimat-en\/schloss-addimat\/#primaryimage\",\"inLanguage\":\"en-US\",\"url\":\"https:\/\/sr.oxyen.xyz\/wp-content\/uploads\/2021\/11\/2042_addimat_kellnerschloss_usb-720.jpg\",\"contentUrl\":\"https:\/\/sr.oxyen.xyz\/wp-content\/uploads\/2021\/11\/2042_addimat_kellnerschloss_usb-720.jpg\",\"width\":350,\"height\":186},{\"@type\":\"WebPage\",\"@id\":\"https:\/\/sr.oxyen.xyz\/en\/shop\/periphery\/addimat-en\/schloss-addimat\/#webpage\",\"url\":\"https:\/\/sr.oxyen.xyz\/en\/shop\/periphery\/addimat-en\/schloss-addimat\/\",\"name\":\"Schloss Addimat - SR GmbH\",\"isPartOf\":{\"@id\":\"https:\/\/sr.oxyen.xyz\/#website\"},\"primaryImageOfPage\":{\"@id\":\"https:\/\/sr.oxyen.xyz\/en\/shop\/periphery\/addimat-en\/schloss-addimat\/#primaryimage\"},\"datePublished\":\"2021-11-23T14:51:24+00:00\",\"dateModified\":\"2021-12-11T13:37:20+00:00\",\"breadcrumb\":{\"@id\":\"https:\/\/sr.oxyen.xyz\/en\/shop\/periphery\/addimat-en\/schloss-addimat\/#breadcrumb\"},\"inLanguage\":\"en-US\",\"potentialAction\":[{\"@type\":\"ReadAction\",\"target\":[\"https:\/\/sr.oxyen.xyz\/en\/shop\/periphery\/addimat-en\/schloss-addimat\/\"]}]},{\"@type\":\"BreadcrumbList\",\"@id\":\"https:\/\/sr.oxyen.xyz\/en\/shop\/periphery\/addimat-en\/schloss-addimat\/#breadcrumb\",\"itemListElement\":[{\"@type\":\"ListItem\",\"position\":1,\"name\":\"Startseite\",\"item\":\"https:\/\/sr.oxyen.xyz\/en\/\"},{\"@type\":\"ListItem\",\"position\":2,\"name\":\"Shop\",\"item\":\"https:\/\/sr.oxyen.xyz\/en\/shop-2\/\"},{\"@type\":\"ListItem\",\"position\":3,\"name\":\"Schloss Addimat\"}]}]}<\/script>\n<!-- \/ Yoast SEO plugin. -->","yoast_head_json":{"title":"Schloss Addimat - SR GmbH","robots":{"index":"index","follow":"follow","max-snippet":"max-snippet:-1","max-image-preview":"max-image-preview:large","max-video-preview":"max-video-preview:-1"},"canonical":"https:\/\/sr.oxyen.xyz\/en\/shop\/periphery\/addimat-en\/schloss-addimat\/","og_locale":"en_US","og_type":"article","og_title":"Schloss Addimat - SR GmbH","og_description":"Schnelle und einfache Benutzeridentifikation Perfekt f\u00fcr Gastronomie und Einzelhandel Anschluss \u00fcber USB, inklusive Kabel","og_url":"https:\/\/sr.oxyen.xyz\/en\/shop\/periphery\/addimat-en\/schloss-addimat\/","og_site_name":"SR GmbH","article_modified_time":"2021-12-11T13:37:20+00:00","og_image":[{"width":350,"height":186,"url":"https:\/\/sr.oxyen.xyz\/wp-content\/uploads\/2021\/11\/2042_addimat_kellnerschloss_usb-720.jpg","type":"image\/jpeg"}],"twitter_card":"summary_large_image","schema":{"@context":"https:\/\/schema.org","@graph":[{"@type":"WebSite","@id":"https:\/\/sr.oxyen.xyz\/#website","url":"https:\/\/sr.oxyen.xyz\/","name":"SR GmbH","description":"Just another WordPress site","potentialAction":[{"@type":"SearchAction","target":{"@type":"EntryPoint","urlTemplate":"https:\/\/sr.oxyen.xyz\/?s={search_term_string}"},"query-input":"required name=search_term_string"}],"inLanguage":"en-US"},{"@type":"ImageObject","@id":"https:\/\/sr.oxyen.xyz\/en\/shop\/periphery\/addimat-en\/schloss-addimat\/#primaryimage","inLanguage":"en-US","url":"https:\/\/sr.oxyen.xyz\/wp-content\/uploads\/2021\/11\/2042_addimat_kellnerschloss_usb-720.jpg","contentUrl":"https:\/\/sr.oxyen.xyz\/wp-content\/uploads\/2021\/11\/2042_addimat_kellnerschloss_usb-720.jpg","width":350,"height":186},{"@type":"WebPage","@id":"https:\/\/sr.oxyen.xyz\/en\/shop\/periphery\/addimat-en\/schloss-addimat\/#webpage","url":"https:\/\/sr.oxyen.xyz\/en\/shop\/periphery\/addimat-en\/schloss-addimat\/","name":"Schloss Addimat - SR GmbH","isPartOf":{"@id":"https:\/\/sr.oxyen.xyz\/#website"},"primaryImageOfPage":{"@id":"https:\/\/sr.oxyen.xyz\/en\/shop\/periphery\/addimat-en\/schloss-addimat\/#primaryimage"},"datePublished":"2021-11-23T14:51:24+00:00","dateModified":"2021-12-11T13:37:20+00:00","breadcrumb":{"@id":"https:\/\/sr.oxyen.xyz\/en\/shop\/periphery\/addimat-en\/schloss-addimat\/#breadcrumb"},"inLanguage":"en-US","potentialAction":[{"@type":"ReadAction","target":["https:\/\/sr.oxyen.xyz\/en\/shop\/periphery\/addimat-en\/schloss-addimat\/"]}]},{"@type":"BreadcrumbList","@id":"https:\/\/sr.oxyen.xyz\/en\/shop\/periphery\/addimat-en\/schloss-addimat\/#breadcrumb","itemListElement":[{"@type":"ListItem","position":1,"name":"Startseite","item":"https:\/\/sr.oxyen.xyz\/en\/"},{"@type":"ListItem","position":2,"name":"Shop","item":"https:\/\/sr.oxyen.xyz\/en\/shop-2\/"},{"@type":"ListItem","position":3,"name":"Schloss Addimat"}]}]}},"_links":{"self":[{"href":"https:\/\/sr.oxyen.xyz\/en\/wp-json\/wp\/v2\/product\/2717"}],"collection":[{"href":"https:\/\/sr.oxyen.xyz\/en\/wp-json\/wp\/v2\/product"}],"about":[{"href":"https:\/\/sr.oxyen.xyz\/en\/wp-json\/wp\/v2\/types\/product"}],"wp:featuredmedia":[{"embeddable":true,"href":"https:\/\/sr.oxyen.xyz\/en\/wp-json\/wp\/v2\/media\/2722"}],"wp:attachment":[{"href":"https:\/\/sr.oxyen.xyz\/en\/wp-json\/wp\/v2\/media?parent=2717"}],"wp:term":[{"taxonomy":"product_cat","embeddable":true,"href":"https:\/\/sr.oxyen.xyz\/en\/wp-json\/wp\/v2\/product_cat?post=2717"},{"taxonomy":"product_tag","embeddable":true,"href":"https:\/\/sr.oxyen.xyz\/en\/wp-json\/wp\/v2\/product_tag?post=2717"}],"curies":[{"name":"wp","href":"https:\/\/api.w.org\/{rel}","templated":true}]}}